{"id":81860,"date":"2026-02-20T12:14:02","date_gmt":"2026-02-20T12:14:02","guid":{"rendered":"https:\/\/www.cm-evora.pt\/?page_id=81860"},"modified":"2026-04-07T10:26:23","modified_gmt":"2026-04-07T09:26:23","slug":"formulario-iniciativa-o-livro-da-minha-vida","status":"publish","type":"page","link":"https:\/\/www.cm-evora.pt\/en\/formulario-iniciativa-o-livro-da-minha-vida\/","title":{"rendered":"(Portugu\u00eas) Formul\u00e1rio Iniciativa &#8220;O Livro da Minha Vida&#8221; | Feira do Livro 2026 &#8211; 02 a 09 de maio"},"content":{"rendered":"<p class=\"qtranxs-available-languages-message qtranxs-available-languages-message-en\">Sorry, this entry is only available in <a href=\"https:\/\/www.cm-evora.pt\/pt\/wp-json\/wp\/v2\/pages\/81860\" class=\"qtranxs-available-language-link qtranxs-available-language-link-pt\" title=\"Portugu\u00eas\">Portugu\u00eas<\/a>.<\/p><p><\/p>\n<p style=\"text-align: center\"><a href=\"https:\/\/www.cm-evora.pt\/wp-content\/uploads\/2026\/04\/FLE_2026_livro-da-minha-vida-scaled.jpg\"><img loading=\"lazy\" decoding=\"async\" class=\"alignnone size-full wp-image-82778\" src=\"https:\/\/www.cm-evora.pt\/wp-content\/uploads\/2026\/04\/FLE_2026_livro-da-minha-vida-scaled.jpg\" alt=\"\" width=\"2560\" height=\"867\" srcset=\"https:\/\/www.cm-evora.pt\/wp-content\/uploads\/2026\/04\/FLE_2026_livro-da-minha-vida-scaled.jpg 2560w, https:\/\/www.cm-evora.pt\/wp-content\/uploads\/2026\/04\/FLE_2026_livro-da-minha-vida-300x102.jpg 300w, https:\/\/www.cm-evora.pt\/wp-content\/uploads\/2026\/04\/FLE_2026_livro-da-minha-vida-1024x347.jpg 1024w, https:\/\/www.cm-evora.pt\/wp-content\/uploads\/2026\/04\/FLE_2026_livro-da-minha-vida-768x260.jpg 768w, https:\/\/www.cm-evora.pt\/wp-content\/uploads\/2026\/04\/FLE_2026_livro-da-minha-vida-1536x520.jpg 1536w, https:\/\/www.cm-evora.pt\/wp-content\/uploads\/2026\/04\/FLE_2026_livro-da-minha-vida-2048x693.jpg 2048w, https:\/\/www.cm-evora.pt\/wp-content\/uploads\/2026\/04\/FLE_2026_livro-da-minha-vida-1920x650.jpg 1920w, https:\/\/www.cm-evora.pt\/wp-content\/uploads\/2026\/04\/FLE_2026_livro-da-minha-vida-1320x447.jpg 1320w\" sizes=\"auto, (max-width: 2560px) 100vw, 2560px\" \/><\/a><\/p>\n<p>Em contagem decrescente para a Capital Europeia da Cultura, em 2027, o Munic\u00edpio de \u00c9vora promove e acolhe eventos significativos que constroem esse caminho de afirma\u00e7\u00e3o de uma grande Capital Europeia ao Sul. Os livros e a literatura constituem parte fundamental dessa constru\u00e7\u00e3o.<\/p>\n<p>Como tal, a Feira do Livro de \u201926 procura aproximar autores, escritores e livreiros com o p\u00fablico. Para fortalecer essa liga\u00e7\u00e3o, cri\u00e1mos \u00a0\u201cO Livro da Minha Vida\u201d, iniciativa que constitui um primeiro passo na elabora\u00e7\u00e3o de um estudo de caracteriza\u00e7\u00e3o da literacia e h\u00e1bitos de leitura no Concelho. O resultado deste inqu\u00e9rito ser\u00e1 alvo de tratamento por parte dos servi\u00e7os municipais e apresentado no decurso da Feira do Livro.<\/p>\n<p>Desta forma, convidamo-lo a preencher este breve formul\u00e1rio.<\/p>\n<p>Agradecemos a sua imprescind\u00edvel colabora\u00e7\u00e3o para o sucesso deste projeto.<\/p>","protected":false},"excerpt":{"rendered":"<p>Sorry, this entry is only available in Portugu\u00eas. Em contagem decrescente para a Capital Europeia da Cultura, em 2027, o Munic\u00edpio de \u00c9vora promove e acolhe eventos significativos que constroem esse caminho de afirma\u00e7\u00e3o de uma grande Capital Europeia ao Sul. Os livros e a literatura constituem parte fundamental dessa constru\u00e7\u00e3o. Como tal, a Feira [&hellip;]<\/p>\n","protected":false},"author":45,"featured_media":0,"parent":0,"menu_order":26,"comment_status":"closed","ping_status":"closed","template":"templates-map\/component-form-layout1.php","meta":{"_acf_changed":false,"footnotes":""},"categories":[],"class_list":["post-81860","page","type-page","status-publish","hentry"],"acf":[],"_links":{"self":[{"href":"https:\/\/www.cm-evora.pt\/en\/wp-json\/wp\/v2\/pages\/81860","targetHints":{"allow":["GET"]}}],"collection":[{"href":"https:\/\/www.cm-evora.pt\/en\/wp-json\/wp\/v2\/pages"}],"about":[{"href":"https:\/\/www.cm-evora.pt\/en\/wp-json\/wp\/v2\/types\/page"}],"author":[{"embeddable":true,"href":"https:\/\/www.cm-evora.pt\/en\/wp-json\/wp\/v2\/users\/45"}],"replies":[{"embeddable":true,"href":"https:\/\/www.cm-evora.pt\/en\/wp-json\/wp\/v2\/comments?post=81860"}],"version-history":[{"count":10,"href":"https:\/\/www.cm-evora.pt\/en\/wp-json\/wp\/v2\/pages\/81860\/revisions"}],"predecessor-version":[{"id":82779,"href":"https:\/\/www.cm-evora.pt\/en\/wp-json\/wp\/v2\/pages\/81860\/revisions\/82779"}],"wp:attachment":[{"href":"https:\/\/www.cm-evora.pt\/en\/wp-json\/wp\/v2\/media?parent=81860"}],"wp:term":[{"taxonomy":"category","embeddable":true,"href":"https:\/\/www.cm-evora.pt\/en\/wp-json\/wp\/v2\/categories?post=81860"}],"curies":[{"name":"wp","href":"https:\/\/api.w.org\/{rel}","templated":true}]}}