{"id":8187,"date":"2020-06-19T10:28:04","date_gmt":"2020-06-19T09:28:04","guid":{"rendered":"https:\/\/evora2.int.skilltech.pt\/susProjects\/wp_evora2_suite\/?page_id=8187"},"modified":"2024-05-08T14:08:18","modified_gmt":"2024-05-08T13:08:18","slug":"mais-informacao","status":"publish","type":"page","link":"https:\/\/www.cm-evora.pt\/en\/investidor\/infraestruturas\/evoratech\/mais-informacao\/","title":{"rendered":"Mais Informa\u00e7\u00e3o"},"content":{"rendered":"<p class=\"qtranxs-available-languages-message qtranxs-available-languages-message-en\">Sorry, this entry is only available in <a href=\"https:\/\/www.cm-evora.pt\/pt\/wp-json\/wp\/v2\/pages\/8187\" class=\"qtranxs-available-language-link qtranxs-available-language-link-pt\" title=\"Portugu\u00eas\">Portugu\u00eas<\/a>.<\/p><p><\/p>\n\n\t\t<style type=\"text\/css\">\n\t\t\t#gallery-1 {\n\t\t\t\tmargin: auto;\n\t\t\t}\n\t\t\t#gallery-1 .gallery-item {\n\t\t\t\tfloat: left;\n\t\t\t\tmargin-top: 10px;\n\t\t\t\ttext-align: center;\n\t\t\t\twidth: 50%;\n\t\t\t}\n\t\t\t#gallery-1 img {\n\t\t\t\tborder: 2px solid #cfcfcf;\n\t\t\t}\n\t\t\t#gallery-1 .gallery-caption {\n\t\t\t\tmargin-left: 0;\n\t\t\t}\n\t\t\t\/* see gallery_shortcode() in wp-includes\/media.php *\/\n\t\t<\/style>\n\t\t<div id='gallery-1' class='gallery galleryid-8187 gallery-columns-2 gallery-size-full'><dl class='gallery-item'>\n\t\t\t<dt class='gallery-icon landscape'>\n\t\t\t\t<a href='https:\/\/www.cm-evora.pt\/wp-content\/uploads\/2021\/01\/evoratech3.jpg'><img loading=\"lazy\" decoding=\"async\" width=\"639\" height=\"362\" src=\"https:\/\/www.cm-evora.pt\/wp-content\/uploads\/2021\/01\/evoratech3.jpg\" class=\"attachment-full size-full\" alt=\"\" srcset=\"https:\/\/www.cm-evora.pt\/wp-content\/uploads\/2021\/01\/evoratech3.jpg 639w, https:\/\/www.cm-evora.pt\/wp-content\/uploads\/2021\/01\/evoratech3-300x170.jpg 300w\" sizes=\"auto, (max-width: 639px) 100vw, 639px\" \/><\/a>\n\t\t\t<\/dt><\/dl><dl class='gallery-item'>\n\t\t\t<dt class='gallery-icon landscape'>\n\t\t\t\t<a href='https:\/\/www.cm-evora.pt\/wp-content\/uploads\/2021\/01\/evoratech4.jpg'><img loading=\"lazy\" decoding=\"async\" width=\"639\" height=\"362\" src=\"https:\/\/www.cm-evora.pt\/wp-content\/uploads\/2021\/01\/evoratech4.jpg\" class=\"attachment-full size-full\" alt=\"\" srcset=\"https:\/\/www.cm-evora.pt\/wp-content\/uploads\/2021\/01\/evoratech4.jpg 639w, https:\/\/www.cm-evora.pt\/wp-content\/uploads\/2021\/01\/evoratech4-300x170.jpg 300w\" sizes=\"auto, (max-width: 639px) 100vw, 639px\" \/><\/a>\n\t\t\t<\/dt><\/dl><br style=\"clear: both\" \/>\n\t\t<\/div>\n\n<p>Para obter mais informa\u00e7\u00f5es:<\/p>\n<ul>\n<li style=\"list-style-type: none\">\n<ul>\n<li><u>Contacto Telef\u00f3nico<\/u>: <a href=\"tel:+351266769150\" target=\"_blank\" rel=\"noopener\">+351 266 769 150<\/a> \u00abChamada para a rede fixa nacional\u00bb<\/li>\n<li><u>Email<\/u>: <a href=\"mailto:geral@adral.pt\" target=\"_blank\" rel=\"noopener\">geral@adral.pt<\/a> e <a href=\"mailto:cme.dde@cm-evora.pt\" target=\"_blank\" rel=\"noopener\">cme.dde@cm-evora.pt<\/a><\/li>\n<\/ul>\n<\/li>\n<\/ul>\n<p>Para mais informa\u00e7\u00f5es sobre o \u00c9voraTech, por favor consulte:<\/p>\n<p><\/p>","protected":false},"excerpt":{"rendered":"<p>Sorry, this entry is only available in Portugu\u00eas. Para obter mais informa\u00e7\u00f5es: Contacto Telef\u00f3nico: +351 266 769 150 \u00abChamada para a rede fixa nacional\u00bb Email: geral@adral.pt e cme.dde@cm-evora.pt Para mais informa\u00e7\u00f5es sobre o \u00c9voraTech, por favor consulte:<\/p>\n","protected":false},"author":1,"featured_media":8150,"parent":2869,"menu_order":4,"comment_status":"closed","ping_status":"closed","template":"templates-map\/component-text-layout1.php","meta":{"_acf_changed":false,"footnotes":""},"categories":[],"class_list":["post-8187","page","type-page","status-publish","has-post-thumbnail","hentry"],"acf":{"imagens":[18654],"titulo_docs_seccao":"","documentos":[8151,8155,20372,8153]},"_links":{"self":[{"href":"https:\/\/www.cm-evora.pt\/en\/wp-json\/wp\/v2\/pages\/8187","targetHints":{"allow":["GET"]}}],"collection":[{"href":"https:\/\/www.cm-evora.pt\/en\/wp-json\/wp\/v2\/pages"}],"about":[{"href":"https:\/\/www.cm-evora.pt\/en\/wp-json\/wp\/v2\/types\/page"}],"author":[{"embeddable":true,"href":"https:\/\/www.cm-evora.pt\/en\/wp-json\/wp\/v2\/users\/1"}],"replies":[{"embeddable":true,"href":"https:\/\/www.cm-evora.pt\/en\/wp-json\/wp\/v2\/comments?post=8187"}],"version-history":[{"count":7,"href":"https:\/\/www.cm-evora.pt\/en\/wp-json\/wp\/v2\/pages\/8187\/revisions"}],"predecessor-version":[{"id":61450,"href":"https:\/\/www.cm-evora.pt\/en\/wp-json\/wp\/v2\/pages\/8187\/revisions\/61450"}],"up":[{"embeddable":true,"href":"https:\/\/www.cm-evora.pt\/en\/wp-json\/wp\/v2\/pages\/2869"}],"acf:post":[{"embeddable":true,"href":"https:\/\/www.cm-evora.pt\/en\/wp-json\/wp\/v2\/listas_ficheiros\/8153"},{"embeddable":true,"href":"https:\/\/www.cm-evora.pt\/en\/wp-json\/wp\/v2\/listas_ficheiros\/20372"},{"embeddable":true,"href":"https:\/\/www.cm-evora.pt\/en\/wp-json\/wp\/v2\/listas_ficheiros\/8155"},{"embeddable":true,"href":"https:\/\/www.cm-evora.pt\/en\/wp-json\/wp\/v2\/listas_ficheiros\/8151"}],"acf:attachment":[{"embeddable":true,"href":"https:\/\/www.cm-evora.pt\/en\/wp-json\/wp\/v2\/media\/18654"}],"wp:featuredmedia":[{"embeddable":true,"href":"https:\/\/www.cm-evora.pt\/en\/wp-json\/wp\/v2\/media\/8150"}],"wp:attachment":[{"href":"https:\/\/www.cm-evora.pt\/en\/wp-json\/wp\/v2\/media?parent=8187"}],"wp:term":[{"taxonomy":"category","embeddable":true,"href":"https:\/\/www.cm-evora.pt\/en\/wp-json\/wp\/v2\/categories?post=8187"}],"curies":[{"name":"wp","href":"https:\/\/api.w.org\/{rel}","templated":true}]}}