{"id":8189,"date":"2020-06-19T10:28:21","date_gmt":"2020-06-19T09:28:21","guid":{"rendered":"https:\/\/evora2.int.skilltech.pt\/susProjects\/wp_evora2_suite\/?page_id=8189"},"modified":"2024-05-08T11:41:14","modified_gmt":"2024-05-08T10:41:14","slug":"dialogue-cafe","status":"publish","type":"page","link":"https:\/\/www.cm-evora.pt\/en\/investidor\/infraestruturas\/evoratech\/dialogue-cafe\/","title":{"rendered":"Dialogue Caf\u00e9"},"content":{"rendered":"<p class=\"qtranxs-available-languages-message qtranxs-available-languages-message-en\">Sorry, this entry is only available in <a href=\"https:\/\/www.cm-evora.pt\/pt\/wp-json\/wp\/v2\/pages\/8189\" class=\"qtranxs-available-language-link qtranxs-available-language-link-pt\" title=\"Portugu\u00eas\">Portugu\u00eas<\/a>.<\/p><p><\/p>\n<p><strong>DIALOGUE CAF\u00c9 NO EVORATECH<\/strong><\/p>\n<p><strong>inaugurado dia 14 de abril<\/strong><\/p>\n<p>Dialogue Caf\u00e9 \u00e9 uma iniciativa global sem fins lucrativos que possibilita conversas face-a-face entre os diversos grupos de pessoas de todo o mundo para que eles possam compartilhar experi\u00eancias, aprender uns com os outros e trabalhar juntos para fazer do mundo um lugar melhor.<\/p>\n<p>&nbsp;<\/p>\n<p>Esta \u00e9 a primeira rede de videoconfer\u00eancia p\u00fablica do mundo especificamente para a sociedade civil \u2013 para organiza\u00e7\u00f5es sociais, educacionais e culturais.<\/p>\n<p>&nbsp;<\/p>\n<p>Dialogue Caf\u00e9s s\u00e3o espa\u00e7os f\u00edsicos com acesso \u00e0 tecnologia de videoconfer\u00eancia e conectados atrav\u00e9s de uma plataforma global de tecnologia para permitir di\u00e1logos abertos entre cidades bem como participa\u00e7\u00e3o em atividades. Dialogue Caf\u00e9s s\u00e3o abertas a grupos da sociedade civil e organiza\u00e7\u00f5es com uma miss\u00e3o social, ambiental, educacional ou cultural \u2013 incluindo funda\u00e7\u00f5es, associa\u00e7\u00f5es, ONGs, grupos comunit\u00e1rios, universidades, escolas, empresas sociais, organismos p\u00fablicos e ag\u00eancias.<\/p>\n<p><\/p>","protected":false},"excerpt":{"rendered":"<p>Sorry, this entry is only available in Portugu\u00eas. DIALOGUE CAF\u00c9 NO EVORATECH inaugurado dia 14 de abril Dialogue Caf\u00e9 \u00e9 uma iniciativa global sem fins lucrativos que possibilita conversas face-a-face entre os diversos grupos de pessoas de todo o mundo para que eles possam compartilhar experi\u00eancias, aprender uns com os outros e trabalhar juntos para [&hellip;]<\/p>\n","protected":false},"author":1,"featured_media":8148,"parent":2869,"menu_order":3,"comment_status":"closed","ping_status":"closed","template":"templates-map\/component-text-layout1.php","meta":{"_acf_changed":false,"footnotes":""},"categories":[],"class_list":["post-8189","page","type-page","status-publish","has-post-thumbnail","hentry"],"acf":{"imagens":[18651],"titulo_docs_seccao":"","documentos":""},"_links":{"self":[{"href":"https:\/\/www.cm-evora.pt\/en\/wp-json\/wp\/v2\/pages\/8189","targetHints":{"allow":["GET"]}}],"collection":[{"href":"https:\/\/www.cm-evora.pt\/en\/wp-json\/wp\/v2\/pages"}],"about":[{"href":"https:\/\/www.cm-evora.pt\/en\/wp-json\/wp\/v2\/types\/page"}],"author":[{"embeddable":true,"href":"https:\/\/www.cm-evora.pt\/en\/wp-json\/wp\/v2\/users\/1"}],"replies":[{"embeddable":true,"href":"https:\/\/www.cm-evora.pt\/en\/wp-json\/wp\/v2\/comments?post=8189"}],"version-history":[{"count":7,"href":"https:\/\/www.cm-evora.pt\/en\/wp-json\/wp\/v2\/pages\/8189\/revisions"}],"predecessor-version":[{"id":61443,"href":"https:\/\/www.cm-evora.pt\/en\/wp-json\/wp\/v2\/pages\/8189\/revisions\/61443"}],"up":[{"embeddable":true,"href":"https:\/\/www.cm-evora.pt\/en\/wp-json\/wp\/v2\/pages\/2869"}],"acf:attachment":[{"embeddable":true,"href":"https:\/\/www.cm-evora.pt\/en\/wp-json\/wp\/v2\/media\/18651"}],"wp:featuredmedia":[{"embeddable":true,"href":"https:\/\/www.cm-evora.pt\/en\/wp-json\/wp\/v2\/media\/8148"}],"wp:attachment":[{"href":"https:\/\/www.cm-evora.pt\/en\/wp-json\/wp\/v2\/media?parent=8189"}],"wp:term":[{"taxonomy":"category","embeddable":true,"href":"https:\/\/www.cm-evora.pt\/en\/wp-json\/wp\/v2\/categories?post=8189"}],"curies":[{"name":"wp","href":"https:\/\/api.w.org\/{rel}","templated":true}]}}