{"id":82448,"date":"2026-03-19T14:33:25","date_gmt":"2026-03-19T14:33:25","guid":{"rendered":"https:\/\/www.cm-evora.pt\/?page_id=82448"},"modified":"2026-03-19T14:50:43","modified_gmt":"2026-03-19T14:50:43","slug":"formulario-de-inscricao-conectar-atores-somar-recursos-transformar-o-territorio","status":"publish","type":"page","link":"https:\/\/www.cm-evora.pt\/en\/formulario-de-inscricao-conectar-atores-somar-recursos-transformar-o-territorio\/","title":{"rendered":"(Portugu\u00eas) Formul\u00e1rio de Inscri\u00e7\u00e3o &#8220;Conectar atores, somar recursos, transformar o territ\u00f3rio&#8221;"},"content":{"rendered":"<p class=\"qtranxs-available-languages-message qtranxs-available-languages-message-en\">Sorry, this entry is only available in <a href=\"https:\/\/www.cm-evora.pt\/pt\/wp-json\/wp\/v2\/pages\/82448\" class=\"qtranxs-available-language-link qtranxs-available-language-link-pt\" title=\"Portugu\u00eas\">Portugu\u00eas<\/a>.<\/p><p><\/p>\n<p style=\"text-align: center\"><img loading=\"lazy\" decoding=\"async\" class=\"alignnone wp-image-82460\" src=\"https:\/\/www.cm-evora.pt\/wp-content\/uploads\/2026\/03\/Logotipo_CLASE_2026_horizontal-1.png\" alt=\"\" width=\"589\" height=\"310\" srcset=\"https:\/\/www.cm-evora.pt\/wp-content\/uploads\/2026\/03\/Logotipo_CLASE_2026_horizontal-1.png 1789w, https:\/\/www.cm-evora.pt\/wp-content\/uploads\/2026\/03\/Logotipo_CLASE_2026_horizontal-1-300x158.png 300w, https:\/\/www.cm-evora.pt\/wp-content\/uploads\/2026\/03\/Logotipo_CLASE_2026_horizontal-1-1024x539.png 1024w, https:\/\/www.cm-evora.pt\/wp-content\/uploads\/2026\/03\/Logotipo_CLASE_2026_horizontal-1-768x404.png 768w, https:\/\/www.cm-evora.pt\/wp-content\/uploads\/2026\/03\/Logotipo_CLASE_2026_horizontal-1-1536x808.png 1536w, https:\/\/www.cm-evora.pt\/wp-content\/uploads\/2026\/03\/Logotipo_CLASE_2026_horizontal-1-1320x694.png 1320w\" sizes=\"auto, (max-width: 589px) 100vw, 589px\" \/><\/p>\n<h2 style=\"text-align: center\"><strong>Reuni\u00e3o de apresenta\u00e7\u00e3o de projetos e recursos locais<\/strong><\/h2>\n<p>&nbsp;<\/p>\n<p><span style=\"text-decoration: underline\">Data<\/span>: 21 de abril de 2026<\/p>\n<p><span style=\"text-decoration: underline\">Hor\u00e1rio<\/span>: 14h30<\/p>\n<p><span style=\"text-decoration: underline\">Local<\/span>: Sal\u00e3o Nobre dos Pa\u00e7os do Concelho<\/p>\n<p>&nbsp;<\/p>\n<p>Solicita-se inscri\u00e7\u00e3o at\u00e9 ao dia 13 de abril atrav\u00e9s deste formul\u00e1rio.<\/p>","protected":false},"excerpt":{"rendered":"<p>Sorry, this entry is only available in Portugu\u00eas. Reuni\u00e3o de apresenta\u00e7\u00e3o de projetos e recursos locais &nbsp; Data: 21 de abril de 2026 Hor\u00e1rio: 14h30 Local: Sal\u00e3o Nobre dos Pa\u00e7os do Concelho &nbsp; Solicita-se inscri\u00e7\u00e3o at\u00e9 ao dia 13 de abril atrav\u00e9s deste formul\u00e1rio.<\/p>\n","protected":false},"author":45,"featured_media":0,"parent":0,"menu_order":27,"comment_status":"closed","ping_status":"closed","template":"templates-map\/component-form-layout1.php","meta":{"_acf_changed":false,"footnotes":""},"categories":[],"class_list":["post-82448","page","type-page","status-publish","hentry"],"acf":[],"_links":{"self":[{"href":"https:\/\/www.cm-evora.pt\/en\/wp-json\/wp\/v2\/pages\/82448","targetHints":{"allow":["GET"]}}],"collection":[{"href":"https:\/\/www.cm-evora.pt\/en\/wp-json\/wp\/v2\/pages"}],"about":[{"href":"https:\/\/www.cm-evora.pt\/en\/wp-json\/wp\/v2\/types\/page"}],"author":[{"embeddable":true,"href":"https:\/\/www.cm-evora.pt\/en\/wp-json\/wp\/v2\/users\/45"}],"replies":[{"embeddable":true,"href":"https:\/\/www.cm-evora.pt\/en\/wp-json\/wp\/v2\/comments?post=82448"}],"version-history":[{"count":12,"href":"https:\/\/www.cm-evora.pt\/en\/wp-json\/wp\/v2\/pages\/82448\/revisions"}],"predecessor-version":[{"id":82462,"href":"https:\/\/www.cm-evora.pt\/en\/wp-json\/wp\/v2\/pages\/82448\/revisions\/82462"}],"wp:attachment":[{"href":"https:\/\/www.cm-evora.pt\/en\/wp-json\/wp\/v2\/media?parent=82448"}],"wp:term":[{"taxonomy":"category","embeddable":true,"href":"https:\/\/www.cm-evora.pt\/en\/wp-json\/wp\/v2\/categories?post=82448"}],"curies":[{"name":"wp","href":"https:\/\/api.w.org\/{rel}","templated":true}]}}