{"id":82969,"date":"2026-04-10T16:19:20","date_gmt":"2026-04-10T15:19:20","guid":{"rendered":"https:\/\/www.cm-evora.pt\/?page_id=82969"},"modified":"2026-04-10T16:33:56","modified_gmt":"2026-04-10T15:33:56","slug":"cromoneta","status":"publish","type":"page","link":"https:\/\/www.cm-evora.pt\/en\/cromoneta\/","title":{"rendered":"(Portugu\u00eas) Cromoneta"},"content":{"rendered":"<p class=\"qtranxs-available-languages-message qtranxs-available-languages-message-en\">Sorry, this entry is only available in <a href=\"https:\/\/www.cm-evora.pt\/pt\/wp-json\/wp\/v2\/pages\/82969\" class=\"qtranxs-available-language-link qtranxs-available-language-link-pt\" title=\"Portugu\u00eas\">Portugu\u00eas<\/a>.<\/p><p><\/p>\n<h2><strong>Cromoneta: \u00e0 descoberta da mem\u00f3ria, patrim\u00f3nio e identidade de \u00c9vora<\/strong><\/h2>\n<p><strong>Caminhada Cromoneta \u2013 Fam\u00edlias em Movimento<\/strong><\/p>\n<p>Esta\u00a0iniciativa visa promover a descoberta do patrim\u00f3nio local, incentivar a participa\u00e7\u00e3o ativa das fam\u00edlias e fortalecer os la\u00e7os comunit\u00e1rios atrav\u00e9s de uma experi\u00eancia din\u00e2mica e educativa.<\/p>\n<p>A atividade decorre em\u00a0v\u00e1rias freguesias do concelho de \u00c9vora, em diferentes datas e hor\u00e1rios, e com programas distintos. Tendo como ponto de partida a Sede da Junta de Freguesia, esta iniciativa inclui a Caminhada Cromoneta (jogo com pistas e desafios na freguesia),\u00a0e nalguns\u00a0casos, piquenique partilhado, visitas guiadas e participa\u00e7\u00e3o em jogos.<\/p>\n<p>&nbsp;<\/p>\n<p>Informa\u00e7\u00f5es importantes:<\/p>\n<p>&#8211; recomenda-se o uso de vestu\u00e1rio e cal\u00e7ado adequados, bem como prote\u00e7\u00e3o solar;<\/p>\n<p>&#8211; os participantes devem levar telem\u00f3vel ou tablet com acesso \u00e0 internet para realizarem o jogo<\/p>\n<p>&#8211; a comida pode ser deixada na Junta de Freguesia (ponto de encontro).<\/p>\n<p>&#8211; o preenchimento deste formul\u00e1rio \u00e9 <strong>obrigat\u00f3rio<\/strong> para garantir a sua participa\u00e7\u00e3o. As inscri\u00e7\u00f5es decorrer\u00e3o at\u00e9 1 semana antes da iniciativa se realizar.<\/p>\n<p>&nbsp;<\/p>\n<p><u>Para mais informa\u00e7\u00f5es consulte<\/u>:\u00a0<a href=\"https:\/\/www.cm-evora.pt\/municipe\/projetos-municipais\/pel-projeto-educativo-local\/recursos-educativos\/cromoneta\/\" target=\"_blank\">P\u00e1gina Oficial do Projeto<\/a><\/p>\n<p>&nbsp;<\/p>\n<p><strong>Inscri\u00e7\u00e3o\u00a0<\/strong><\/p>\n<p>Compreendi a inten\u00e7\u00e3o dos dados contidos nesta ficha de inscri\u00e7\u00e3o, forne\u00e7o os dados abaixo preenchidos de livre vontade, permitindo o uso destinado apenas \u00e0s iniciativas de responsabilidade municipal.<\/p>\n<p>As informa\u00e7\u00f5es fornecidas nesta inscri\u00e7\u00e3o s\u00e3o usadas exclusivamente para os servi\u00e7os prestados nesta iniciativa,\u00a0n\u00e3o sendo disponibilizados para outras finalidades ou terceiros. Ao usar esta inscri\u00e7\u00e3o concorda com a pol\u00edtica de prote\u00e7\u00e3o de dados, declara que leu a informa\u00e7\u00e3o e que est\u00e1 de acordo com o artigo 13 do Regulamento Geral Prote\u00e7\u00e3o de Dados.<\/p>","protected":false},"excerpt":{"rendered":"<p>Sorry, this entry is only available in Portugu\u00eas. Cromoneta: \u00e0 descoberta da mem\u00f3ria, patrim\u00f3nio e identidade de \u00c9vora Caminhada Cromoneta \u2013 Fam\u00edlias em Movimento Esta\u00a0iniciativa visa promover a descoberta do patrim\u00f3nio local, incentivar a participa\u00e7\u00e3o ativa das fam\u00edlias e fortalecer os la\u00e7os comunit\u00e1rios atrav\u00e9s de uma experi\u00eancia din\u00e2mica e educativa. A atividade decorre em\u00a0v\u00e1rias freguesias [&hellip;]<\/p>\n","protected":false},"author":71,"featured_media":0,"parent":0,"menu_order":0,"comment_status":"closed","ping_status":"closed","template":"templates-map\/component-form-layout1.php","meta":{"_acf_changed":false,"footnotes":""},"categories":[],"class_list":["post-82969","page","type-page","status-publish","hentry"],"acf":[],"_links":{"self":[{"href":"https:\/\/www.cm-evora.pt\/en\/wp-json\/wp\/v2\/pages\/82969","targetHints":{"allow":["GET"]}}],"collection":[{"href":"https:\/\/www.cm-evora.pt\/en\/wp-json\/wp\/v2\/pages"}],"about":[{"href":"https:\/\/www.cm-evora.pt\/en\/wp-json\/wp\/v2\/types\/page"}],"author":[{"embeddable":true,"href":"https:\/\/www.cm-evora.pt\/en\/wp-json\/wp\/v2\/users\/71"}],"replies":[{"embeddable":true,"href":"https:\/\/www.cm-evora.pt\/en\/wp-json\/wp\/v2\/comments?post=82969"}],"version-history":[{"count":3,"href":"https:\/\/www.cm-evora.pt\/en\/wp-json\/wp\/v2\/pages\/82969\/revisions"}],"predecessor-version":[{"id":82975,"href":"https:\/\/www.cm-evora.pt\/en\/wp-json\/wp\/v2\/pages\/82969\/revisions\/82975"}],"wp:attachment":[{"href":"https:\/\/www.cm-evora.pt\/en\/wp-json\/wp\/v2\/media?parent=82969"}],"wp:term":[{"taxonomy":"category","embeddable":true,"href":"https:\/\/www.cm-evora.pt\/en\/wp-json\/wp\/v2\/categories?post=82969"}],"curies":[{"name":"wp","href":"https:\/\/api.w.org\/{rel}","templated":true}]}}