{"id":83112,"date":"2026-04-14T16:24:33","date_gmt":"2026-04-14T15:24:33","guid":{"rendered":"https:\/\/www.cm-evora.pt\/?page_id=83112"},"modified":"2026-04-15T09:20:58","modified_gmt":"2026-04-15T08:20:58","slug":"feira-do-livro-de-evora-entrevista-a-escritores-e-oradores","status":"publish","type":"page","link":"https:\/\/www.cm-evora.pt\/en\/feira-do-livro-de-evora-entrevista-a-escritores-e-oradores\/","title":{"rendered":"(Portugu\u00eas) Feira do Livro de \u00c9vora | Entrevista a escritores e oradores"},"content":{"rendered":"<p class=\"qtranxs-available-languages-message qtranxs-available-languages-message-en\">Sorry, this entry is only available in <a href=\"https:\/\/www.cm-evora.pt\/pt\/wp-json\/wp\/v2\/pages\/83112\" class=\"qtranxs-available-language-link qtranxs-available-language-link-pt\" title=\"Portugu\u00eas\">Portugu\u00eas<\/a>.<\/p><p><\/p>\n<p style=\"text-align: center\"><a href=\"https:\/\/www.cm-evora.pt\/wp-content\/uploads\/2026\/03\/fl.jpg\"><img loading=\"lazy\" decoding=\"async\" class=\"alignnone size-full wp-image-82809\" src=\"https:\/\/www.cm-evora.pt\/wp-content\/uploads\/2026\/03\/fl.jpg\" alt=\"\" width=\"1921\" height=\"650\" srcset=\"https:\/\/www.cm-evora.pt\/wp-content\/uploads\/2026\/03\/fl.jpg 1921w, https:\/\/www.cm-evora.pt\/wp-content\/uploads\/2026\/03\/fl-300x102.jpg 300w, https:\/\/www.cm-evora.pt\/wp-content\/uploads\/2026\/03\/fl-1024x346.jpg 1024w, https:\/\/www.cm-evora.pt\/wp-content\/uploads\/2026\/03\/fl-768x260.jpg 768w, https:\/\/www.cm-evora.pt\/wp-content\/uploads\/2026\/03\/fl-1536x520.jpg 1536w, https:\/\/www.cm-evora.pt\/wp-content\/uploads\/2026\/03\/fl-1320x447.jpg 1320w\" sizes=\"auto, (max-width: 1921px) 100vw, 1921px\" \/><\/a><\/p>\n<p>&nbsp;<\/p>\n<p>A Feira do Livro de \u00c9vora conta com uma programa\u00e7\u00e3o cultural extensa na qual intervir\u00e3o v\u00e1rios autores, escritores e conferencistas que abordar\u00e3o tem\u00e1ticas distintas relativas \u00e0s suas respetivas \u00e1reas de saber e\/ou criatividade liter\u00e1ria.<\/p>\n<p>Gostar\u00edamos, no entanto, de poder construir uma vis\u00e3o dos mesmos em rela\u00e7\u00e3o \u00e0 Cidade de \u00c9vora no que concerne \u00e0 sua identidade e desafios futuros.<\/p>\n<p>Desta forma, apresentamos duas quest\u00f5es-padr\u00e3o para as quais solicitamos a sua resposta.<\/p>\n<p>&nbsp;<\/p>\n<p>Agradecemos a sua imprescind\u00edvel colabora\u00e7\u00e3o para o sucesso deste projeto.<\/p>","protected":false},"excerpt":{"rendered":"<p>Sorry, this entry is only available in Portugu\u00eas. &nbsp; A Feira do Livro de \u00c9vora conta com uma programa\u00e7\u00e3o cultural extensa na qual intervir\u00e3o v\u00e1rios autores, escritores e conferencistas que abordar\u00e3o tem\u00e1ticas distintas relativas \u00e0s suas respetivas \u00e1reas de saber e\/ou criatividade liter\u00e1ria. Gostar\u00edamos, no entanto, de poder construir uma vis\u00e3o dos mesmos em rela\u00e7\u00e3o [&hellip;]<\/p>\n","protected":false},"author":45,"featured_media":0,"parent":0,"menu_order":0,"comment_status":"closed","ping_status":"closed","template":"templates-map\/component-form-layout1.php","meta":{"_acf_changed":false,"footnotes":""},"categories":[],"class_list":["post-83112","page","type-page","status-publish","hentry"],"acf":[],"_links":{"self":[{"href":"https:\/\/www.cm-evora.pt\/en\/wp-json\/wp\/v2\/pages\/83112","targetHints":{"allow":["GET"]}}],"collection":[{"href":"https:\/\/www.cm-evora.pt\/en\/wp-json\/wp\/v2\/pages"}],"about":[{"href":"https:\/\/www.cm-evora.pt\/en\/wp-json\/wp\/v2\/types\/page"}],"author":[{"embeddable":true,"href":"https:\/\/www.cm-evora.pt\/en\/wp-json\/wp\/v2\/users\/45"}],"replies":[{"embeddable":true,"href":"https:\/\/www.cm-evora.pt\/en\/wp-json\/wp\/v2\/comments?post=83112"}],"version-history":[{"count":3,"href":"https:\/\/www.cm-evora.pt\/en\/wp-json\/wp\/v2\/pages\/83112\/revisions"}],"predecessor-version":[{"id":83119,"href":"https:\/\/www.cm-evora.pt\/en\/wp-json\/wp\/v2\/pages\/83112\/revisions\/83119"}],"wp:attachment":[{"href":"https:\/\/www.cm-evora.pt\/en\/wp-json\/wp\/v2\/media?parent=83112"}],"wp:term":[{"taxonomy":"category","embeddable":true,"href":"https:\/\/www.cm-evora.pt\/en\/wp-json\/wp\/v2\/categories?post=83112"}],"curies":[{"name":"wp","href":"https:\/\/api.w.org\/{rel}","templated":true}]}}