{"id":84489,"date":"2026-05-11T14:49:11","date_gmt":"2026-05-11T13:49:11","guid":{"rendered":"https:\/\/www.cm-evora.pt\/?page_id=84489"},"modified":"2026-05-11T14:50:39","modified_gmt":"2026-05-11T13:50:39","slug":"agenda-do-municipio-de-evora","status":"publish","type":"page","link":"https:\/\/www.cm-evora.pt\/en\/agenda-do-municipio-de-evora\/","title":{"rendered":"(Portugu\u00eas) Agenda do Munic\u00edpio de \u00c9vora"},"content":{"rendered":"","protected":false},"excerpt":{"rendered":"","protected":false},"author":71,"featured_media":0,"parent":0,"menu_order":0,"comment_status":"closed","ping_status":"closed","template":"templates-map\/component-form-layout1.php","meta":{"_acf_changed":false,"footnotes":""},"categories":[],"class_list":["post-84489","page","type-page","status-publish","hentry"],"acf":[],"_links":{"self":[{"href":"https:\/\/www.cm-evora.pt\/en\/wp-json\/wp\/v2\/pages\/84489","targetHints":{"allow":["GET"]}}],"collection":[{"href":"https:\/\/www.cm-evora.pt\/en\/wp-json\/wp\/v2\/pages"}],"about":[{"href":"https:\/\/www.cm-evora.pt\/en\/wp-json\/wp\/v2\/types\/page"}],"author":[{"embeddable":true,"href":"https:\/\/www.cm-evora.pt\/en\/wp-json\/wp\/v2\/users\/71"}],"replies":[{"embeddable":true,"href":"https:\/\/www.cm-evora.pt\/en\/wp-json\/wp\/v2\/comments?post=84489"}],"version-history":[{"count":1,"href":"https:\/\/www.cm-evora.pt\/en\/wp-json\/wp\/v2\/pages\/84489\/revisions"}],"predecessor-version":[{"id":84492,"href":"https:\/\/www.cm-evora.pt\/en\/wp-json\/wp\/v2\/pages\/84489\/revisions\/84492"}],"wp:attachment":[{"href":"https:\/\/www.cm-evora.pt\/en\/wp-json\/wp\/v2\/media?parent=84489"}],"wp:term":[{"taxonomy":"category","embeddable":true,"href":"https:\/\/www.cm-evora.pt\/en\/wp-json\/wp\/v2\/categories?post=84489"}],"curies":[{"name":"wp","href":"https:\/\/api.w.org\/{rel}","templated":true}]}}