{"id":8531,"date":"2020-06-23T15:20:24","date_gmt":"2020-06-23T14:20:24","guid":{"rendered":"https:\/\/evora2.int.skilltech.pt\/susProjects\/wp_evora2_suite\/?page_id=8531"},"modified":"2023-05-17T15:38:40","modified_gmt":"2023-05-17T14:38:40","slug":"parques-de-estacionamento","status":"publish","type":"page","link":"https:\/\/www.cm-evora.pt\/en\/municipe\/avisos-e-outras-informacoes\/parques-de-estacionamento\/","title":{"rendered":"Parques de Estacionamento"},"content":{"rendered":"<p><strong>Localiza\u00e7\u00e3o dos parques de estacionamento<\/strong><\/p>\n<p style=\"text-align: center\"><a href=\"https:\/\/www.cm-evora.pt\/wp-content\/uploads\/2020\/06\/parquesestacionamento.jpg\" target=\"_blank\" rel=\"noopener\"><img loading=\"lazy\" decoding=\"async\" class=\"alignnone wp-image-9135 size-full\" src=\"https:\/\/www.cm-evora.pt\/wp-content\/uploads\/2020\/06\/parquesestacionamento.jpg\" alt=\"\" width=\"639\" height=\"362\" srcset=\"https:\/\/www.cm-evora.pt\/wp-content\/uploads\/2020\/06\/parquesestacionamento.jpg 639w, https:\/\/www.cm-evora.pt\/wp-content\/uploads\/2020\/06\/parquesestacionamento-300x170.jpg 300w\" sizes=\"auto, (max-width: 639px) 100vw, 639px\" \/><\/a><\/p>\n<p>Aqui disponibilizamos\u00a0o mapa de localiza\u00e7\u00e3o\u00a0dos parques de estacionamento perif\u00e9ricos ao Centro Hist\u00f3rico de \u00c9vora.\u200b\u200b<\/p>\n","protected":false},"excerpt":{"rendered":"<p>Localiza\u00e7\u00e3o dos parques de estacionamento Aqui disponibilizamos\u00a0o mapa de localiza\u00e7\u00e3o\u00a0dos parques de estacionamento perif\u00e9ricos ao Centro Hist\u00f3rico de \u00c9vora.\u200b\u200b<\/p>\n","protected":false},"author":1,"featured_media":0,"parent":2266,"menu_order":4,"comment_status":"closed","ping_status":"closed","template":"templates-map\/component-file-gallery-layout1.php","meta":{"_acf_changed":false,"footnotes":""},"categories":[],"class_list":["post-8531","page","type-page","status-publish","hentry"],"acf":[],"_links":{"self":[{"href":"https:\/\/www.cm-evora.pt\/en\/wp-json\/wp\/v2\/pages\/8531","targetHints":{"allow":["GET"]}}],"collection":[{"href":"https:\/\/www.cm-evora.pt\/en\/wp-json\/wp\/v2\/pages"}],"about":[{"href":"https:\/\/www.cm-evora.pt\/en\/wp-json\/wp\/v2\/types\/page"}],"author":[{"embeddable":true,"href":"https:\/\/www.cm-evora.pt\/en\/wp-json\/wp\/v2\/users\/1"}],"replies":[{"embeddable":true,"href":"https:\/\/www.cm-evora.pt\/en\/wp-json\/wp\/v2\/comments?post=8531"}],"version-history":[{"count":7,"href":"https:\/\/www.cm-evora.pt\/en\/wp-json\/wp\/v2\/pages\/8531\/revisions"}],"predecessor-version":[{"id":49276,"href":"https:\/\/www.cm-evora.pt\/en\/wp-json\/wp\/v2\/pages\/8531\/revisions\/49276"}],"up":[{"embeddable":true,"href":"https:\/\/www.cm-evora.pt\/en\/wp-json\/wp\/v2\/pages\/2266"}],"wp:attachment":[{"href":"https:\/\/www.cm-evora.pt\/en\/wp-json\/wp\/v2\/media?parent=8531"}],"wp:term":[{"taxonomy":"category","embeddable":true,"href":"https:\/\/www.cm-evora.pt\/en\/wp-json\/wp\/v2\/categories?post=8531"}],"curies":[{"name":"wp","href":"https:\/\/api.w.org\/{rel}","templated":true}]}}