{"id":8533,"date":"2020-06-23T15:20:49","date_gmt":"2020-06-23T14:20:49","guid":{"rendered":"https:\/\/evora2.int.skilltech.pt\/susProjects\/wp_evora2_suite\/?page_id=8533"},"modified":"2023-05-17T15:38:19","modified_gmt":"2023-05-17T14:38:19","slug":"remocao-de-veiculos-da-via-publica","status":"publish","type":"page","link":"https:\/\/www.cm-evora.pt\/en\/municipe\/avisos-e-outras-informacoes\/remocao-de-veiculos-da-via-publica\/","title":{"rendered":"Remo\u00e7\u00e3o de Ve\u00edculos da Via P\u00fablica"},"content":{"rendered":"<p style=\"text-align: center\"><a href=\"https:\/\/www.cm-evora.pt\/wp-content\/uploads\/2020\/06\/carros.jpg\" target=\"_blank\" rel=\"noopener\"><img loading=\"lazy\" decoding=\"async\" class=\"alignnone wp-image-9175 size-full\" src=\"https:\/\/www.cm-evora.pt\/wp-content\/uploads\/2020\/06\/carros.jpg\" alt=\"\" width=\"639\" height=\"362\" srcset=\"https:\/\/www.cm-evora.pt\/wp-content\/uploads\/2020\/06\/carros.jpg 639w, https:\/\/www.cm-evora.pt\/wp-content\/uploads\/2020\/06\/carros-300x170.jpg 300w\" sizes=\"auto, (max-width: 639px) 100vw, 639px\" \/><\/a><\/p>\n<div><strong class=\"ms-rteThemeForeColor-4-5\">\u201cTenho um carro abandonado \u00e0 porta da minha casa. Quem devo contactar?\u201d<\/strong><\/div>\n<div><span class=\"ms-rteThemeForeColor-4-5\">Qualquer mun\u00edcipe que detete uma viatura em presum\u00edvel estado de abandono na via p\u00fablica pode denunciar a situa\u00e7\u00e3o \u00e0s autoridades competentes \u2013 C\u00e2mara e PSP &#8211; para resolu\u00e7\u00e3o do problema.<\/span><\/div>\n<div><span class=\"ms-rteThemeForeColor-4-5\">\u200b<\/span><\/div>\n<div>\n<div>\n<p><strong class=\"ms-rteThemeForeColor-4-5\">\u200bTaxas devidas pelo Bloqueamento, Remo\u00e7\u00e3o e Guarda de Ve\u00edculos<\/strong><\/p>\n<p><span class=\"ms-rteThemeForeColor-4-5\">De acordo com a Portaria n.\u00ba 1333-4F\/2010 de 31 de Dezembro, atualizados os valores pelo \u00edndice de pre\u00e7os ao consumidor.<\/span><\/p>\n<\/div>\n<div>\n<div><\/div>\n<\/div>\n<\/div>\n","protected":false},"excerpt":{"rendered":"<p>\u201cTenho um carro abandonado \u00e0 porta da minha casa. Quem devo contactar?\u201d Qualquer mun\u00edcipe que detete uma viatura em presum\u00edvel estado de abandono na via p\u00fablica pode denunciar a situa\u00e7\u00e3o \u00e0s autoridades competentes \u2013 C\u00e2mara e PSP &#8211; para resolu\u00e7\u00e3o do problema. \u200b \u200bTaxas devidas pelo Bloqueamento, Remo\u00e7\u00e3o e Guarda de Ve\u00edculos De acordo com [&hellip;]<\/p>\n","protected":false},"author":1,"featured_media":0,"parent":2266,"menu_order":5,"comment_status":"closed","ping_status":"closed","template":"templates-map\/component-text-list-layout1.php","meta":{"_acf_changed":false,"footnotes":""},"categories":[],"class_list":["post-8533","page","type-page","status-publish","hentry"],"acf":[],"_links":{"self":[{"href":"https:\/\/www.cm-evora.pt\/en\/wp-json\/wp\/v2\/pages\/8533","targetHints":{"allow":["GET"]}}],"collection":[{"href":"https:\/\/www.cm-evora.pt\/en\/wp-json\/wp\/v2\/pages"}],"about":[{"href":"https:\/\/www.cm-evora.pt\/en\/wp-json\/wp\/v2\/types\/page"}],"author":[{"embeddable":true,"href":"https:\/\/www.cm-evora.pt\/en\/wp-json\/wp\/v2\/users\/1"}],"replies":[{"embeddable":true,"href":"https:\/\/www.cm-evora.pt\/en\/wp-json\/wp\/v2\/comments?post=8533"}],"version-history":[{"count":13,"href":"https:\/\/www.cm-evora.pt\/en\/wp-json\/wp\/v2\/pages\/8533\/revisions"}],"predecessor-version":[{"id":49274,"href":"https:\/\/www.cm-evora.pt\/en\/wp-json\/wp\/v2\/pages\/8533\/revisions\/49274"}],"up":[{"embeddable":true,"href":"https:\/\/www.cm-evora.pt\/en\/wp-json\/wp\/v2\/pages\/2266"}],"wp:attachment":[{"href":"https:\/\/www.cm-evora.pt\/en\/wp-json\/wp\/v2\/media?parent=8533"}],"wp:term":[{"taxonomy":"category","embeddable":true,"href":"https:\/\/www.cm-evora.pt\/en\/wp-json\/wp\/v2\/categories?post=8533"}],"curies":[{"name":"wp","href":"https:\/\/api.w.org\/{rel}","templated":true}]}}