{"id":8707,"date":"2020-06-25T12:27:00","date_gmt":"2020-06-25T11:27:00","guid":{"rendered":"https:\/\/evora2.int.skilltech.pt\/susProjects\/wp_evora2_suite\/?page_id=8707"},"modified":"2023-03-08T15:48:17","modified_gmt":"2023-03-08T15:48:17","slug":"mapa-interativo-distrital","status":"archive","type":"page","link":"https:\/\/www.cm-evora.pt\/en\/servicos\/servicos-online\/sig-sistema-de-informacao-geografica\/mapa-interativo-distrital\/","title":{"rendered":"(Portugu\u00eas) Archived: Mapa Interativo Distrital"},"content":{"rendered":"<p class=\"qtranxs-available-languages-message qtranxs-available-languages-message-en\">Sorry, this entry is only available in <a href=\"https:\/\/www.cm-evora.pt\/pt\/wp-json\/wp\/v2\/pages\/8707\" class=\"qtranxs-available-language-link qtranxs-available-language-link-pt\" title=\"Portugu\u00eas\">Portugu\u00eas<\/a>.<\/p><p><\/p>\n<div style=\"text-align: center\"><a href=\"https:\/\/www.cm-evora.pt\/wp-content\/uploads\/2021\/01\/mapadistrito639.jpg\"><img loading=\"lazy\" decoding=\"async\" class=\"alignnone size-full wp-image-18734\" src=\"https:\/\/www.cm-evora.pt\/wp-content\/uploads\/2021\/01\/mapadistrito639.jpg\" alt=\"\" width=\"639\" height=\"362\" srcset=\"https:\/\/www.cm-evora.pt\/wp-content\/uploads\/2021\/01\/mapadistrito639.jpg 639w, https:\/\/www.cm-evora.pt\/wp-content\/uploads\/2021\/01\/mapadistrito639-300x170.jpg 300w\" sizes=\"auto, (max-width: 639px) 100vw, 639px\" \/><\/a><\/div>\n<div>Desenvolvido pela CIMAC, com o apoio e participa\u00e7\u00e3o dos munic\u00edpios do distrito de \u00c9vora, o Portal caminhos de \u00c9vora \u00e9 um servi\u00e7o webgis que oferece informa\u00e7\u00e3o territorial diversa com interesse para os cidad\u00e3os em geral.<\/div>\n<div>\u00a0\u200b<\/div>\n<div>Os utilizadores t\u00eam ao seu dispor informa\u00e7\u00e3o que se divide em 4 grupos:<\/div>\n<ul>\n<li>Informa\u00e7\u00e3o de base;<\/li>\n<li>Pontos de interesse;<\/li>\n<li>Conte\u00fados georeferenciados;<\/li>\n<li>Percursos.<\/li>\n<\/ul>\n<div><\/div>\n<div>Para consultar este portal, clique:<\/div>\n<p><\/p>","protected":false},"excerpt":{"rendered":"<p>Sorry, this entry is only available in Portugu\u00eas. Desenvolvido pela CIMAC, com o apoio e participa\u00e7\u00e3o dos munic\u00edpios do distrito de \u00c9vora, o Portal caminhos de \u00c9vora \u00e9 um servi\u00e7o webgis que oferece informa\u00e7\u00e3o territorial diversa com interesse para os cidad\u00e3os em geral. \u00a0\u200b Os utilizadores t\u00eam ao seu dispor informa\u00e7\u00e3o que se divide em [&hellip;]<\/p>\n","protected":false},"author":1,"featured_media":8754,"parent":2964,"menu_order":2,"comment_status":"closed","ping_status":"closed","template":"templates-map\/component-text-layout1.php","meta":{"_acf_changed":false,"footnotes":""},"categories":[],"class_list":["post-8707","page","type-page","status-archive","has-post-thumbnail","hentry"],"acf":{"imagens":"","titulo_docs_seccao":"","documentos":""},"_links":{"self":[{"href":"https:\/\/www.cm-evora.pt\/en\/wp-json\/wp\/v2\/pages\/8707","targetHints":{"allow":["GET"]}}],"collection":[{"href":"https:\/\/www.cm-evora.pt\/en\/wp-json\/wp\/v2\/pages"}],"about":[{"href":"https:\/\/www.cm-evora.pt\/en\/wp-json\/wp\/v2\/types\/page"}],"author":[{"embeddable":true,"href":"https:\/\/www.cm-evora.pt\/en\/wp-json\/wp\/v2\/users\/1"}],"replies":[{"embeddable":true,"href":"https:\/\/www.cm-evora.pt\/en\/wp-json\/wp\/v2\/comments?post=8707"}],"version-history":[{"count":3,"href":"https:\/\/www.cm-evora.pt\/en\/wp-json\/wp\/v2\/pages\/8707\/revisions"}],"predecessor-version":[{"id":18735,"href":"https:\/\/www.cm-evora.pt\/en\/wp-json\/wp\/v2\/pages\/8707\/revisions\/18735"}],"up":[{"embeddable":true,"href":"https:\/\/www.cm-evora.pt\/en\/wp-json\/wp\/v2\/pages\/2964"}],"wp:featuredmedia":[{"embeddable":true,"href":"https:\/\/www.cm-evora.pt\/en\/wp-json\/wp\/v2\/media\/8754"}],"wp:attachment":[{"href":"https:\/\/www.cm-evora.pt\/en\/wp-json\/wp\/v2\/media?parent=8707"}],"wp:term":[{"taxonomy":"category","embeddable":true,"href":"https:\/\/www.cm-evora.pt\/en\/wp-json\/wp\/v2\/categories?post=8707"}],"curies":[{"name":"wp","href":"https:\/\/api.w.org\/{rel}","templated":true}]}}