{"id":8710,"date":"2020-06-25T12:27:19","date_gmt":"2020-06-25T11:27:19","guid":{"rendered":"https:\/\/evora2.int.skilltech.pt\/susProjects\/wp_evora2_suite\/?page_id=8710"},"modified":"2023-03-08T15:48:24","modified_gmt":"2023-03-08T15:48:24","slug":"planos-web","status":"archive","type":"page","link":"https:\/\/www.cm-evora.pt\/en\/servicos\/servicos-online\/sig-sistema-de-informacao-geografica\/planos-web\/","title":{"rendered":"(Portugu\u00eas) Archived: Planos web"},"content":{"rendered":"<p class=\"qtranxs-available-languages-message qtranxs-available-languages-message-en\">Sorry, this entry is only available in <a href=\"https:\/\/www.cm-evora.pt\/pt\/wp-json\/wp\/v2\/pages\/8710\" class=\"qtranxs-available-language-link qtranxs-available-language-link-pt\" title=\"Portugu\u00eas\">Portugu\u00eas<\/a>.<\/p><p><\/p>\n<div style=\"text-align: center\"><a href=\"https:\/\/www.cm-evora.pt\/wp-content\/uploads\/2021\/01\/mapasevora.jpg\"><img loading=\"lazy\" decoding=\"async\" class=\"alignnone size-full wp-image-18732\" src=\"https:\/\/www.cm-evora.pt\/wp-content\/uploads\/2021\/01\/mapasevora.jpg\" alt=\"\" width=\"639\" height=\"362\" srcset=\"https:\/\/www.cm-evora.pt\/wp-content\/uploads\/2021\/01\/mapasevora.jpg 639w, https:\/\/www.cm-evora.pt\/wp-content\/uploads\/2021\/01\/mapasevora-300x170.jpg 300w\" sizes=\"auto, (max-width: 639px) 100vw, 639px\" \/><\/a><\/div>\n<div><\/div>\n<div>\u200bDando resposta \u00e0 lei \u00a0n\u00ba 56\/2007, a plataforma PlanosWeb disponibiliza os elementos fundamentais dos planos munic\u00edpios de ordenamento do territ\u00f3rio.\u200b<\/div>\n<div>\u200b<\/div>\n<div>De forma simples e r\u00e1pida \u00e9 poss\u00edvel consultar os \u200brespectivos regulamentos e pe\u00e7as desenhadas do PDM e PUE em vigor\u200b\u200b\u00a0(por quest\u00f5es de compatibilidade aceda a esta p\u00e1gina utilizando o Internet Explorer).<\/div>\n<p><\/p>","protected":false},"excerpt":{"rendered":"<p>Sorry, this entry is only available in Portugu\u00eas. \u200bDando resposta \u00e0 lei \u00a0n\u00ba 56\/2007, a plataforma PlanosWeb disponibiliza os elementos fundamentais dos planos munic\u00edpios de ordenamento do territ\u00f3rio.\u200b \u200b De forma simples e r\u00e1pida \u00e9 poss\u00edvel consultar os \u200brespectivos regulamentos e pe\u00e7as desenhadas do PDM e PUE em vigor\u200b\u200b\u00a0(por quest\u00f5es de compatibilidade aceda a esta [&hellip;]<\/p>\n","protected":false},"author":1,"featured_media":8764,"parent":2964,"menu_order":1,"comment_status":"closed","ping_status":"closed","template":"templates-map\/component-text-layout1.php","meta":{"_acf_changed":false,"footnotes":""},"categories":[],"class_list":["post-8710","page","type-page","status-archive","has-post-thumbnail","hentry"],"acf":{"imagens":"","titulo_docs_seccao":"","documentos":""},"_links":{"self":[{"href":"https:\/\/www.cm-evora.pt\/en\/wp-json\/wp\/v2\/pages\/8710","targetHints":{"allow":["GET"]}}],"collection":[{"href":"https:\/\/www.cm-evora.pt\/en\/wp-json\/wp\/v2\/pages"}],"about":[{"href":"https:\/\/www.cm-evora.pt\/en\/wp-json\/wp\/v2\/types\/page"}],"author":[{"embeddable":true,"href":"https:\/\/www.cm-evora.pt\/en\/wp-json\/wp\/v2\/users\/1"}],"replies":[{"embeddable":true,"href":"https:\/\/www.cm-evora.pt\/en\/wp-json\/wp\/v2\/comments?post=8710"}],"version-history":[{"count":3,"href":"https:\/\/www.cm-evora.pt\/en\/wp-json\/wp\/v2\/pages\/8710\/revisions"}],"predecessor-version":[{"id":18733,"href":"https:\/\/www.cm-evora.pt\/en\/wp-json\/wp\/v2\/pages\/8710\/revisions\/18733"}],"up":[{"embeddable":true,"href":"https:\/\/www.cm-evora.pt\/en\/wp-json\/wp\/v2\/pages\/2964"}],"wp:featuredmedia":[{"embeddable":true,"href":"https:\/\/www.cm-evora.pt\/en\/wp-json\/wp\/v2\/media\/8764"}],"wp:attachment":[{"href":"https:\/\/www.cm-evora.pt\/en\/wp-json\/wp\/v2\/media?parent=8710"}],"wp:term":[{"taxonomy":"category","embeddable":true,"href":"https:\/\/www.cm-evora.pt\/en\/wp-json\/wp\/v2\/categories?post=8710"}],"curies":[{"name":"wp","href":"https:\/\/api.w.org\/{rel}","templated":true}]}}