{"id":8713,"date":"2020-06-25T12:27:39","date_gmt":"2020-06-25T11:27:39","guid":{"rendered":"https:\/\/evora2.int.skilltech.pt\/susProjects\/wp_evora2_suite\/?page_id=8713"},"modified":"2023-03-08T15:48:30","modified_gmt":"2023-03-08T15:48:30","slug":"o-que-e-o-sig","status":"archive","type":"page","link":"https:\/\/www.cm-evora.pt\/en\/servicos\/servicos-online\/sig-sistema-de-informacao-geografica\/o-que-e-o-sig\/","title":{"rendered":"(Portugu\u00eas) Archived: O que \u00e9 o SIG"},"content":{"rendered":"<p class=\"qtranxs-available-languages-message qtranxs-available-languages-message-en\">Sorry, this entry is only available in <a href=\"https:\/\/www.cm-evora.pt\/pt\/wp-json\/wp\/v2\/pages\/8713\" class=\"qtranxs-available-language-link qtranxs-available-language-link-pt\" title=\"Portugu\u00eas\">Portugu\u00eas<\/a>.<\/p><p><\/p>\n<h3 style=\"text-align: center\"><a href=\"https:\/\/www.cm-evora.pt\/wp-content\/uploads\/2021\/01\/globo639.jpg\"><img loading=\"lazy\" decoding=\"async\" class=\"alignnone size-full wp-image-18725\" src=\"https:\/\/www.cm-evora.pt\/wp-content\/uploads\/2021\/01\/globo639.jpg\" alt=\"\" width=\"639\" height=\"362\" srcset=\"https:\/\/www.cm-evora.pt\/wp-content\/uploads\/2021\/01\/globo639.jpg 639w, https:\/\/www.cm-evora.pt\/wp-content\/uploads\/2021\/01\/globo639-300x170.jpg 300w\" sizes=\"auto, (max-width: 639px) 100vw, 639px\" \/><\/a><\/h3>\n<h3>\u200bO que \u00e9 um Sistema de Informa\u00e7\u00e3o Geogr\u00e1fica?<\/h3>\n<div>&#8216;&#8230; um sistema de apoio \u00e0 decis\u00e3o que envolve a integra\u00e7\u00e3o de dados georeferenciados, num ambiente orientado para a resolu\u00e7\u00e3o de problemas.&#8217; (Cowan, 1988).<\/div>\n<div><\/div>\n<div>&#8216;&#8230; uma tecnologia de informa\u00e7\u00e3o que guarda, analisa e mostra dados espaciais e n\u00e3o espaciais.&#8217; (Parker, 1988).<\/div>\n<div><\/div>\n<div>&#8216;&#8230; um conjunto de procedimentos manuais ou computadorizados para guardar, manipular dados geogr\u00e1ficamente referenciados.&#8217; (Aronoff, 1989).<\/div>\n<div><\/div>\n<div><\/div>\n<h3>Contextualiza\u00e7\u00e3o dos Sistemas de Informa\u00e7\u00e3o Geogr\u00e1fica no Munic\u00edpio<\/h3>\n<div>\u200bAs r\u00e1pidas altera\u00e7\u00f5es que se verificam no territ\u00f3rio obrigam os munic\u00edpios a desenvolverem estrat\u00e9gias que visem o controlo e gest\u00e3o do espa\u00e7o da forma mais adequada. Os Sistemas de Informa\u00e7\u00e3o Geogr\u00e1fica (SIG), pelas caracter\u00edsticas que possuem, s\u00e3o hoje determinantes para um melhor conhecimento dos fen\u00f3menos que se verificam nas mais diversas esferas: econ\u00f3micas, sociais, culturais, populacionais, etc. A facilidade em articular informa\u00e7\u00e3o diversa\u200b sobre uma por\u00e7\u00e3o de territ\u00f3rio, tornam os SIG numa ferramenta fundamental para uma melhor tomada de decis\u00e3o.<\/div>\n<div><\/div>\n<div>Aproveitando as capacidades e vantagens dos SIG para a gest\u00e3o municipal a C\u00e2mara Municipal de \u00c9vora, come\u00e7a a utilizar a partir de 2000\u00a0os SIG para apoio na elabora\u00e7\u00e3o dos Planos Municipais de Ordenamento do Territ\u00f3rio.<\/div>\n<div><\/div>\n<div>Desde ent\u00e3o, os SIG t\u00eam servido de suporte para aplica\u00e7\u00f5es internas onde a localiza\u00e7\u00e3o, caracteriza\u00e7\u00e3o e interliga\u00e7\u00e3o de elementos s\u00e3o fundamentais para uma melhor gest\u00e3o dos recursos.<\/div>\n<p><\/p>","protected":false},"excerpt":{"rendered":"<p>Sorry, this entry is only available in Portugu\u00eas. \u200bO que \u00e9 um Sistema de Informa\u00e7\u00e3o Geogr\u00e1fica? &#8216;&#8230; um sistema de apoio \u00e0 decis\u00e3o que envolve a integra\u00e7\u00e3o de dados georeferenciados, num ambiente orientado para a resolu\u00e7\u00e3o de problemas.&#8217; (Cowan, 1988). &#8216;&#8230; uma tecnologia de informa\u00e7\u00e3o que guarda, analisa e mostra dados espaciais e n\u00e3o espaciais.&#8217; [&hellip;]<\/p>\n","protected":false},"author":1,"featured_media":8758,"parent":2964,"menu_order":0,"comment_status":"closed","ping_status":"closed","template":"templates-map\/component-text-layout1.php","meta":{"_acf_changed":false,"footnotes":""},"categories":[],"class_list":["post-8713","page","type-page","status-archive","has-post-thumbnail","hentry"],"acf":{"imagens":"","titulo_docs_seccao":"","documentos":""},"_links":{"self":[{"href":"https:\/\/www.cm-evora.pt\/en\/wp-json\/wp\/v2\/pages\/8713","targetHints":{"allow":["GET"]}}],"collection":[{"href":"https:\/\/www.cm-evora.pt\/en\/wp-json\/wp\/v2\/pages"}],"about":[{"href":"https:\/\/www.cm-evora.pt\/en\/wp-json\/wp\/v2\/types\/page"}],"author":[{"embeddable":true,"href":"https:\/\/www.cm-evora.pt\/en\/wp-json\/wp\/v2\/users\/1"}],"replies":[{"embeddable":true,"href":"https:\/\/www.cm-evora.pt\/en\/wp-json\/wp\/v2\/comments?post=8713"}],"version-history":[{"count":4,"href":"https:\/\/www.cm-evora.pt\/en\/wp-json\/wp\/v2\/pages\/8713\/revisions"}],"predecessor-version":[{"id":18726,"href":"https:\/\/www.cm-evora.pt\/en\/wp-json\/wp\/v2\/pages\/8713\/revisions\/18726"}],"up":[{"embeddable":true,"href":"https:\/\/www.cm-evora.pt\/en\/wp-json\/wp\/v2\/pages\/2964"}],"wp:featuredmedia":[{"embeddable":true,"href":"https:\/\/www.cm-evora.pt\/en\/wp-json\/wp\/v2\/media\/8758"}],"wp:attachment":[{"href":"https:\/\/www.cm-evora.pt\/en\/wp-json\/wp\/v2\/media?parent=8713"}],"wp:term":[{"taxonomy":"category","embeddable":true,"href":"https:\/\/www.cm-evora.pt\/en\/wp-json\/wp\/v2\/categories?post=8713"}],"curies":[{"name":"wp","href":"https:\/\/api.w.org\/{rel}","templated":true}]}}