{"id":887,"date":"2019-03-07T17:50:57","date_gmt":"2019-03-07T17:50:57","guid":{"rendered":"https:\/\/evora2.int.skilltech.pt\/susProjects\/wp_evora2_suite\/?page_id=887"},"modified":"2021-07-05T11:19:56","modified_gmt":"2021-07-05T10:19:56","slug":"lista-de-eventos","status":"publish","type":"page","link":"https:\/\/www.cm-evora.pt\/en\/municipe\/agenda-e-noticias\/agenda\/lista-de-eventos\/","title":{"rendered":"Lista de Eventos"},"content":{"rendered":"<p class=\"qtranxs-available-languages-message qtranxs-available-languages-message-en\">Sorry, this entry is only available in <a href=\"https:\/\/www.cm-evora.pt\/pt\/wp-json\/wp\/v2\/pages\/887\" class=\"qtranxs-available-language-link qtranxs-available-language-link-pt\" title=\"Portugu\u00eas\">Portugu\u00eas<\/a>.<\/p>\n<p><strong>Formul\u00e1rio de envio de informa\u00e7\u00e3o para a Agenda Cultural do Concelho<\/strong><\/p>\n<div class=\"w3-code notranslate htmlHigh\"><a href=\"http:\/\/aplic.cm-evora.pt\/agendacultural\/formulario.aspx\" target=\"_blank\" rel=\"noopener noreferrer\">http:\/\/aplic.cm-evora.pt\/agendacultural\/formulario.aspx<\/a><\/div>\n<p>&nbsp;<\/p>\n<p><strong>Formul\u00e1rio de envio de informa\u00e7\u00e3o para Agentes Desportivos do Concelho<\/strong><\/p>\n<p><a href=\"http:\/\/aplic.cm-evora.pt\/agendadesportiva\/formulario.aspx\" target=\"_blank\" rel=\"noopener noreferrer\">http:\/\/aplic.cm-evora.pt\/agendadesportiva\/formulario.aspx<\/a><\/p>\n","protected":false},"excerpt":{"rendered":"<p>Sorry, this entry is only available in Portugu\u00eas. Formul\u00e1rio de envio de informa\u00e7\u00e3o para a Agenda Cultural do Concelho http:\/\/aplic.cm-evora.pt\/agendacultural\/formulario.aspx &nbsp; Formul\u00e1rio de envio de informa\u00e7\u00e3o para Agentes Desportivos do Concelho http:\/\/aplic.cm-evora.pt\/agendadesportiva\/formulario.aspx<\/p>\n","protected":false},"author":1,"featured_media":0,"parent":1038,"menu_order":0,"comment_status":"closed","ping_status":"closed","template":"templates-map\/component-event-list-layout1.php","meta":{"_acf_changed":false,"footnotes":""},"categories":[2017,2018,2019],"class_list":["post-887","page","type-page","status-publish","hentry","category-cultural","category-desportiva","category-outros-eventos"],"acf":[],"_links":{"self":[{"href":"https:\/\/www.cm-evora.pt\/en\/wp-json\/wp\/v2\/pages\/887","targetHints":{"allow":["GET"]}}],"collection":[{"href":"https:\/\/www.cm-evora.pt\/en\/wp-json\/wp\/v2\/pages"}],"about":[{"href":"https:\/\/www.cm-evora.pt\/en\/wp-json\/wp\/v2\/types\/page"}],"author":[{"embeddable":true,"href":"https:\/\/www.cm-evora.pt\/en\/wp-json\/wp\/v2\/users\/1"}],"replies":[{"embeddable":true,"href":"https:\/\/www.cm-evora.pt\/en\/wp-json\/wp\/v2\/comments?post=887"}],"version-history":[{"count":25,"href":"https:\/\/www.cm-evora.pt\/en\/wp-json\/wp\/v2\/pages\/887\/revisions"}],"predecessor-version":[{"id":24296,"href":"https:\/\/www.cm-evora.pt\/en\/wp-json\/wp\/v2\/pages\/887\/revisions\/24296"}],"up":[{"embeddable":true,"href":"https:\/\/www.cm-evora.pt\/en\/wp-json\/wp\/v2\/pages\/1038"}],"wp:attachment":[{"href":"https:\/\/www.cm-evora.pt\/en\/wp-json\/wp\/v2\/media?parent=887"}],"wp:term":[{"taxonomy":"category","embeddable":true,"href":"https:\/\/www.cm-evora.pt\/en\/wp-json\/wp\/v2\/categories?post=887"}],"curies":[{"name":"wp","href":"https:\/\/api.w.org\/{rel}","templated":true}]}}