{"id":9097,"date":"2020-06-25T17:19:31","date_gmt":"2020-06-25T16:19:31","guid":{"rendered":"https:\/\/evora2.int.skilltech.pt\/susProjects\/wp_evora2_suite\/?page_id=9097"},"modified":"2024-02-16T16:10:17","modified_gmt":"2024-02-16T16:10:17","slug":"boletim-cidade-de-evora-convite-a-submissao-de-artigos","status":"publish","type":"page","link":"https:\/\/www.cm-evora.pt\/en\/municipe\/areas-de-acao\/cultura\/boletim-cidade-de-evora-convite-a-submissao-de-artigos\/","title":{"rendered":"Boletim &#8220;A Cidade de \u00c9vora&#8221;"},"content":{"rendered":"<p><a href=\"https:\/\/www.cm-evora.pt\/wp-content\/uploads\/2024\/02\/boletim_foto1-scaled.jpg\"><img loading=\"lazy\" decoding=\"async\" class=\"alignleft wp-image-58141 size-full\" src=\"https:\/\/www.cm-evora.pt\/wp-content\/uploads\/2024\/02\/boletim_foto1-scaled.jpg\" alt=\"\" width=\"2560\" height=\"1792\" srcset=\"https:\/\/www.cm-evora.pt\/wp-content\/uploads\/2024\/02\/boletim_foto1-scaled.jpg 2560w, https:\/\/www.cm-evora.pt\/wp-content\/uploads\/2024\/02\/boletim_foto1-300x210.jpg 300w, https:\/\/www.cm-evora.pt\/wp-content\/uploads\/2024\/02\/boletim_foto1-1024x717.jpg 1024w, https:\/\/www.cm-evora.pt\/wp-content\/uploads\/2024\/02\/boletim_foto1-768x538.jpg 768w, https:\/\/www.cm-evora.pt\/wp-content\/uploads\/2024\/02\/boletim_foto1-1536x1075.jpg 1536w, https:\/\/www.cm-evora.pt\/wp-content\/uploads\/2024\/02\/boletim_foto1-2048x1434.jpg 2048w, https:\/\/www.cm-evora.pt\/wp-content\/uploads\/2024\/02\/boletim_foto1-1320x924.jpg 1320w\" sizes=\"auto, (max-width: 2560px) 100vw, 2560px\" \/><\/a><\/p>\n<p><strong>Boletim <\/strong><em><b>A CIDADE DE \u00c9VORA<\/b><\/em><\/p>\n<p><span class=\"ms-rtethemeforecolor-4-5\">Publicado pela primeira vez em dezembro de 1942 (tendo ent\u00e3o Ant\u00f3nio Bartolomeu Gromicho como Diretor e T\u00falio Espanca como Editor) o Boletim <\/span><em>A Cidade de \u00c9vora <\/em><span class=\"ms-rtethemeforecolor-4-5\">tem-se assumido como uma publica\u00e7\u00e3o cujos princ\u00edpios orientadores assentam no estudo e divulga\u00e7\u00e3o do patrim\u00f3nio hist\u00f3rico, cultural e edificado de \u00c9vora, contribuindo para o conhecimento, reflex\u00e3o e preserva\u00e7\u00e3o da identidade cultural da Cidade e da Regi\u00e3o.<\/span><\/p>\n<p>Encontra-se aberto, at\u00e9 ao dia <strong>30 de abril de 2024<\/strong>, o per\u00edodo para submiss\u00e3o de artigos a integrar o <strong>Boletim <em>A Cidade de \u00c9vora<\/em>, III\u00aa S\u00e9rie, n\u00ba5<\/strong>.<\/p>\n<p>Os interessados na publica\u00e7\u00e3o de artigos dever\u00e3o enviar, at\u00e9 <strong>17 de mar\u00e7o de 2024<\/strong> (para <a href=\"mailto:nucleodedocumentacao@cm-evora.pt\">nucleodedocumentacao@cm-evora.pt<\/a>), informa\u00e7\u00e3o onde conste o T\u00edtulo do artigo (ainda que provis\u00f3rio) e uma breve sinopse do mesmo.<\/p>\n<p><span class=\"ms-rtethemeforecolor-4-5\">A informa\u00e7\u00e3o relativa ao processo de submiss\u00e3o dos artigos, bem como o acesso \u00e0s <\/span><strong>Normas de Publica\u00e7\u00e3o<\/strong><span class=\"ms-rtethemeforecolor-4-5\">, poder\u00e1 ser consultada em:<\/span><\/p>\n","protected":false},"excerpt":{"rendered":"<p>Boletim A CIDADE DE \u00c9VORA Publicado pela primeira vez em dezembro de 1942 (tendo ent\u00e3o Ant\u00f3nio Bartolomeu Gromicho como Diretor e T\u00falio Espanca como Editor) o Boletim A Cidade de \u00c9vora tem-se assumido como uma publica\u00e7\u00e3o cujos princ\u00edpios orientadores assentam no estudo e divulga\u00e7\u00e3o do patrim\u00f3nio hist\u00f3rico, cultural e edificado de \u00c9vora, contribuindo para o [&hellip;]<\/p>\n","protected":false},"author":1,"featured_media":0,"parent":1498,"menu_order":0,"comment_status":"closed","ping_status":"closed","template":"templates-map\/component-text-layout1.php","meta":{"_acf_changed":false,"footnotes":""},"categories":[],"class_list":["post-9097","page","type-page","status-publish","hentry"],"acf":{"imagens":"","titulo_docs_seccao":"","documentos":[10052,10054]},"_links":{"self":[{"href":"https:\/\/www.cm-evora.pt\/en\/wp-json\/wp\/v2\/pages\/9097","targetHints":{"allow":["GET"]}}],"collection":[{"href":"https:\/\/www.cm-evora.pt\/en\/wp-json\/wp\/v2\/pages"}],"about":[{"href":"https:\/\/www.cm-evora.pt\/en\/wp-json\/wp\/v2\/types\/page"}],"author":[{"embeddable":true,"href":"https:\/\/www.cm-evora.pt\/en\/wp-json\/wp\/v2\/users\/1"}],"replies":[{"embeddable":true,"href":"https:\/\/www.cm-evora.pt\/en\/wp-json\/wp\/v2\/comments?post=9097"}],"version-history":[{"count":12,"href":"https:\/\/www.cm-evora.pt\/en\/wp-json\/wp\/v2\/pages\/9097\/revisions"}],"predecessor-version":[{"id":58146,"href":"https:\/\/www.cm-evora.pt\/en\/wp-json\/wp\/v2\/pages\/9097\/revisions\/58146"}],"up":[{"embeddable":true,"href":"https:\/\/www.cm-evora.pt\/en\/wp-json\/wp\/v2\/pages\/1498"}],"acf:post":[{"embeddable":true,"href":"https:\/\/www.cm-evora.pt\/en\/wp-json\/wp\/v2\/listas_ficheiros\/10054"},{"embeddable":true,"href":"https:\/\/www.cm-evora.pt\/en\/wp-json\/wp\/v2\/listas_ficheiros\/10052"}],"wp:attachment":[{"href":"https:\/\/www.cm-evora.pt\/en\/wp-json\/wp\/v2\/media?parent=9097"}],"wp:term":[{"taxonomy":"category","embeddable":true,"href":"https:\/\/www.cm-evora.pt\/en\/wp-json\/wp\/v2\/categories?post=9097"}],"curies":[{"name":"wp","href":"https:\/\/api.w.org\/{rel}","templated":true}]}}