{"id":9102,"date":"2020-06-25T17:20:20","date_gmt":"2020-06-25T16:20:20","guid":{"rendered":"https:\/\/evora2.int.skilltech.pt\/susProjects\/wp_evora2_suite\/?page_id=9102"},"modified":"2021-03-15T10:21:51","modified_gmt":"2021-03-15T10:21:51","slug":"mocao-1-para-a-cultura","status":"publish","type":"page","link":"https:\/\/www.cm-evora.pt\/en\/municipe\/areas-de-acao\/cultura\/mocao-1-para-a-cultura\/","title":{"rendered":"(Portugu\u00eas) Mo\u00e7\u00e3o &#8220;1% para a Cultura&#8221;"},"content":{"rendered":"<p class=\"qtranxs-available-languages-message qtranxs-available-languages-message-en\">Sorry, this entry is only available in <a href=\"https:\/\/www.cm-evora.pt\/pt\/wp-json\/wp\/v2\/pages\/9102\" class=\"qtranxs-available-language-link qtranxs-available-language-link-pt\" title=\"Portugu\u00eas\">Portugu\u00eas<\/a>.<\/p><p><strong>Mo\u00e7\u00e3o aprovada por unanimidade na reuni\u00e3o p\u00fablica de C\u00e2mara de 24 de junho de 2015<\/strong><\/p>\n<div>A Constitui\u00e7\u00e3o da Rep\u00fablica portuguesa define no seu artigo 73\u00aa as linhas orientadoras da democracia cultural, deixando claro, no n\u00ba 3 que \u201c<span class=\"ms-rteFontSize-1\">O Estado promove a democratiza\u00e7\u00e3o da cultura, incentivando e assegurando o acesso de todos os cidad\u00e3os \u00e0 frui\u00e7\u00e3o e cria\u00e7\u00e3o cultural, em colabora\u00e7\u00e3o com os \u00f3rg\u00e3os de comunica\u00e7\u00e3o social, as associa\u00e7\u00f5es e funda\u00e7\u00f5es de fins culturais, as colectividades de cultura e recreio, as associa\u00e7\u00f5es de defesa do patrim\u00f3nio cultural, as organiza\u00e7\u00f5es de moradores e outros agentes culturais.<\/span>\u201d<\/div>\n<div><\/div>\n<p>&nbsp;<\/p>\n<div>Contrariando claramente este princ\u00edpio constitucional, os agentes culturais e os criadores enfrentam h\u00e1 d\u00e9cadas pol\u00edticas de massifica\u00e7\u00e3o cultural e mercantiliza\u00e7\u00e3o da cultura com redu\u00e7\u00e3o do apoio do Estado para valores irris\u00f3rios que n\u00e3o chegam a 0,1% do PIB. Estas pol\u00edticas traduzem-se na nega\u00e7\u00e3o da liberdade de cria\u00e7\u00e3o e frui\u00e7\u00e3o culturais. No caso do Alentejo, que constitui cerca de 1\/3 do territ\u00f3rio do pa\u00eds, a situa\u00e7\u00e3o \u00e9 particularmente grave pela exclus\u00e3o sistem\u00e1tica dos agentes e criadores da regi\u00e3o dos apoios da DGARTES. Veja-se o exemplo dos apoios tripartidos: dos dois milh\u00f5es e quarenta mil euros dispon\u00edveis no \u00faltimo concurso, o Alentejo foi contemplado apenas com 100 000\u20ac.<\/div>\n<div><\/div>\n<p>&nbsp;<\/p>\n<div>A crise traduz-se numa redu\u00e7\u00e3o dr\u00e1stica da actividade cultural em geral; na degrada\u00e7\u00e3o das condi\u00e7\u00f5es em que esta se realiza; no definhamento das estruturas e for\u00e7as que suportam a actividade cultural; no bloqueamento acentuado da produ\u00e7\u00e3o nacional nas redes de difus\u00e3o, distribui\u00e7\u00e3o e apresenta\u00e7\u00e3o; na s\u00e9ria limita\u00e7\u00e3o da liberdade e diversidade culturais; na aliena\u00e7\u00e3o e destrui\u00e7\u00e3o de obras e de patrim\u00f3nio; na redu\u00e7\u00e3o de rendimentos e direitos laborais dos profissionais; na extrema precariedade dos v\u00ednculos, na generaliza\u00e7\u00e3o do recurso a recibos verdes, no desemprego e subemprego, no encerramento de estruturas e servi\u00e7os, no abandono, por vezes definitivo, da actividade cultural e na emigra\u00e7\u00e3o; na amputa\u00e7\u00e3o das oportunidades de uma gera\u00e7\u00e3o inteira, um buraco negro no patrim\u00f3nio do futuro.<\/div>\n<div><\/div>\n<p>&nbsp;<\/p>\n<div>Perante isto a C\u00e2mara Municipal de \u00c9vora solidariza-se com o movimento nacional de agentes, criadores, estruturas sindicais e profissionais e organiza\u00e7\u00f5es relacionadas com a cultura e o patrim\u00f3nio, defendendo e apoiando a consigna\u00e7\u00e3o de 1% do PIB para a cultura valor digno que assegura, em sede de or\u00e7amento, condi\u00e7\u00f5es para a liberdade e a diversidade culturais.<\/div>\n<div><\/div>\n<p>&nbsp;<\/p>\n<div>Aprovada por unanimidade em Reuni\u00e3o p\u00fablica de C\u00e2mara de 24 de Junho de 2015.<\/div>\n<div><\/div>\n<p><\/p>","protected":false},"excerpt":{"rendered":"<p>Sorry, this entry is only available in Portugu\u00eas.Mo\u00e7\u00e3o aprovada por unanimidade na reuni\u00e3o p\u00fablica de C\u00e2mara de 24 de junho de 2015 A Constitui\u00e7\u00e3o da Rep\u00fablica portuguesa define no seu artigo 73\u00aa as linhas orientadoras da democracia cultural, deixando claro, no n\u00ba 3 que \u201cO Estado promove a democratiza\u00e7\u00e3o da cultura, incentivando e assegurando o [&hellip;]<\/p>\n","protected":false},"author":1,"featured_media":0,"parent":1498,"menu_order":3,"comment_status":"closed","ping_status":"closed","template":"templates-map\/component-text-layout1.php","meta":{"_acf_changed":false,"footnotes":""},"categories":[],"class_list":["post-9102","page","type-page","status-publish","hentry"],"acf":{"imagens":"","titulo_docs_seccao":"","documentos":""},"_links":{"self":[{"href":"https:\/\/www.cm-evora.pt\/en\/wp-json\/wp\/v2\/pages\/9102","targetHints":{"allow":["GET"]}}],"collection":[{"href":"https:\/\/www.cm-evora.pt\/en\/wp-json\/wp\/v2\/pages"}],"about":[{"href":"https:\/\/www.cm-evora.pt\/en\/wp-json\/wp\/v2\/types\/page"}],"author":[{"embeddable":true,"href":"https:\/\/www.cm-evora.pt\/en\/wp-json\/wp\/v2\/users\/1"}],"replies":[{"embeddable":true,"href":"https:\/\/www.cm-evora.pt\/en\/wp-json\/wp\/v2\/comments?post=9102"}],"version-history":[{"count":7,"href":"https:\/\/www.cm-evora.pt\/en\/wp-json\/wp\/v2\/pages\/9102\/revisions"}],"predecessor-version":[{"id":21590,"href":"https:\/\/www.cm-evora.pt\/en\/wp-json\/wp\/v2\/pages\/9102\/revisions\/21590"}],"up":[{"embeddable":true,"href":"https:\/\/www.cm-evora.pt\/en\/wp-json\/wp\/v2\/pages\/1498"}],"wp:attachment":[{"href":"https:\/\/www.cm-evora.pt\/en\/wp-json\/wp\/v2\/media?parent=9102"}],"wp:term":[{"taxonomy":"category","embeddable":true,"href":"https:\/\/www.cm-evora.pt\/en\/wp-json\/wp\/v2\/categories?post=9102"}],"curies":[{"name":"wp","href":"https:\/\/api.w.org\/{rel}","templated":true}]}}