{"id":9113,"date":"2020-06-25T17:23:44","date_gmt":"2020-06-25T16:23:44","guid":{"rendered":"https:\/\/evora2.int.skilltech.pt\/susProjects\/wp_evora2_suite\/?page_id=9113"},"modified":"2023-01-11T15:44:22","modified_gmt":"2023-01-11T15:44:22","slug":"evora-limpa","status":"publish","type":"page","link":"https:\/\/www.cm-evora.pt\/en\/municipe\/areas-de-acao\/ambiente\/evora-limpa\/","title":{"rendered":"(Portugu\u00eas) \u00c9vora Limpa"},"content":{"rendered":"<p class=\"qtranxs-available-languages-message qtranxs-available-languages-message-en\">Sorry, this entry is only available in <a href=\"https:\/\/www.cm-evora.pt\/pt\/wp-json\/wp\/v2\/pages\/9113\" class=\"qtranxs-available-language-link qtranxs-available-language-link-pt\" title=\"Portugu\u00eas\">Portugu\u00eas<\/a>.<\/p><p><\/p>\n<h3 style=\"text-align: center\"><strong>CAMPANHA<\/strong><\/h3>\n<h4 style=\"text-align: center\"><span style=\"color: #800000\">\u00c9VORA<\/span> <span style=\"color: #339966\">LIMPA <\/span>| <span style=\"color: #800000\"><strong>juntos conseguimos<\/strong><\/span><\/h4>\n<h4 style=\"text-align: center\"><span style=\"color: #800000\">ALERTA: N\u00c3O DEPOSITE CINZAS NOS CONTENTORES DE RSU<\/span><\/h4>\n<p>&nbsp;<\/p>\n<p style=\"text-align: center\"><a href=\"https:\/\/www.cm-evora.pt\/wp-content\/uploads\/2020\/06\/evr_limpa_site_cme_639x362.jpg\"><img loading=\"lazy\" decoding=\"async\" class=\"alignnone wp-image-9185 size-full\" src=\"https:\/\/www.cm-evora.pt\/wp-content\/uploads\/2020\/06\/evr_limpa_site_cme_639x362.jpg\" alt=\"\" width=\"639\" height=\"362\" srcset=\"https:\/\/www.cm-evora.pt\/wp-content\/uploads\/2020\/06\/evr_limpa_site_cme_639x362.jpg 639w, https:\/\/www.cm-evora.pt\/wp-content\/uploads\/2020\/06\/evr_limpa_site_cme_639x362-300x170.jpg 300w\" sizes=\"auto, (max-width: 639px) 100vw, 639px\" \/><\/a><\/p>\n<p>&nbsp;<\/p>\n<p>Os h\u00e1bitos de consumo das sociedades modernas, assim como a globaliza\u00e7\u00e3o da economia t\u00eam gerado um grande aumento de res\u00edduos. O destino final destes res\u00edduos pode ser o dep\u00f3sito em aterros, com impacto ambiental de dif\u00edcil gest\u00e3o ou a reciclagem. A manuten\u00e7\u00e3o dos atuais n\u00edveis de conforto, n\u00e3o pode comprometer o futuro do planeta.<\/p>\n<p>Pelo futuro vamos reciclar!<\/p>\n<p>A C\u00e2mara Municipal de \u00c9vora est\u00e1 empenhada na promo\u00e7\u00e3o da sustentabilidade do concelho de \u00c9vora.<\/p>\n<p>Juntos conseguimos o lixo no s\u00edtio certo!<\/p>","protected":false},"excerpt":{"rendered":"<p>Sorry, this entry is only available in Portugu\u00eas. CAMPANHA \u00c9VORA LIMPA | juntos conseguimos ALERTA: N\u00c3O DEPOSITE CINZAS NOS CONTENTORES DE RSU &nbsp; &nbsp; Os h\u00e1bitos de consumo das sociedades modernas, assim como a globaliza\u00e7\u00e3o da economia t\u00eam gerado um grande aumento de res\u00edduos. O destino final destes res\u00edduos pode ser o dep\u00f3sito em aterros, [&hellip;]<\/p>\n","protected":false},"author":1,"featured_media":0,"parent":1490,"menu_order":1,"comment_status":"closed","ping_status":"closed","template":"templates-map\/component-text-layout1.php","meta":{"_acf_changed":false,"footnotes":""},"categories":[],"class_list":["post-9113","page","type-page","status-publish","hentry"],"acf":{"imagens":"","titulo_docs_seccao":"","documentos":[9196,9206]},"_links":{"self":[{"href":"https:\/\/www.cm-evora.pt\/en\/wp-json\/wp\/v2\/pages\/9113","targetHints":{"allow":["GET"]}}],"collection":[{"href":"https:\/\/www.cm-evora.pt\/en\/wp-json\/wp\/v2\/pages"}],"about":[{"href":"https:\/\/www.cm-evora.pt\/en\/wp-json\/wp\/v2\/types\/page"}],"author":[{"embeddable":true,"href":"https:\/\/www.cm-evora.pt\/en\/wp-json\/wp\/v2\/users\/1"}],"replies":[{"embeddable":true,"href":"https:\/\/www.cm-evora.pt\/en\/wp-json\/wp\/v2\/comments?post=9113"}],"version-history":[{"count":8,"href":"https:\/\/www.cm-evora.pt\/en\/wp-json\/wp\/v2\/pages\/9113\/revisions"}],"predecessor-version":[{"id":44568,"href":"https:\/\/www.cm-evora.pt\/en\/wp-json\/wp\/v2\/pages\/9113\/revisions\/44568"}],"up":[{"embeddable":true,"href":"https:\/\/www.cm-evora.pt\/en\/wp-json\/wp\/v2\/pages\/1490"}],"acf:post":[{"embeddable":true,"href":"https:\/\/www.cm-evora.pt\/en\/wp-json\/wp\/v2\/listas_ficheiros\/9206"},{"embeddable":true,"href":"https:\/\/www.cm-evora.pt\/en\/wp-json\/wp\/v2\/listas_ficheiros\/9196"}],"wp:attachment":[{"href":"https:\/\/www.cm-evora.pt\/en\/wp-json\/wp\/v2\/media?parent=9113"}],"wp:term":[{"taxonomy":"category","embeddable":true,"href":"https:\/\/www.cm-evora.pt\/en\/wp-json\/wp\/v2\/categories?post=9113"}],"curies":[{"name":"wp","href":"https:\/\/api.w.org\/{rel}","templated":true}]}}