{"id":9127,"date":"2020-06-25T17:25:38","date_gmt":"2020-06-25T16:25:38","guid":{"rendered":"https:\/\/evora2.int.skilltech.pt\/susProjects\/wp_evora2_suite\/?page_id=9127"},"modified":"2023-01-11T15:46:42","modified_gmt":"2023-01-11T15:46:42","slug":"nao-envergonhe-o-seu-cao-apanhe-o-coco-do-chao","status":"publish","type":"page","link":"https:\/\/www.cm-evora.pt\/en\/municipe\/areas-de-acao\/ambiente\/nao-envergonhe-o-seu-cao-apanhe-o-coco-do-chao\/","title":{"rendered":"(Portugu\u00eas) N\u00e3o envergonhe o seu c\u00e3o, apanhe o coc\u00f3 do ch\u00e3o"},"content":{"rendered":"<p class=\"qtranxs-available-languages-message qtranxs-available-languages-message-en\">Sorry, this entry is only available in <a href=\"https:\/\/www.cm-evora.pt\/pt\/wp-json\/wp\/v2\/pages\/9127\" class=\"qtranxs-available-language-link qtranxs-available-language-link-pt\" title=\"Portugu\u00eas\">Portugu\u00eas<\/a>.<\/p><p><\/p>\n<div style=\"text-align: center\"><a href=\"https:\/\/www.cm-evora.pt\/wp-content\/uploads\/2020\/06\/CampanhaCao.jpg\" target=\"_blank\" rel=\"noopener\"><img loading=\"lazy\" decoding=\"async\" class=\"alignnone wp-image-9366 size-full\" src=\"https:\/\/www.cm-evora.pt\/wp-content\/uploads\/2020\/06\/CampanhaCao.jpg\" alt=\"\" width=\"639\" height=\"362\" srcset=\"https:\/\/www.cm-evora.pt\/wp-content\/uploads\/2020\/06\/CampanhaCao.jpg 639w, https:\/\/www.cm-evora.pt\/wp-content\/uploads\/2020\/06\/CampanhaCao-300x170.jpg 300w\" sizes=\"auto, (max-width: 639px) 100vw, 639px\" \/><\/a><\/div>\n<div><\/div>\n<div>\n<p>Fruto de uma parceria entre a C\u00e2mara Municipal de \u00c9vora e as Uni\u00f5es de Freguesia de Bacelo-Senhora da Sa\u00fade, Malagueira-Horta das Figueiras e das Freguesias de \u00c9vora, foi lan\u00e7ada uma campanha de sensibiliza\u00e7\u00e3o contra o abandono de dejetos caninos em espa\u00e7o p\u00fablico denominada \u201cN\u00e3o envergonhe o seu c\u00e3o, apanhe o coc\u00f3 do ch\u00e3o\u201d.<\/p>\n<p>&nbsp;<\/p>\n<p>Esta campanha visa promover uma cultura de \u201cdono respons\u00e1vel\u201d e sensibilizar a popula\u00e7\u00e3o, e em particular os donos dos animais, para a problem\u00e1tica dos dejetos caninos, consciencializando os donos para a necessidade de remover do espa\u00e7o p\u00fablico os dejetos dos seus animais, a bem da sa\u00fade de todos, da qualidade de vida no espa\u00e7o p\u00fablico e da s\u00e3 conviv\u00eancia entre animais e pessoas.<\/p>\n<p>&nbsp;<\/p>\n<p>Esta campanha teve origem num trabalho continuado de coopera\u00e7\u00e3o entre as Uni\u00f5es de Freguesia Urbanas e as escolas que integram o programa Eco Escolas, no \u00e2mbito do qual se identificou como problem\u00e1tica a quest\u00e3o dos dejetos caninos em espa\u00e7os p\u00fablicos, e se lan\u00e7ou \u00e0s escolas o desafio de discutir este problema e produzir com os alunos materiais que apelassem \u00e0 mudan\u00e7a de atitude e a pr\u00e1ticas de cidadania e respeito pelo ambiente.<\/p>\n<p>&nbsp;<\/p>\n<p>Para al\u00e9m da abordagem do problema junto da comunidade educativa, atrav\u00e9s da realiza\u00e7\u00e3o de trabalhos com crian\u00e7as e jovens, a campanha \u00e9 sustentada com a aquisi\u00e7\u00e3o, por parte das Juntas de Freguesia, de papeleiras com dispensadores de sacos, que ser\u00e3o colocadas em locais estrat\u00e9gicos, como zonas verdes, envolvente das escolas, e zonas habitacionais com maior concentra\u00e7\u00e3o de mun\u00edcipes com can\u00eddeos.<\/p>\n<\/div>\n<p><\/p>","protected":false},"excerpt":{"rendered":"<p>Sorry, this entry is only available in Portugu\u00eas. Fruto de uma parceria entre a C\u00e2mara Municipal de \u00c9vora e as Uni\u00f5es de Freguesia de Bacelo-Senhora da Sa\u00fade, Malagueira-Horta das Figueiras e das Freguesias de \u00c9vora, foi lan\u00e7ada uma campanha de sensibiliza\u00e7\u00e3o contra o abandono de dejetos caninos em espa\u00e7o p\u00fablico denominada \u201cN\u00e3o envergonhe o seu [&hellip;]<\/p>\n","protected":false},"author":1,"featured_media":0,"parent":1490,"menu_order":10,"comment_status":"closed","ping_status":"closed","template":"templates-map\/component-text-layout1.php","meta":{"_acf_changed":false,"footnotes":""},"categories":[],"class_list":["post-9127","page","type-page","status-publish","hentry"],"acf":{"imagens":"","titulo_docs_seccao":"","documentos":[9372,9415,9382]},"_links":{"self":[{"href":"https:\/\/www.cm-evora.pt\/en\/wp-json\/wp\/v2\/pages\/9127","targetHints":{"allow":["GET"]}}],"collection":[{"href":"https:\/\/www.cm-evora.pt\/en\/wp-json\/wp\/v2\/pages"}],"about":[{"href":"https:\/\/www.cm-evora.pt\/en\/wp-json\/wp\/v2\/types\/page"}],"author":[{"embeddable":true,"href":"https:\/\/www.cm-evora.pt\/en\/wp-json\/wp\/v2\/users\/1"}],"replies":[{"embeddable":true,"href":"https:\/\/www.cm-evora.pt\/en\/wp-json\/wp\/v2\/comments?post=9127"}],"version-history":[{"count":8,"href":"https:\/\/www.cm-evora.pt\/en\/wp-json\/wp\/v2\/pages\/9127\/revisions"}],"predecessor-version":[{"id":44569,"href":"https:\/\/www.cm-evora.pt\/en\/wp-json\/wp\/v2\/pages\/9127\/revisions\/44569"}],"up":[{"embeddable":true,"href":"https:\/\/www.cm-evora.pt\/en\/wp-json\/wp\/v2\/pages\/1490"}],"acf:post":[{"embeddable":true,"href":"https:\/\/www.cm-evora.pt\/en\/wp-json\/wp\/v2\/listas_ficheiros\/9382"},{"embeddable":true,"href":"https:\/\/www.cm-evora.pt\/en\/wp-json\/wp\/v2\/listas_ficheiros\/9415"},{"embeddable":true,"href":"https:\/\/www.cm-evora.pt\/en\/wp-json\/wp\/v2\/listas_ficheiros\/9372"}],"wp:attachment":[{"href":"https:\/\/www.cm-evora.pt\/en\/wp-json\/wp\/v2\/media?parent=9127"}],"wp:term":[{"taxonomy":"category","embeddable":true,"href":"https:\/\/www.cm-evora.pt\/en\/wp-json\/wp\/v2\/categories?post=9127"}],"curies":[{"name":"wp","href":"https:\/\/api.w.org\/{rel}","templated":true}]}}