{"id":9129,"date":"2020-06-25T17:26:28","date_gmt":"2020-06-25T16:26:28","guid":{"rendered":"https:\/\/evora2.int.skilltech.pt\/susProjects\/wp_evora2_suite\/?page_id=9129"},"modified":"2023-05-23T09:29:04","modified_gmt":"2023-05-23T08:29:04","slug":"hortas-urbanas","status":"publish","type":"page","link":"https:\/\/www.cm-evora.pt\/en\/municipe\/areas-de-acao\/ambiente\/hortas-urbanas\/","title":{"rendered":"Hortas Urbanas"},"content":{"rendered":"<div style=\"text-align: center\"><a href=\"https:\/\/www.cm-evora.pt\/wp-content\/uploads\/2020\/06\/hortas-urbanas.jpg\"><img loading=\"lazy\" decoding=\"async\" class=\"alignnone size-full wp-image-9444\" src=\"https:\/\/www.cm-evora.pt\/wp-content\/uploads\/2020\/06\/hortas-urbanas.jpg\" alt=\"\" width=\"639\" height=\"362\" srcset=\"https:\/\/www.cm-evora.pt\/wp-content\/uploads\/2020\/06\/hortas-urbanas.jpg 639w, https:\/\/www.cm-evora.pt\/wp-content\/uploads\/2020\/06\/hortas-urbanas-300x170.jpg 300w\" sizes=\"auto, (max-width: 639px) 100vw, 639px\" \/><\/a><\/div>\n<div>\n<p>&nbsp;<\/p>\n<p>As quintas da periferia da cidade de \u00c9vora j\u00e1 representaram um importante meio de fornecimento de frutas e legumes frescos \u00e0 cidade, de forma sustent\u00e1vel.<\/p>\n<p>Com o crescimento urbano e a altera\u00e7\u00e3o dos padr\u00f5es de vida, tal tem vindo a perder import\u00e2ncia. est\u00e1dio de desenvolvimento social e as grandes quest\u00f5es ambientais que enfrentamos obrigam-nos a repensar comportamentos e modos de vida.<\/p>\n<p>Esta nova forma de produ\u00e7\u00e3o de alimentos contribui para aumentar a autonomia alimentar das fam\u00edlias, fomenta pr\u00e1ticas de consumo mais equilibradas, amplia a biodiversidade, alicer\u00e7a a consci\u00eancia da necessidade do desenvolvimento sustent\u00e1vel, potencia a conviv\u00eancia familiar e comunit\u00e1ria e contribui para uma melhor consci\u00eancia ambiental.<\/p>\n<\/div>\n<p>&nbsp;<\/p>\n<p style=\"text-align: center\"><a href=\"https:\/\/www.cm-evora.pt\/wp-content\/uploads\/2023\/05\/20230522-Informacao-HortasUrbanas-1.jpg\"><img loading=\"lazy\" decoding=\"async\" class=\"alignnone size-full wp-image-49417\" src=\"https:\/\/www.cm-evora.pt\/wp-content\/uploads\/2023\/05\/20230522-Informacao-HortasUrbanas-1.jpg\" alt=\"\" width=\"1658\" height=\"2196\" srcset=\"https:\/\/www.cm-evora.pt\/wp-content\/uploads\/2023\/05\/20230522-Informacao-HortasUrbanas-1.jpg 1658w, https:\/\/www.cm-evora.pt\/wp-content\/uploads\/2023\/05\/20230522-Informacao-HortasUrbanas-1-227x300.jpg 227w, https:\/\/www.cm-evora.pt\/wp-content\/uploads\/2023\/05\/20230522-Informacao-HortasUrbanas-1-773x1024.jpg 773w, https:\/\/www.cm-evora.pt\/wp-content\/uploads\/2023\/05\/20230522-Informacao-HortasUrbanas-1-768x1017.jpg 768w, https:\/\/www.cm-evora.pt\/wp-content\/uploads\/2023\/05\/20230522-Informacao-HortasUrbanas-1-1160x1536.jpg 1160w, https:\/\/www.cm-evora.pt\/wp-content\/uploads\/2023\/05\/20230522-Informacao-HortasUrbanas-1-1546x2048.jpg 1546w, https:\/\/www.cm-evora.pt\/wp-content\/uploads\/2023\/05\/20230522-Informacao-HortasUrbanas-1-1320x1748.jpg 1320w\" sizes=\"auto, (max-width: 1658px) 100vw, 1658px\" \/><\/a><\/p>\n<p>&nbsp;<\/p>\n<div>\n<p><strong>C\u00e2mara Municipal de \u00c9vora<\/strong><\/p>\n<p>Gest\u00e3o das Hortas Urbanas de \u00c9vora<\/p>\n<p>Rua Diogo C\u00e3o, n\u00ba 19, 1\u00ba Dto<\/p>\n<p>7000-872 \u00c9vora<\/p>\n<p><u>Email<\/u>: <a href=\"mailto:cmevora@cm-evora.pt\" target=\"_blank\" rel=\"noopener\">cmevora@cm-evora.pt<\/a><\/p>\n<p><u>Telefone<\/u>: <a href=\"tel:+351266777000\" target=\"_blank\" rel=\"noopener\">+351 266 777 000<\/a> \u00abChamada para a rede fixa nacional\u00bb<\/p>\n<p><u>Telem\u00f3vel<\/u>: <a href=\"tel:+351926807920\" target=\"_blank\" rel=\"noopener\">+351 926 807 920<\/a> \u00abChamada para rede m\u00f3vel nacional\u00bb<\/p>\n<p>&nbsp;<\/p>\n<\/div>\n","protected":false},"excerpt":{"rendered":"<p>&nbsp; As quintas da periferia da cidade de \u00c9vora j\u00e1 representaram um importante meio de fornecimento de frutas e legumes frescos \u00e0 cidade, de forma sustent\u00e1vel. Com o crescimento urbano e a altera\u00e7\u00e3o dos padr\u00f5es de vida, tal tem vindo a perder import\u00e2ncia. est\u00e1dio de desenvolvimento social e as grandes quest\u00f5es ambientais que enfrentamos obrigam-nos [&hellip;]<\/p>\n","protected":false},"author":1,"featured_media":0,"parent":1490,"menu_order":9,"comment_status":"closed","ping_status":"closed","template":"templates-map\/component-text-layout1.php","meta":{"_acf_changed":false,"footnotes":""},"categories":[],"class_list":["post-9129","page","type-page","status-publish","hentry"],"acf":{"imagens":"","titulo_docs_seccao":"","documentos":[9430,9434,9438,47957]},"_links":{"self":[{"href":"https:\/\/www.cm-evora.pt\/en\/wp-json\/wp\/v2\/pages\/9129","targetHints":{"allow":["GET"]}}],"collection":[{"href":"https:\/\/www.cm-evora.pt\/en\/wp-json\/wp\/v2\/pages"}],"about":[{"href":"https:\/\/www.cm-evora.pt\/en\/wp-json\/wp\/v2\/types\/page"}],"author":[{"embeddable":true,"href":"https:\/\/www.cm-evora.pt\/en\/wp-json\/wp\/v2\/users\/1"}],"replies":[{"embeddable":true,"href":"https:\/\/www.cm-evora.pt\/en\/wp-json\/wp\/v2\/comments?post=9129"}],"version-history":[{"count":17,"href":"https:\/\/www.cm-evora.pt\/en\/wp-json\/wp\/v2\/pages\/9129\/revisions"}],"predecessor-version":[{"id":49418,"href":"https:\/\/www.cm-evora.pt\/en\/wp-json\/wp\/v2\/pages\/9129\/revisions\/49418"}],"up":[{"embeddable":true,"href":"https:\/\/www.cm-evora.pt\/en\/wp-json\/wp\/v2\/pages\/1490"}],"acf:post":[{"embeddable":true,"href":"https:\/\/www.cm-evora.pt\/en\/wp-json\/wp\/v2\/listas_ficheiros\/47957"},{"embeddable":true,"href":"https:\/\/www.cm-evora.pt\/en\/wp-json\/wp\/v2\/listas_ficheiros\/9438"},{"embeddable":true,"href":"https:\/\/www.cm-evora.pt\/en\/wp-json\/wp\/v2\/listas_ficheiros\/9434"},{"embeddable":true,"href":"https:\/\/www.cm-evora.pt\/en\/wp-json\/wp\/v2\/listas_ficheiros\/9430"}],"wp:attachment":[{"href":"https:\/\/www.cm-evora.pt\/en\/wp-json\/wp\/v2\/media?parent=9129"}],"wp:term":[{"taxonomy":"category","embeddable":true,"href":"https:\/\/www.cm-evora.pt\/en\/wp-json\/wp\/v2\/categories?post=9129"}],"curies":[{"name":"wp","href":"https:\/\/api.w.org\/{rel}","templated":true}]}}