{"id":9137,"date":"2020-06-25T17:36:20","date_gmt":"2020-06-25T16:36:20","guid":{"rendered":"https:\/\/evora2.int.skilltech.pt\/susProjects\/wp_evora2_suite\/?page_id=9137"},"modified":"2023-06-07T15:34:24","modified_gmt":"2023-06-07T14:34:24","slug":"boletim-polinico","status":"publish","type":"page","link":"https:\/\/www.cm-evora.pt\/en\/municipe\/areas-de-acao\/ambiente\/boletim-polinico\/","title":{"rendered":"Boletim Pol\u00ednico"},"content":{"rendered":"<p style=\"text-align: center\"><strong>P\u00f3lens em \u00c9vora<\/strong><\/p>\n<p style=\"text-align: center\">\u200b<a href=\"https:\/\/www.cm-evora.pt\/wp-content\/uploads\/2020\/06\/boletim639.jpg\" target=\"_blank\" rel=\"noopener\"><img loading=\"lazy\" decoding=\"async\" class=\"alignnone wp-image-9456 size-full\" src=\"https:\/\/www.cm-evora.pt\/wp-content\/uploads\/2020\/06\/boletim639.jpg\" alt=\"\" width=\"639\" height=\"362\" srcset=\"https:\/\/www.cm-evora.pt\/wp-content\/uploads\/2020\/06\/boletim639.jpg 639w, https:\/\/www.cm-evora.pt\/wp-content\/uploads\/2020\/06\/boletim639-300x170.jpg 300w\" sizes=\"auto, (max-width: 639px) 100vw, 639px\" \/><\/a><\/p>\n<p>De forma a prevenir os impactos dos alerg\u00e9nios na sa\u00fade p\u00fablica, a C\u00e2mara Municipal de \u00c9vora associa-se \u00e0 Sociedade Portuguesa de Alergologia e Imunologia Cl\u00ednica na divulga\u00e7\u00e3o de um Boletim Pol\u00ednico semanal.<\/p>\n<p>Pretende-se com este servi\u00e7o informativo:<\/p>\n<ul>\n<li style=\"list-style-type: none\">\n<ul>\n<li>Clarificar a rela\u00e7\u00e3o causa-efeito entre os espa\u00e7os verdes da cidade e a ocorr\u00eancia de rea\u00e7\u00f5es al\u00e9rgicas na popula\u00e7\u00e3o;<\/li>\n<li>Perceber o que provoca \u201calergias\u201d num doente \u201cvulgarmente\u201d al\u00e9rgico (baseado no VIII Workshop em Bioqu\u00edmica Cl\u00ednica).<\/li>\n<\/ul>\n<\/li>\n<\/ul>\n<p>&nbsp;<\/p>\n<p><a href=\"https:\/\/www.cm-evora.pt\/wp-content\/uploads\/2020\/06\/aerobiologia.jpg\" target=\"_blank\" rel=\"noopener\"><img loading=\"lazy\" decoding=\"async\" class=\"alignnone wp-image-9458 size-full\" src=\"https:\/\/www.cm-evora.pt\/wp-content\/uploads\/2020\/06\/aerobiologia.jpg\" alt=\"\" width=\"385\" height=\"115\" srcset=\"https:\/\/www.cm-evora.pt\/wp-content\/uploads\/2020\/06\/aerobiologia.jpg 385w, https:\/\/www.cm-evora.pt\/wp-content\/uploads\/2020\/06\/aerobiologia-300x90.jpg 300w\" sizes=\"auto, (max-width: 385px) 100vw, 385px\" \/><\/a><\/p>\n","protected":false},"excerpt":{"rendered":"<p>P\u00f3lens em \u00c9vora \u200b De forma a prevenir os impactos dos alerg\u00e9nios na sa\u00fade p\u00fablica, a C\u00e2mara Municipal de \u00c9vora associa-se \u00e0 Sociedade Portuguesa de Alergologia e Imunologia Cl\u00ednica na divulga\u00e7\u00e3o de um Boletim Pol\u00ednico semanal. Pretende-se com este servi\u00e7o informativo: Clarificar a rela\u00e7\u00e3o causa-efeito entre os espa\u00e7os verdes da cidade e a ocorr\u00eancia de [&hellip;]<\/p>\n","protected":false},"author":1,"featured_media":0,"parent":1490,"menu_order":2,"comment_status":"closed","ping_status":"closed","template":"templates-map\/component-text-layout1.php","meta":{"_acf_changed":false,"footnotes":""},"categories":[],"class_list":["post-9137","page","type-page","status-publish","hentry"],"acf":{"imagens":"","titulo_docs_seccao":"","documentos":""},"_links":{"self":[{"href":"https:\/\/www.cm-evora.pt\/en\/wp-json\/wp\/v2\/pages\/9137","targetHints":{"allow":["GET"]}}],"collection":[{"href":"https:\/\/www.cm-evora.pt\/en\/wp-json\/wp\/v2\/pages"}],"about":[{"href":"https:\/\/www.cm-evora.pt\/en\/wp-json\/wp\/v2\/types\/page"}],"author":[{"embeddable":true,"href":"https:\/\/www.cm-evora.pt\/en\/wp-json\/wp\/v2\/users\/1"}],"replies":[{"embeddable":true,"href":"https:\/\/www.cm-evora.pt\/en\/wp-json\/wp\/v2\/comments?post=9137"}],"version-history":[{"count":5,"href":"https:\/\/www.cm-evora.pt\/en\/wp-json\/wp\/v2\/pages\/9137\/revisions"}],"predecessor-version":[{"id":50485,"href":"https:\/\/www.cm-evora.pt\/en\/wp-json\/wp\/v2\/pages\/9137\/revisions\/50485"}],"up":[{"embeddable":true,"href":"https:\/\/www.cm-evora.pt\/en\/wp-json\/wp\/v2\/pages\/1490"}],"wp:attachment":[{"href":"https:\/\/www.cm-evora.pt\/en\/wp-json\/wp\/v2\/media?parent=9137"}],"wp:term":[{"taxonomy":"category","embeddable":true,"href":"https:\/\/www.cm-evora.pt\/en\/wp-json\/wp\/v2\/categories?post=9137"}],"curies":[{"name":"wp","href":"https:\/\/api.w.org\/{rel}","templated":true}]}}