{"id":9140,"date":"2020-06-25T17:38:01","date_gmt":"2020-06-25T16:38:01","guid":{"rendered":"https:\/\/evora2.int.skilltech.pt\/susProjects\/wp_evora2_suite\/?page_id=9140"},"modified":"2025-03-12T14:50:32","modified_gmt":"2025-03-12T14:50:32","slug":"acao-climatica","status":"publish","type":"page","link":"https:\/\/www.cm-evora.pt\/en\/municipe\/areas-de-acao\/ambiente\/acao-climatica\/","title":{"rendered":"A\u00e7\u00e3o Clim\u00e1tica"},"content":{"rendered":"<p style=\"text-align: center\"><img loading=\"lazy\" decoding=\"async\" class=\"alignnone wp-image-72087 size-full\" src=\"https:\/\/www.cm-evora.pt\/wp-content\/uploads\/2025\/03\/Banner_Acao-Climatica_Prancheta-1-copia-scaled.jpg\" alt=\"\" width=\"2560\" height=\"1463\" srcset=\"https:\/\/www.cm-evora.pt\/wp-content\/uploads\/2025\/03\/Banner_Acao-Climatica_Prancheta-1-copia-scaled.jpg 2560w, https:\/\/www.cm-evora.pt\/wp-content\/uploads\/2025\/03\/Banner_Acao-Climatica_Prancheta-1-copia-300x171.jpg 300w, https:\/\/www.cm-evora.pt\/wp-content\/uploads\/2025\/03\/Banner_Acao-Climatica_Prancheta-1-copia-1024x585.jpg 1024w, https:\/\/www.cm-evora.pt\/wp-content\/uploads\/2025\/03\/Banner_Acao-Climatica_Prancheta-1-copia-768x439.jpg 768w, https:\/\/www.cm-evora.pt\/wp-content\/uploads\/2025\/03\/Banner_Acao-Climatica_Prancheta-1-copia-1536x878.jpg 1536w, https:\/\/www.cm-evora.pt\/wp-content\/uploads\/2025\/03\/Banner_Acao-Climatica_Prancheta-1-copia-2048x1171.jpg 2048w, https:\/\/www.cm-evora.pt\/wp-content\/uploads\/2025\/03\/Banner_Acao-Climatica_Prancheta-1-copia-1320x755.jpg 1320w\" sizes=\"auto, (max-width: 2560px) 100vw, 2560px\" \/><\/p>\n<p>&nbsp;<\/p>\n<p>Existe atualmente um consenso global do risco que as altera\u00e7\u00f5es clim\u00e1ticas representam para a sustentabilidade da vida humana em grande parte do planeta.<\/p>\n<p>\u00c0 luz do j\u00e1 consider\u00e1vel conjunto de informa\u00e7\u00e3o, validada cientificamente, obtida ao longo das \u00faltimas d\u00e9cadas sobre esta problem\u00e1tica, a \u00fanica resposta eficaz assenta na implementa\u00e7\u00e3o urgente de duas abordagens complementares \u2013 a mitiga\u00e7\u00e3o e a adapta\u00e7\u00e3o. Enquanto a mitiga\u00e7\u00e3o \u00e9 o processo que visa reduzir a emiss\u00e3o de Gases com Efeito de Estufa para a atmosfera, a adapta\u00e7\u00e3o \u00e9 o processo que procura minimizar os efeitos negativos dos impactes das altera\u00e7\u00f5es clim\u00e1ticas nos sistemas biof\u00edsicos e socioecon\u00f3micos. A necessidade de conseguir levar a cabo em simult\u00e2neo estas duas linhas de atua\u00e7\u00e3o, prende-se com o consenso generalizado de que mesmo a suspens\u00e3o imediata de todas as emiss\u00f5es n\u00e3o impediria os impactes clim\u00e1ticos que j\u00e1 est\u00e3o a ocorrer e que continuar\u00e3o durante d\u00e9cadas.<\/p>\n<p>&nbsp;<\/p>\n<p>Consciente do enorme desafio que as altera\u00e7\u00f5es clim\u00e1ticas j\u00e1 colocam atualmente a todo o territ\u00f3rio concelhio, e que \u00e9 expect\u00e1vel que no futuro se venha a impor de uma forma ainda mais acentuada, o Munic\u00edpio de \u00c9vora tem vindo a desenvolver um trabalho bastante significativo com o objetivo de aumentar a resili\u00eancia clim\u00e1tica do concelho. A este respeito, destacam-se a assinatura do Pacto dos Autarcas em 2011, a ades\u00e3o ao projeto ClimAdaPT.Local \u2013 Adaptar Portugal \u00e0s Altera\u00e7\u00f5es Clim\u00e1ticas em 2015, o reporte e divulga\u00e7\u00e3o p\u00fablica anual de dados relativos ao desempenho clim\u00e1tico e ambiental do Munic\u00edpio na plataforma CDP-ICLEI Track desde 2020, a assinatura do Acordo Cidade Verde em 2021, a participa\u00e7\u00e3o no projeto Adapta.Local.CIMAC em 2021, a ades\u00e3o \u00e0 Miss\u00e3o Adapta\u00e7\u00e3o \u00e0s Altera\u00e7\u00f5es Clim\u00e1ticas da Comiss\u00e3o Europeia em 2022 e a aprova\u00e7\u00e3o do Plano de Mobilidade Urbana Sustent\u00e1vel da Cidade de \u00c9vora em novembro de 2023.<\/p>\n<p>&nbsp;<\/p>\n<p style=\"text-align: center\"><strong>Consulte toda a informa\u00e7\u00e3o e documenta\u00e7\u00e3o clicando nas imagens<\/strong><\/p>\n<p style=\"text-align: center\"><a href=\"https:\/\/www.cm-evora.pt\/estrategia-municipal-de-adaptacao-as-alteracoes-climaticas-de-evora\/\" target=\"_blank\" rel=\"noopener\"><img loading=\"lazy\" decoding=\"async\" class=\"alignnone wp-image-72115\" src=\"https:\/\/www.cm-evora.pt\/wp-content\/uploads\/2025\/03\/Separadores_Acao-Climatica-02.jpg\" alt=\"\" width=\"400\" height=\"400\" srcset=\"https:\/\/www.cm-evora.pt\/wp-content\/uploads\/2025\/03\/Separadores_Acao-Climatica-02.jpg 2285w, https:\/\/www.cm-evora.pt\/wp-content\/uploads\/2025\/03\/Separadores_Acao-Climatica-02-300x300.jpg 300w, https:\/\/www.cm-evora.pt\/wp-content\/uploads\/2025\/03\/Separadores_Acao-Climatica-02-1024x1024.jpg 1024w, https:\/\/www.cm-evora.pt\/wp-content\/uploads\/2025\/03\/Separadores_Acao-Climatica-02-150x150.jpg 150w, https:\/\/www.cm-evora.pt\/wp-content\/uploads\/2025\/03\/Separadores_Acao-Climatica-02-768x768.jpg 768w, https:\/\/www.cm-evora.pt\/wp-content\/uploads\/2025\/03\/Separadores_Acao-Climatica-02-1536x1536.jpg 1536w, https:\/\/www.cm-evora.pt\/wp-content\/uploads\/2025\/03\/Separadores_Acao-Climatica-02-2048x2048.jpg 2048w, https:\/\/www.cm-evora.pt\/wp-content\/uploads\/2025\/03\/Separadores_Acao-Climatica-02-1320x1320.jpg 1320w\" sizes=\"auto, (max-width: 400px) 100vw, 400px\" \/><\/a><\/p>\n<p style=\"text-align: center\"><a href=\"https:\/\/www.cm-evora.pt\/plano-municipal-de-adaptacao-as-alteracoes-climaticas-de-evora\/\" target=\"_blank\" rel=\"noopener\"><img loading=\"lazy\" decoding=\"async\" class=\"alignnone wp-image-72116\" src=\"https:\/\/www.cm-evora.pt\/wp-content\/uploads\/2025\/03\/Separadores_Acao-Climatica-03.jpg\" alt=\"\" width=\"400\" height=\"400\" srcset=\"https:\/\/www.cm-evora.pt\/wp-content\/uploads\/2025\/03\/Separadores_Acao-Climatica-03.jpg 2285w, https:\/\/www.cm-evora.pt\/wp-content\/uploads\/2025\/03\/Separadores_Acao-Climatica-03-300x300.jpg 300w, https:\/\/www.cm-evora.pt\/wp-content\/uploads\/2025\/03\/Separadores_Acao-Climatica-03-1024x1024.jpg 1024w, https:\/\/www.cm-evora.pt\/wp-content\/uploads\/2025\/03\/Separadores_Acao-Climatica-03-150x150.jpg 150w, https:\/\/www.cm-evora.pt\/wp-content\/uploads\/2025\/03\/Separadores_Acao-Climatica-03-768x768.jpg 768w, https:\/\/www.cm-evora.pt\/wp-content\/uploads\/2025\/03\/Separadores_Acao-Climatica-03-1536x1536.jpg 1536w, https:\/\/www.cm-evora.pt\/wp-content\/uploads\/2025\/03\/Separadores_Acao-Climatica-03-2048x2048.jpg 2048w, https:\/\/www.cm-evora.pt\/wp-content\/uploads\/2025\/03\/Separadores_Acao-Climatica-03-1320x1320.jpg 1320w\" sizes=\"auto, (max-width: 400px) 100vw, 400px\" \/><\/a><\/p>\n<p style=\"text-align: center\"><a href=\"https:\/\/www.cm-evora.pt\/missao-adaptacao-as-alteracoes-climaticas\/\" target=\"_blank\" rel=\"noopener\"><img loading=\"lazy\" decoding=\"async\" class=\"alignnone wp-image-72117\" src=\"https:\/\/www.cm-evora.pt\/wp-content\/uploads\/2025\/03\/Separadores_Acao-Climatica-04.jpg\" alt=\"\" width=\"400\" height=\"400\" srcset=\"https:\/\/www.cm-evora.pt\/wp-content\/uploads\/2025\/03\/Separadores_Acao-Climatica-04.jpg 2285w, https:\/\/www.cm-evora.pt\/wp-content\/uploads\/2025\/03\/Separadores_Acao-Climatica-04-300x300.jpg 300w, https:\/\/www.cm-evora.pt\/wp-content\/uploads\/2025\/03\/Separadores_Acao-Climatica-04-1024x1024.jpg 1024w, https:\/\/www.cm-evora.pt\/wp-content\/uploads\/2025\/03\/Separadores_Acao-Climatica-04-150x150.jpg 150w, https:\/\/www.cm-evora.pt\/wp-content\/uploads\/2025\/03\/Separadores_Acao-Climatica-04-768x768.jpg 768w, https:\/\/www.cm-evora.pt\/wp-content\/uploads\/2025\/03\/Separadores_Acao-Climatica-04-1536x1536.jpg 1536w, https:\/\/www.cm-evora.pt\/wp-content\/uploads\/2025\/03\/Separadores_Acao-Climatica-04-2048x2048.jpg 2048w, https:\/\/www.cm-evora.pt\/wp-content\/uploads\/2025\/03\/Separadores_Acao-Climatica-04-1320x1320.jpg 1320w\" sizes=\"auto, (max-width: 400px) 100vw, 400px\" \/><\/a><\/p>\n","protected":false},"excerpt":{"rendered":"<p>&nbsp; Existe atualmente um consenso global do risco que as altera\u00e7\u00f5es clim\u00e1ticas representam para a sustentabilidade da vida humana em grande parte do planeta. \u00c0 luz do j\u00e1 consider\u00e1vel conjunto de informa\u00e7\u00e3o, validada cientificamente, obtida ao longo das \u00faltimas d\u00e9cadas sobre esta problem\u00e1tica, a \u00fanica resposta eficaz assenta na implementa\u00e7\u00e3o urgente de duas abordagens complementares [&hellip;]<\/p>\n","protected":false},"author":1,"featured_media":0,"parent":1490,"menu_order":13,"comment_status":"closed","ping_status":"closed","template":"templates-map\/component-text-layout1.php","meta":{"_acf_changed":false,"footnotes":""},"categories":[],"class_list":["post-9140","page","type-page","status-publish","hentry"],"acf":{"imagens":"","titulo_docs_seccao":"","documentos":""},"_links":{"self":[{"href":"https:\/\/www.cm-evora.pt\/en\/wp-json\/wp\/v2\/pages\/9140","targetHints":{"allow":["GET"]}}],"collection":[{"href":"https:\/\/www.cm-evora.pt\/en\/wp-json\/wp\/v2\/pages"}],"about":[{"href":"https:\/\/www.cm-evora.pt\/en\/wp-json\/wp\/v2\/types\/page"}],"author":[{"embeddable":true,"href":"https:\/\/www.cm-evora.pt\/en\/wp-json\/wp\/v2\/users\/1"}],"replies":[{"embeddable":true,"href":"https:\/\/www.cm-evora.pt\/en\/wp-json\/wp\/v2\/comments?post=9140"}],"version-history":[{"count":24,"href":"https:\/\/www.cm-evora.pt\/en\/wp-json\/wp\/v2\/pages\/9140\/revisions"}],"predecessor-version":[{"id":72119,"href":"https:\/\/www.cm-evora.pt\/en\/wp-json\/wp\/v2\/pages\/9140\/revisions\/72119"}],"up":[{"embeddable":true,"href":"https:\/\/www.cm-evora.pt\/en\/wp-json\/wp\/v2\/pages\/1490"}],"wp:attachment":[{"href":"https:\/\/www.cm-evora.pt\/en\/wp-json\/wp\/v2\/media?parent=9140"}],"wp:term":[{"taxonomy":"category","embeddable":true,"href":"https:\/\/www.cm-evora.pt\/en\/wp-json\/wp\/v2\/categories?post=9140"}],"curies":[{"name":"wp","href":"https:\/\/api.w.org\/{rel}","templated":true}]}}