{"id":9142,"date":"2020-06-25T17:38:32","date_gmt":"2020-06-25T16:38:32","guid":{"rendered":"https:\/\/evora2.int.skilltech.pt\/susProjects\/wp_evora2_suite\/?page_id=9142"},"modified":"2025-11-11T11:45:48","modified_gmt":"2025-11-11T11:45:48","slug":"ecopontos-em-evora","status":"publish","type":"page","link":"https:\/\/www.cm-evora.pt\/en\/municipe\/areas-de-acao\/ambiente\/ecopontos-em-evora\/","title":{"rendered":"Ecopontos em \u00c9vora"},"content":{"rendered":"<p class=\"qtranxs-available-languages-message qtranxs-available-languages-message-en\">Sorry, this entry is only available in <a href=\"https:\/\/www.cm-evora.pt\/pt\/wp-json\/wp\/v2\/pages\/9142\" class=\"qtranxs-available-language-link qtranxs-available-language-link-pt\" title=\"Portugu\u00eas\">Portugu\u00eas<\/a>.<\/p><p><\/p>\n<p style=\"text-align: center\"><a href=\"https:\/\/www.cm-evora.pt\/wp-content\/uploads\/2020\/06\/ecopontos1.jpg\"><img loading=\"lazy\" decoding=\"async\" class=\"alignnone size-full wp-image-9482\" src=\"https:\/\/www.cm-evora.pt\/wp-content\/uploads\/2020\/06\/ecopontos1.jpg\" alt=\"\" width=\"639\" height=\"362\" srcset=\"https:\/\/www.cm-evora.pt\/wp-content\/uploads\/2020\/06\/ecopontos1.jpg 639w, https:\/\/www.cm-evora.pt\/wp-content\/uploads\/2020\/06\/ecopontos1-300x170.jpg 300w\" sizes=\"auto, (max-width: 639px) 100vw, 639px\" \/><\/a><\/p>\n<p style=\"text-align: left\"><strong>Informe-se aqui sobre a localiza\u00e7\u00e3o dos ecopontos em \u00c9vora<\/strong><\/p>\n<p><iframe loading=\"lazy\" title=\"Campanha de Higiene e Limpeza P\u00fablica - Ecopontos e contentores de recolha seletiva\" width=\"500\" height=\"281\" src=\"https:\/\/www.youtube.com\/embed\/MR5BJD3Yd1o?feature=oembed\" frameborder=\"0\" allow=\"accelerometer; autoplay; clipboard-write; encrypted-media; gyroscope; picture-in-picture; web-share\" referrerpolicy=\"strict-origin-when-cross-origin\" allowfullscreen><\/iframe><\/p>","protected":false},"excerpt":{"rendered":"<p>Sorry, this entry is only available in Portugu\u00eas. Informe-se aqui sobre a localiza\u00e7\u00e3o dos ecopontos em \u00c9vora<\/p>\n","protected":false},"author":1,"featured_media":0,"parent":1490,"menu_order":6,"comment_status":"closed","ping_status":"closed","template":"templates-map\/component-file-gallery-layout1.php","meta":{"_acf_changed":false,"footnotes":""},"categories":[],"class_list":["post-9142","page","type-page","status-publish","hentry"],"acf":[],"_links":{"self":[{"href":"https:\/\/www.cm-evora.pt\/en\/wp-json\/wp\/v2\/pages\/9142","targetHints":{"allow":["GET"]}}],"collection":[{"href":"https:\/\/www.cm-evora.pt\/en\/wp-json\/wp\/v2\/pages"}],"about":[{"href":"https:\/\/www.cm-evora.pt\/en\/wp-json\/wp\/v2\/types\/page"}],"author":[{"embeddable":true,"href":"https:\/\/www.cm-evora.pt\/en\/wp-json\/wp\/v2\/users\/1"}],"replies":[{"embeddable":true,"href":"https:\/\/www.cm-evora.pt\/en\/wp-json\/wp\/v2\/comments?post=9142"}],"version-history":[{"count":10,"href":"https:\/\/www.cm-evora.pt\/en\/wp-json\/wp\/v2\/pages\/9142\/revisions"}],"predecessor-version":[{"id":79135,"href":"https:\/\/www.cm-evora.pt\/en\/wp-json\/wp\/v2\/pages\/9142\/revisions\/79135"}],"up":[{"embeddable":true,"href":"https:\/\/www.cm-evora.pt\/en\/wp-json\/wp\/v2\/pages\/1490"}],"wp:attachment":[{"href":"https:\/\/www.cm-evora.pt\/en\/wp-json\/wp\/v2\/media?parent=9142"}],"wp:term":[{"taxonomy":"category","embeddable":true,"href":"https:\/\/www.cm-evora.pt\/en\/wp-json\/wp\/v2\/categories?post=9142"}],"curies":[{"name":"wp","href":"https:\/\/api.w.org\/{rel}","templated":true}]}}