{"id":9144,"date":"2020-06-25T17:39:15","date_gmt":"2020-06-25T16:39:15","guid":{"rendered":"https:\/\/evora2.int.skilltech.pt\/susProjects\/wp_evora2_suite\/?page_id=9144"},"modified":"2023-01-10T11:23:08","modified_gmt":"2023-01-10T11:23:08","slug":"bolsa-de-terras","status":"publish","type":"page","link":"https:\/\/www.cm-evora.pt\/en\/municipe\/areas-de-acao\/ambiente\/bolsa-de-terras\/","title":{"rendered":"(Portugu\u00eas) Bolsa de Terras"},"content":{"rendered":"<p class=\"qtranxs-available-languages-message qtranxs-available-languages-message-en\">Sorry, this entry is only available in <a href=\"https:\/\/www.cm-evora.pt\/pt\/wp-json\/wp\/v2\/pages\/9144\" class=\"qtranxs-available-language-link qtranxs-available-language-link-pt\" title=\"Portugu\u00eas\">Portugu\u00eas<\/a>.<\/p><p><\/p>\n<div style=\"text-align: center\"><a href=\"https:\/\/www.cm-evora.pt\/wp-content\/uploads\/2020\/06\/bolsa-de-terras.jpg\" target=\"_blank\" rel=\"noopener\"><img loading=\"lazy\" decoding=\"async\" class=\"alignnone wp-image-9495 size-full\" src=\"https:\/\/www.cm-evora.pt\/wp-content\/uploads\/2020\/06\/bolsa-de-terras.jpg\" alt=\"\" width=\"639\" height=\"362\" srcset=\"https:\/\/www.cm-evora.pt\/wp-content\/uploads\/2020\/06\/bolsa-de-terras.jpg 639w, https:\/\/www.cm-evora.pt\/wp-content\/uploads\/2020\/06\/bolsa-de-terras-300x170.jpg 300w\" sizes=\"auto, (max-width: 639px) 100vw, 639px\" \/><\/a><\/div>\n<div style=\"text-align: center\">\u200b<\/div>\n<div>\n<p>A Bolsa Nacional de Terras adiante designada \u00abBolsa de Terras\u00bb, \u00e9 um instrumento criado pela Lei n\u00ba 62\/2012, de 10 de Dezembro.<\/p>\n<p>A entidade gestora da bolsa de terras \u00e9 o Minist\u00e9rio da Agricultura, do Mar, do Ambiente e do Ordenamento do Territ\u00f3rio atrav\u00e9s da Dire\u00e7\u00e3o-Geral de Agricultura e Desenvolvimento Rural (DGADR).<\/p>\n<p>A DGADR, exerce as suas fun\u00e7\u00f5es nos termos do regulamento de gest\u00e3o da bolsa nacional de terras, aprovado pela Portaria n\u00ba 197\/2013, de 28 de maio.<\/p>\n<p>A bolsa de terras tem como objetivo facilitar o acesso \u00e0 terra atrav\u00e9s da disponibiliza\u00e7\u00e3o de terras, designadamente quando as mesmas n\u00e3o sejam utilizadas, e, bem assim, atrav\u00e9s de uma melhor identifica\u00e7\u00e3o e promo\u00e7\u00e3o da sua oferta.<\/p>\n<p>A bolsa de terras disponibiliza para arrendamento, venda ou para outros tipos de ced\u00eancia as terras com aptid\u00e3o agr\u00edcola, florestal e silvopastoril do dom\u00ednio privado do Estado, das autarquias locais e de quaisquer outras entidades p\u00fablicas, ou pertencentes a entidades privadas. A bolsa de terras disponibiliza ainda terrenos baldios, nos termos previstos na Lei dos Baldios.<\/p>\n<p>&nbsp;<\/p>\n<p>A bolsa de terras assenta nos princ\u00edpios da universalidade e da voluntariedade.<\/p>\n<p>&nbsp;<\/p>\n<p>Para saber mais:<\/p>\n<\/div>\n<p><\/p>","protected":false},"excerpt":{"rendered":"<p>Sorry, this entry is only available in Portugu\u00eas. \u200b A Bolsa Nacional de Terras adiante designada \u00abBolsa de Terras\u00bb, \u00e9 um instrumento criado pela Lei n\u00ba 62\/2012, de 10 de Dezembro. A entidade gestora da bolsa de terras \u00e9 o Minist\u00e9rio da Agricultura, do Mar, do Ambiente e do Ordenamento do Territ\u00f3rio atrav\u00e9s da Dire\u00e7\u00e3o-Geral [&hellip;]<\/p>\n","protected":false},"author":1,"featured_media":0,"parent":1490,"menu_order":3,"comment_status":"closed","ping_status":"closed","template":"templates-map\/component-text-layout1.php","meta":{"_acf_changed":false,"footnotes":""},"categories":[],"class_list":["post-9144","page","type-page","status-publish","hentry"],"acf":{"imagens":"","titulo_docs_seccao":"","documentos":""},"_links":{"self":[{"href":"https:\/\/www.cm-evora.pt\/en\/wp-json\/wp\/v2\/pages\/9144","targetHints":{"allow":["GET"]}}],"collection":[{"href":"https:\/\/www.cm-evora.pt\/en\/wp-json\/wp\/v2\/pages"}],"about":[{"href":"https:\/\/www.cm-evora.pt\/en\/wp-json\/wp\/v2\/types\/page"}],"author":[{"embeddable":true,"href":"https:\/\/www.cm-evora.pt\/en\/wp-json\/wp\/v2\/users\/1"}],"replies":[{"embeddable":true,"href":"https:\/\/www.cm-evora.pt\/en\/wp-json\/wp\/v2\/comments?post=9144"}],"version-history":[{"count":5,"href":"https:\/\/www.cm-evora.pt\/en\/wp-json\/wp\/v2\/pages\/9144\/revisions"}],"predecessor-version":[{"id":44489,"href":"https:\/\/www.cm-evora.pt\/en\/wp-json\/wp\/v2\/pages\/9144\/revisions\/44489"}],"up":[{"embeddable":true,"href":"https:\/\/www.cm-evora.pt\/en\/wp-json\/wp\/v2\/pages\/1490"}],"wp:attachment":[{"href":"https:\/\/www.cm-evora.pt\/en\/wp-json\/wp\/v2\/media?parent=9144"}],"wp:term":[{"taxonomy":"category","embeddable":true,"href":"https:\/\/www.cm-evora.pt\/en\/wp-json\/wp\/v2\/categories?post=9144"}],"curies":[{"name":"wp","href":"https:\/\/api.w.org\/{rel}","templated":true}]}}