{"id":9146,"date":"2020-06-25T17:39:37","date_gmt":"2020-06-25T16:39:37","guid":{"rendered":"https:\/\/evora2.int.skilltech.pt\/susProjects\/wp_evora2_suite\/?page_id=9146"},"modified":"2023-01-11T14:31:39","modified_gmt":"2023-01-11T14:31:39","slug":"qualicities","status":"publish","type":"page","link":"https:\/\/www.cm-evora.pt\/en\/municipe\/areas-de-acao\/ambiente\/qualicities\/","title":{"rendered":"(Portugu\u00eas) Qualicities"},"content":{"rendered":"<p class=\"qtranxs-available-languages-message qtranxs-available-languages-message-en\">Sorry, this entry is only available in <a href=\"https:\/\/www.cm-evora.pt\/pt\/wp-json\/wp\/v2\/pages\/9146\" class=\"qtranxs-available-language-link qtranxs-available-language-link-pt\" title=\"Portugu\u00eas\">Portugu\u00eas<\/a>.<\/p><p><\/p>\n<h4>Qualicities &#8211; desenvolvimento dur\u00e1vel das cidades de cultura da Rede AVEC<\/h4>\n<p style=\"text-align: center\"><a href=\"https:\/\/www.cm-evora.pt\/wp-content\/uploads\/2020\/06\/qualicities.jpg\" target=\"_blank\" rel=\"noopener\"><img loading=\"lazy\" decoding=\"async\" class=\"alignnone wp-image-9499 size-full\" src=\"https:\/\/www.cm-evora.pt\/wp-content\/uploads\/2020\/06\/qualicities.jpg\" alt=\"\" width=\"639\" height=\"362\" srcset=\"https:\/\/www.cm-evora.pt\/wp-content\/uploads\/2020\/06\/qualicities.jpg 639w, https:\/\/www.cm-evora.pt\/wp-content\/uploads\/2020\/06\/qualicities-300x170.jpg 300w\" sizes=\"auto, (max-width: 639px) 100vw, 639px\" \/><\/a><\/p>\n<p>Qualicities \u00e9 um label europeu das pol\u00edticas de desenvolvimento sustent\u00e1vel das cidades hist\u00f3ricas. Simboliza o envolvimento pol\u00edtico no desenvolvimento dur\u00e1vel e a valoriza\u00e7\u00e3o do patrim\u00f3nio das cidades e territ\u00f3rios da Europa. Esta ferramenta de trabalho permite \u00e0s coletividades aplicarem em concreto a Carta da Alian\u00e7a das Cidades Europeias para a Cultura (AVEC).<\/p>","protected":false},"excerpt":{"rendered":"<p>Sorry, this entry is only available in Portugu\u00eas. Qualicities &#8211; desenvolvimento dur\u00e1vel das cidades de cultura da Rede AVEC Qualicities \u00e9 um label europeu das pol\u00edticas de desenvolvimento sustent\u00e1vel das cidades hist\u00f3ricas. Simboliza o envolvimento pol\u00edtico no desenvolvimento dur\u00e1vel e a valoriza\u00e7\u00e3o do patrim\u00f3nio das cidades e territ\u00f3rios da Europa. Esta ferramenta de trabalho permite [&hellip;]<\/p>\n","protected":false},"author":1,"featured_media":0,"parent":1490,"menu_order":14,"comment_status":"closed","ping_status":"closed","template":"templates-map\/component-text-layout1.php","meta":{"_acf_changed":false,"footnotes":""},"categories":[],"class_list":["post-9146","page","type-page","status-publish","hentry"],"acf":{"imagens":"","titulo_docs_seccao":"","documentos":""},"_links":{"self":[{"href":"https:\/\/www.cm-evora.pt\/en\/wp-json\/wp\/v2\/pages\/9146","targetHints":{"allow":["GET"]}}],"collection":[{"href":"https:\/\/www.cm-evora.pt\/en\/wp-json\/wp\/v2\/pages"}],"about":[{"href":"https:\/\/www.cm-evora.pt\/en\/wp-json\/wp\/v2\/types\/page"}],"author":[{"embeddable":true,"href":"https:\/\/www.cm-evora.pt\/en\/wp-json\/wp\/v2\/users\/1"}],"replies":[{"embeddable":true,"href":"https:\/\/www.cm-evora.pt\/en\/wp-json\/wp\/v2\/comments?post=9146"}],"version-history":[{"count":5,"href":"https:\/\/www.cm-evora.pt\/en\/wp-json\/wp\/v2\/pages\/9146\/revisions"}],"predecessor-version":[{"id":44555,"href":"https:\/\/www.cm-evora.pt\/en\/wp-json\/wp\/v2\/pages\/9146\/revisions\/44555"}],"up":[{"embeddable":true,"href":"https:\/\/www.cm-evora.pt\/en\/wp-json\/wp\/v2\/pages\/1490"}],"wp:attachment":[{"href":"https:\/\/www.cm-evora.pt\/en\/wp-json\/wp\/v2\/media?parent=9146"}],"wp:term":[{"taxonomy":"category","embeddable":true,"href":"https:\/\/www.cm-evora.pt\/en\/wp-json\/wp\/v2\/categories?post=9146"}],"curies":[{"name":"wp","href":"https:\/\/api.w.org\/{rel}","templated":true}]}}