{"id":9167,"date":"2020-06-25T17:42:19","date_gmt":"2020-06-25T16:42:19","guid":{"rendered":"https:\/\/evora2.int.skilltech.pt\/susProjects\/wp_evora2_suite\/?page_id=9167"},"modified":"2023-01-11T14:16:08","modified_gmt":"2023-01-11T14:16:08","slug":"percursos-ambientais","status":"publish","type":"page","link":"https:\/\/www.cm-evora.pt\/en\/municipe\/areas-de-acao\/ambiente\/percursos-ambientais\/","title":{"rendered":"(Portugu\u00eas) Percursos Ambientais"},"content":{"rendered":"<p class=\"qtranxs-available-languages-message qtranxs-available-languages-message-en\">Sorry, this entry is only available in <a href=\"https:\/\/www.cm-evora.pt\/pt\/wp-json\/wp\/v2\/pages\/9167\" class=\"qtranxs-available-language-link qtranxs-available-language-link-pt\" title=\"Portugu\u00eas\">Portugu\u00eas<\/a>.<\/p><p><strong>Os Percursos Ambientais de \u00c9vora constituem uma rede de v\u00e1rios itiner\u00e1rios que se estendem da cidade de \u00c9vora at\u00e9 ao limite do concelho.<\/strong><\/p>\n<p style=\"text-align: center\"><a href=\"https:\/\/www.cm-evora.pt\/wp-content\/uploads\/2020\/06\/ecopista.jpg\" target=\"_blank\" rel=\"noopener\"><img loading=\"lazy\" decoding=\"async\" class=\"alignnone wp-image-9534 size-full\" src=\"https:\/\/www.cm-evora.pt\/wp-content\/uploads\/2020\/06\/ecopista.jpg\" alt=\"\" width=\"639\" height=\"362\" srcset=\"https:\/\/www.cm-evora.pt\/wp-content\/uploads\/2020\/06\/ecopista.jpg 639w, https:\/\/www.cm-evora.pt\/wp-content\/uploads\/2020\/06\/ecopista-300x170.jpg 300w\" sizes=\"auto, (max-width: 639px) 100vw, 639px\" \/><\/a><\/p>\n<div>\n<p>Os Percursos Ambientais de \u00c9vora constituem uma rede de v\u00e1rios itiner\u00e1rios que se estendem da cidade de \u00c9vora at\u00e9 ao limite do concelho. Implantados sobre ferrovias desativadas, antigos caminhos p\u00fablicos ou ao longo do aqueduto, destinam-se a ser percorridos a p\u00e9 ou com meios de transporte n\u00e3o poluentes.<\/p>\n<p>Atrav\u00e9s desta rede de percursos d\u00e1-se a conhecer a riqueza monumental, natural e cultural das paisagens em redor de \u00c9vora.<\/p>\n<p>S\u00e3o mais de 100 km para caminhar ou pedalar em \u00c9vora!<\/p>\n<p>&nbsp;<\/p>\n<\/div>\n<div style=\"text-align: center\"><a href=\"https:\/\/www.cm-evora.pt\/wp-content\/uploads\/2020\/10\/percursosAmbientais.jpg\" target=\"_blank\" rel=\"noopener\"><img loading=\"lazy\" decoding=\"async\" class=\"alignnone wp-image-15670 size-full\" src=\"https:\/\/www.cm-evora.pt\/wp-content\/uploads\/2020\/10\/percursosAmbientais.jpg\" alt=\"\" width=\"639\" height=\"127\" srcset=\"https:\/\/www.cm-evora.pt\/wp-content\/uploads\/2020\/10\/percursosAmbientais.jpg 639w, https:\/\/www.cm-evora.pt\/wp-content\/uploads\/2020\/10\/percursosAmbientais-300x60.jpg 300w\" sizes=\"auto, (max-width: 639px) 100vw, 639px\" \/><\/a><\/div>\n<div>\n<p>&nbsp;<\/p>\n<p>Para saber mais, consulte o link:<\/p>\n<\/div>\n<p><\/p>","protected":false},"excerpt":{"rendered":"<p>Sorry, this entry is only available in Portugu\u00eas.Os Percursos Ambientais de \u00c9vora constituem uma rede de v\u00e1rios itiner\u00e1rios que se estendem da cidade de \u00c9vora at\u00e9 ao limite do concelho. Os Percursos Ambientais de \u00c9vora constituem uma rede de v\u00e1rios itiner\u00e1rios que se estendem da cidade de \u00c9vora at\u00e9 ao limite do concelho. Implantados sobre [&hellip;]<\/p>\n","protected":false},"author":1,"featured_media":0,"parent":1490,"menu_order":12,"comment_status":"closed","ping_status":"closed","template":"templates-map\/component-text-layout1.php","meta":{"_acf_changed":false,"footnotes":""},"categories":[],"class_list":["post-9167","page","type-page","status-publish","hentry"],"acf":{"imagens":"","titulo_docs_seccao":"","documentos":""},"_links":{"self":[{"href":"https:\/\/www.cm-evora.pt\/en\/wp-json\/wp\/v2\/pages\/9167","targetHints":{"allow":["GET"]}}],"collection":[{"href":"https:\/\/www.cm-evora.pt\/en\/wp-json\/wp\/v2\/pages"}],"about":[{"href":"https:\/\/www.cm-evora.pt\/en\/wp-json\/wp\/v2\/types\/page"}],"author":[{"embeddable":true,"href":"https:\/\/www.cm-evora.pt\/en\/wp-json\/wp\/v2\/users\/1"}],"replies":[{"embeddable":true,"href":"https:\/\/www.cm-evora.pt\/en\/wp-json\/wp\/v2\/comments?post=9167"}],"version-history":[{"count":7,"href":"https:\/\/www.cm-evora.pt\/en\/wp-json\/wp\/v2\/pages\/9167\/revisions"}],"predecessor-version":[{"id":44553,"href":"https:\/\/www.cm-evora.pt\/en\/wp-json\/wp\/v2\/pages\/9167\/revisions\/44553"}],"up":[{"embeddable":true,"href":"https:\/\/www.cm-evora.pt\/en\/wp-json\/wp\/v2\/pages\/1490"}],"wp:attachment":[{"href":"https:\/\/www.cm-evora.pt\/en\/wp-json\/wp\/v2\/media?parent=9167"}],"wp:term":[{"taxonomy":"category","embeddable":true,"href":"https:\/\/www.cm-evora.pt\/en\/wp-json\/wp\/v2\/categories?post=9167"}],"curies":[{"name":"wp","href":"https:\/\/api.w.org\/{rel}","templated":true}]}}