{"id":15,"date":"2021-03-26T10:12:09","date_gmt":"2021-03-26T10:12:09","guid":{"rendered":"https:\/\/www.cm-evora.pt\/evoracidadeaope\/?page_id=15"},"modified":"2021-04-19T14:40:39","modified_gmt":"2021-04-19T14:40:39","slug":"inscricao","status":"publish","type":"page","link":"https:\/\/www.cm-evora.pt\/evoracidadeaope\/en\/inscricao\/","title":{"rendered":"(Portugu\u00eas) Inscri\u00e7\u00e3o"},"content":{"rendered":"<p class=\"qtranxs-available-languages-message qtranxs-available-languages-message-en\">Sorry, this entry is only available in <a href=\"https:\/\/www.cm-evora.pt\/evoracidadeaope\/pt\/wp-json\/wp\/v2\/pages\/15\" class=\"qtranxs-available-language-link qtranxs-available-language-link-pt\" title=\"Portugu\u00eas\">Portugu\u00eas<\/a>.<\/p>","protected":false},"excerpt":{"rendered":"<p>Sorry, this entry is only available in Portugu\u00eas.<\/p>\n","protected":false},"author":34,"featured_media":0,"parent":0,"menu_order":0,"comment_status":"closed","ping_status":"closed","template":"templates-map\/component-text-layout1.php","meta":{"_acf_changed":false,"footnotes":""},"categories":[],"class_list":["post-15","page","type-page","status-publish","hentry"],"acf":[],"yoast_head":"<!-- This site is optimized with the Yoast SEO plugin v25.9 - https:\/\/yoast.com\/wordpress\/plugins\/seo\/ -->\n<title><\/title>\n<meta name=\"robots\" content=\"index, follow, max-snippet:-1, max-image-preview:large, max-video-preview:-1\" \/>\n<link rel=\"canonical\" href=\"https:\/\/www.cm-evora.pt\/evoracidadeaope\/inscricao\/\" \/>\n<meta property=\"og:locale\" content=\"en_US\" \/>\n<meta property=\"og:type\" content=\"article\" \/>\n<meta property=\"og:title\" content=\"[:pt]Inscri\u00e7\u00e3o[:] - \u00c9vora, Cidade ao P\u00e9\" \/>\n<meta property=\"og:description\" content=\"Sorry, this entry is only available in Portugu\u00eas.\" \/>\n<meta property=\"og:url\" content=\"https:\/\/www.cm-evora.pt\/evoracidadeaope\/inscricao\/\" \/>\n<meta property=\"og:site_name\" content=\"\u00c9vora, Cidade ao P\u00e9\" \/>\n<meta property=\"article:modified_time\" content=\"2021-04-19T14:40:39+00:00\" \/>\n<meta property=\"og:image\" content=\"https:\/\/www.cm-evora.pt\/evoracidadeaope\/wp-content\/uploads\/sites\/10\/2021\/04\/tshit_senhora.jpg\" \/>\n<meta name=\"twitter:card\" content=\"summary_large_image\" \/>\n<meta name=\"twitter:label1\" content=\"Est. reading time\" \/>\n\t<meta name=\"twitter:data1\" content=\"2 minutes\" \/>\n<script type=\"application\/ld+json\" class=\"yoast-schema-graph\">{\"@context\":\"https:\/\/schema.org\",\"@graph\":[{\"@type\":\"WebPage\",\"@id\":\"https:\/\/www.cm-evora.pt\/evoracidadeaope\/inscricao\/\",\"url\":\"https:\/\/www.cm-evora.pt\/evoracidadeaope\/inscricao\/\",\"name\":\"[:pt]Inscri\u00e7\u00e3o[:] - \u00c9vora, Cidade ao P\u00e9\",\"isPartOf\":{\"@id\":\"https:\/\/www.cm-evora.pt\/evoracidadeaope\/#website\"},\"primaryImageOfPage\":{\"@id\":\"https:\/\/www.cm-evora.pt\/evoracidadeaope\/inscricao\/#primaryimage\"},\"image\":{\"@id\":\"https:\/\/www.cm-evora.pt\/evoracidadeaope\/inscricao\/#primaryimage\"},\"thumbnailUrl\":\"https:\/\/www.cm-evora.pt\/evoracidadeaope\/wp-content\/uploads\/sites\/10\/2021\/04\/tshit_senhora.jpg\",\"datePublished\":\"2021-03-26T10:12:09+00:00\",\"dateModified\":\"2021-04-19T14:40:39+00:00\",\"breadcrumb\":{\"@id\":\"https:\/\/www.cm-evora.pt\/evoracidadeaope\/inscricao\/#breadcrumb\"},\"inLanguage\":\"en-US\",\"potentialAction\":[{\"@type\":\"ReadAction\",\"target\":[\"https:\/\/www.cm-evora.pt\/evoracidadeaope\/inscricao\/\"]}]},{\"@type\":\"ImageObject\",\"inLanguage\":\"en-US\",\"@id\":\"https:\/\/www.cm-evora.pt\/evoracidadeaope\/inscricao\/#primaryimage\",\"url\":\"https:\/\/www.cm-evora.pt\/evoracidadeaope\/wp-content\/uploads\/sites\/10\/2021\/04\/tshit_senhora.jpg\",\"contentUrl\":\"https:\/\/www.cm-evora.pt\/evoracidadeaope\/wp-content\/uploads\/sites\/10\/2021\/04\/tshit_senhora.jpg\"},{\"@type\":\"BreadcrumbList\",\"@id\":\"https:\/\/www.cm-evora.pt\/evoracidadeaope\/inscricao\/#breadcrumb\",\"itemListElement\":[{\"@type\":\"ListItem\",\"position\":1,\"name\":\"In\u00edcio\",\"item\":\"https:\/\/www.cm-evora.pt\/evoracidadeaope\/\"},{\"@type\":\"ListItem\",\"position\":2,\"name\":\"Inscri\u00e7\u00e3o\"}]},{\"@type\":\"WebSite\",\"@id\":\"https:\/\/www.cm-evora.pt\/evoracidadeaope\/#website\",\"url\":\"https:\/\/www.cm-evora.pt\/evoracidadeaope\/\",\"name\":\"\u00c9vora, Cidade ao P\u00e9\",\"description\":\"Just another WP Skillmind Suite site\",\"potentialAction\":[{\"@type\":\"SearchAction\",\"target\":{\"@type\":\"EntryPoint\",\"urlTemplate\":\"https:\/\/www.cm-evora.pt\/evoracidadeaope\/?s={search_term_string}\"},\"query-input\":{\"@type\":\"PropertyValueSpecification\",\"valueRequired\":true,\"valueName\":\"search_term_string\"}}],\"inLanguage\":\"en-US\"}]}<\/script>\n<!-- \/ Yoast SEO plugin. -->","yoast_head_json":{"title":"[:pt]Inscri\u00e7\u00e3o[:] - \u00c9vora, Cidade ao P\u00e9","robots":{"index":"index","follow":"follow","max-snippet":"max-snippet:-1","max-image-preview":"max-image-preview:large","max-video-preview":"max-video-preview:-1"},"canonical":"https:\/\/www.cm-evora.pt\/evoracidadeaope\/inscricao\/","og_locale":"en_US","og_type":"article","og_title":"[:pt]Inscri\u00e7\u00e3o[:] - \u00c9vora, Cidade ao P\u00e9","og_description":"Sorry, this entry is only available in Portugu\u00eas.","og_url":"https:\/\/www.cm-evora.pt\/evoracidadeaope\/inscricao\/","og_site_name":"\u00c9vora, Cidade ao P\u00e9","article_modified_time":"2021-04-19T14:40:39+00:00","og_image":[{"url":"https:\/\/www.cm-evora.pt\/evoracidadeaope\/wp-content\/uploads\/sites\/10\/2021\/04\/tshit_senhora.jpg","type":"","width":"","height":""}],"twitter_card":"summary_large_image","twitter_misc":{"Est. reading time":"2 minutes"},"schema":{"@context":"https:\/\/schema.org","@graph":[{"@type":"WebPage","@id":"https:\/\/www.cm-evora.pt\/evoracidadeaope\/inscricao\/","url":"https:\/\/www.cm-evora.pt\/evoracidadeaope\/inscricao\/","name":"[:pt]Inscri\u00e7\u00e3o[:] - \u00c9vora, Cidade ao P\u00e9","isPartOf":{"@id":"https:\/\/www.cm-evora.pt\/evoracidadeaope\/#website"},"primaryImageOfPage":{"@id":"https:\/\/www.cm-evora.pt\/evoracidadeaope\/inscricao\/#primaryimage"},"image":{"@id":"https:\/\/www.cm-evora.pt\/evoracidadeaope\/inscricao\/#primaryimage"},"thumbnailUrl":"https:\/\/www.cm-evora.pt\/evoracidadeaope\/wp-content\/uploads\/sites\/10\/2021\/04\/tshit_senhora.jpg","datePublished":"2021-03-26T10:12:09+00:00","dateModified":"2021-04-19T14:40:39+00:00","breadcrumb":{"@id":"https:\/\/www.cm-evora.pt\/evoracidadeaope\/inscricao\/#breadcrumb"},"inLanguage":"en-US","potentialAction":[{"@type":"ReadAction","target":["https:\/\/www.cm-evora.pt\/evoracidadeaope\/inscricao\/"]}]},{"@type":"ImageObject","inLanguage":"en-US","@id":"https:\/\/www.cm-evora.pt\/evoracidadeaope\/inscricao\/#primaryimage","url":"https:\/\/www.cm-evora.pt\/evoracidadeaope\/wp-content\/uploads\/sites\/10\/2021\/04\/tshit_senhora.jpg","contentUrl":"https:\/\/www.cm-evora.pt\/evoracidadeaope\/wp-content\/uploads\/sites\/10\/2021\/04\/tshit_senhora.jpg"},{"@type":"BreadcrumbList","@id":"https:\/\/www.cm-evora.pt\/evoracidadeaope\/inscricao\/#breadcrumb","itemListElement":[{"@type":"ListItem","position":1,"name":"In\u00edcio","item":"https:\/\/www.cm-evora.pt\/evoracidadeaope\/"},{"@type":"ListItem","position":2,"name":"Inscri\u00e7\u00e3o"}]},{"@type":"WebSite","@id":"https:\/\/www.cm-evora.pt\/evoracidadeaope\/#website","url":"https:\/\/www.cm-evora.pt\/evoracidadeaope\/","name":"\u00c9vora, Cidade ao P\u00e9","description":"Just another WP Skillmind Suite site","potentialAction":[{"@type":"SearchAction","target":{"@type":"EntryPoint","urlTemplate":"https:\/\/www.cm-evora.pt\/evoracidadeaope\/?s={search_term_string}"},"query-input":{"@type":"PropertyValueSpecification","valueRequired":true,"valueName":"search_term_string"}}],"inLanguage":"en-US"}]}},"_links":{"self":[{"href":"https:\/\/www.cm-evora.pt\/evoracidadeaope\/en\/wp-json\/wp\/v2\/pages\/15","targetHints":{"allow":["GET"]}}],"collection":[{"href":"https:\/\/www.cm-evora.pt\/evoracidadeaope\/en\/wp-json\/wp\/v2\/pages"}],"about":[{"href":"https:\/\/www.cm-evora.pt\/evoracidadeaope\/en\/wp-json\/wp\/v2\/types\/page"}],"author":[{"embeddable":true,"href":"https:\/\/www.cm-evora.pt\/evoracidadeaope\/en\/wp-json\/wp\/v2\/users\/34"}],"replies":[{"embeddable":true,"href":"https:\/\/www.cm-evora.pt\/evoracidadeaope\/en\/wp-json\/wp\/v2\/comments?post=15"}],"version-history":[{"count":9,"href":"https:\/\/www.cm-evora.pt\/evoracidadeaope\/en\/wp-json\/wp\/v2\/pages\/15\/revisions"}],"predecessor-version":[{"id":145,"href":"https:\/\/www.cm-evora.pt\/evoracidadeaope\/en\/wp-json\/wp\/v2\/pages\/15\/revisions\/145"}],"wp:attachment":[{"href":"https:\/\/www.cm-evora.pt\/evoracidadeaope\/en\/wp-json\/wp\/v2\/media?parent=15"}],"wp:term":[{"taxonomy":"category","embeddable":true,"href":"https:\/\/www.cm-evora.pt\/evoracidadeaope\/en\/wp-json\/wp\/v2\/categories?post=15"}],"curies":[{"name":"wp","href":"https:\/\/api.w.org\/{rel}","templated":true}]}}