{"id":57,"date":"2021-03-31T09:14:37","date_gmt":"2021-03-31T09:14:37","guid":{"rendered":"https:\/\/www.cm-evora.pt\/evoracidadeaope\/?page_id=57"},"modified":"2021-03-31T09:14:37","modified_gmt":"2021-03-31T09:14:37","slug":"o-que-e","status":"publish","type":"page","link":"https:\/\/www.cm-evora.pt\/evoracidadeaope\/en\/o-que-e\/","title":{"rendered":"(Portugu\u00eas) O que \u00e9?"},"content":{"rendered":"<p class=\"qtranxs-available-languages-message qtranxs-available-languages-message-en\">Sorry, this entry is only available in <a href=\"https:\/\/www.cm-evora.pt\/evoracidadeaope\/pt\/wp-json\/wp\/v2\/pages\/57\" class=\"qtranxs-available-language-link qtranxs-available-language-link-pt\" title=\"Portugu\u00eas\">Portugu\u00eas<\/a>.<\/p>","protected":false},"excerpt":{"rendered":"<p>Sorry, this entry is only available in Portugu\u00eas.<\/p>\n","protected":false},"author":34,"featured_media":0,"parent":0,"menu_order":0,"comment_status":"closed","ping_status":"closed","template":"templates-map\/component-text-layout1.php","meta":{"_acf_changed":false,"footnotes":""},"categories":[],"class_list":["post-57","page","type-page","status-publish","hentry"],"acf":[],"yoast_head":"<!-- This site is optimized with the Yoast SEO plugin v25.9 - https:\/\/yoast.com\/wordpress\/plugins\/seo\/ -->\n<title><\/title>\n<meta name=\"robots\" content=\"index, follow, max-snippet:-1, max-image-preview:large, max-video-preview:-1\" \/>\n<link rel=\"canonical\" href=\"https:\/\/www.cm-evora.pt\/evoracidadeaope\/o-que-e\/\" \/>\n<meta property=\"og:locale\" content=\"en_US\" \/>\n<meta property=\"og:type\" content=\"article\" \/>\n<meta property=\"og:title\" content=\"[:pt]O que \u00e9?[:] - \u00c9vora, Cidade ao P\u00e9\" \/>\n<meta property=\"og:description\" content=\"Sorry, this entry is only available in Portugu\u00eas.\" \/>\n<meta property=\"og:url\" content=\"https:\/\/www.cm-evora.pt\/evoracidadeaope\/o-que-e\/\" \/>\n<meta property=\"og:site_name\" content=\"\u00c9vora, Cidade ao P\u00e9\" \/>\n<meta name=\"twitter:card\" content=\"summary_large_image\" \/>\n<meta name=\"twitter:label1\" content=\"Est. reading time\" \/>\n\t<meta name=\"twitter:data1\" content=\"1 minute\" \/>\n<script type=\"application\/ld+json\" class=\"yoast-schema-graph\">{\"@context\":\"https:\/\/schema.org\",\"@graph\":[{\"@type\":\"WebPage\",\"@id\":\"https:\/\/www.cm-evora.pt\/evoracidadeaope\/o-que-e\/\",\"url\":\"https:\/\/www.cm-evora.pt\/evoracidadeaope\/o-que-e\/\",\"name\":\"[:pt]O que \u00e9?[:] - \u00c9vora, Cidade ao P\u00e9\",\"isPartOf\":{\"@id\":\"https:\/\/www.cm-evora.pt\/evoracidadeaope\/#website\"},\"datePublished\":\"2021-03-31T09:14:37+00:00\",\"breadcrumb\":{\"@id\":\"https:\/\/www.cm-evora.pt\/evoracidadeaope\/o-que-e\/#breadcrumb\"},\"inLanguage\":\"en-US\",\"potentialAction\":[{\"@type\":\"ReadAction\",\"target\":[\"https:\/\/www.cm-evora.pt\/evoracidadeaope\/o-que-e\/\"]}]},{\"@type\":\"BreadcrumbList\",\"@id\":\"https:\/\/www.cm-evora.pt\/evoracidadeaope\/o-que-e\/#breadcrumb\",\"itemListElement\":[{\"@type\":\"ListItem\",\"position\":1,\"name\":\"In\u00edcio\",\"item\":\"https:\/\/www.cm-evora.pt\/evoracidadeaope\/\"},{\"@type\":\"ListItem\",\"position\":2,\"name\":\"O que \u00e9?\"}]},{\"@type\":\"WebSite\",\"@id\":\"https:\/\/www.cm-evora.pt\/evoracidadeaope\/#website\",\"url\":\"https:\/\/www.cm-evora.pt\/evoracidadeaope\/\",\"name\":\"\u00c9vora, Cidade ao P\u00e9\",\"description\":\"Just another WP Skillmind Suite site\",\"potentialAction\":[{\"@type\":\"SearchAction\",\"target\":{\"@type\":\"EntryPoint\",\"urlTemplate\":\"https:\/\/www.cm-evora.pt\/evoracidadeaope\/?s={search_term_string}\"},\"query-input\":{\"@type\":\"PropertyValueSpecification\",\"valueRequired\":true,\"valueName\":\"search_term_string\"}}],\"inLanguage\":\"en-US\"}]}<\/script>\n<!-- \/ Yoast SEO plugin. -->","yoast_head_json":{"title":"[:pt]O que \u00e9?[:] - \u00c9vora, Cidade ao P\u00e9","robots":{"index":"index","follow":"follow","max-snippet":"max-snippet:-1","max-image-preview":"max-image-preview:large","max-video-preview":"max-video-preview:-1"},"canonical":"https:\/\/www.cm-evora.pt\/evoracidadeaope\/o-que-e\/","og_locale":"en_US","og_type":"article","og_title":"[:pt]O que \u00e9?[:] - \u00c9vora, Cidade ao P\u00e9","og_description":"Sorry, this entry is only available in Portugu\u00eas.","og_url":"https:\/\/www.cm-evora.pt\/evoracidadeaope\/o-que-e\/","og_site_name":"\u00c9vora, Cidade ao P\u00e9","twitter_card":"summary_large_image","twitter_misc":{"Est. reading time":"1 minute"},"schema":{"@context":"https:\/\/schema.org","@graph":[{"@type":"WebPage","@id":"https:\/\/www.cm-evora.pt\/evoracidadeaope\/o-que-e\/","url":"https:\/\/www.cm-evora.pt\/evoracidadeaope\/o-que-e\/","name":"[:pt]O que \u00e9?[:] - \u00c9vora, Cidade ao P\u00e9","isPartOf":{"@id":"https:\/\/www.cm-evora.pt\/evoracidadeaope\/#website"},"datePublished":"2021-03-31T09:14:37+00:00","breadcrumb":{"@id":"https:\/\/www.cm-evora.pt\/evoracidadeaope\/o-que-e\/#breadcrumb"},"inLanguage":"en-US","potentialAction":[{"@type":"ReadAction","target":["https:\/\/www.cm-evora.pt\/evoracidadeaope\/o-que-e\/"]}]},{"@type":"BreadcrumbList","@id":"https:\/\/www.cm-evora.pt\/evoracidadeaope\/o-que-e\/#breadcrumb","itemListElement":[{"@type":"ListItem","position":1,"name":"In\u00edcio","item":"https:\/\/www.cm-evora.pt\/evoracidadeaope\/"},{"@type":"ListItem","position":2,"name":"O que \u00e9?"}]},{"@type":"WebSite","@id":"https:\/\/www.cm-evora.pt\/evoracidadeaope\/#website","url":"https:\/\/www.cm-evora.pt\/evoracidadeaope\/","name":"\u00c9vora, Cidade ao P\u00e9","description":"Just another WP Skillmind Suite site","potentialAction":[{"@type":"SearchAction","target":{"@type":"EntryPoint","urlTemplate":"https:\/\/www.cm-evora.pt\/evoracidadeaope\/?s={search_term_string}"},"query-input":{"@type":"PropertyValueSpecification","valueRequired":true,"valueName":"search_term_string"}}],"inLanguage":"en-US"}]}},"_links":{"self":[{"href":"https:\/\/www.cm-evora.pt\/evoracidadeaope\/en\/wp-json\/wp\/v2\/pages\/57","targetHints":{"allow":["GET"]}}],"collection":[{"href":"https:\/\/www.cm-evora.pt\/evoracidadeaope\/en\/wp-json\/wp\/v2\/pages"}],"about":[{"href":"https:\/\/www.cm-evora.pt\/evoracidadeaope\/en\/wp-json\/wp\/v2\/types\/page"}],"author":[{"embeddable":true,"href":"https:\/\/www.cm-evora.pt\/evoracidadeaope\/en\/wp-json\/wp\/v2\/users\/34"}],"replies":[{"embeddable":true,"href":"https:\/\/www.cm-evora.pt\/evoracidadeaope\/en\/wp-json\/wp\/v2\/comments?post=57"}],"version-history":[{"count":1,"href":"https:\/\/www.cm-evora.pt\/evoracidadeaope\/en\/wp-json\/wp\/v2\/pages\/57\/revisions"}],"predecessor-version":[{"id":58,"href":"https:\/\/www.cm-evora.pt\/evoracidadeaope\/en\/wp-json\/wp\/v2\/pages\/57\/revisions\/58"}],"wp:attachment":[{"href":"https:\/\/www.cm-evora.pt\/evoracidadeaope\/en\/wp-json\/wp\/v2\/media?parent=57"}],"wp:term":[{"taxonomy":"category","embeddable":true,"href":"https:\/\/www.cm-evora.pt\/evoracidadeaope\/en\/wp-json\/wp\/v2\/categories?post=57"}],"curies":[{"name":"wp","href":"https:\/\/api.w.org\/{rel}","templated":true}]}}