{"id":15,"date":"2021-03-26T10:12:09","date_gmt":"2021-03-26T10:12:09","guid":{"rendered":"https:\/\/www.cm-evora.pt\/evoracidadeaope\/?page_id=15"},"modified":"2021-04-19T14:40:39","modified_gmt":"2021-04-19T14:40:39","slug":"inscricao","status":"publish","type":"page","link":"https:\/\/www.cm-evora.pt\/evoracidadeaope\/inscricao\/","title":{"rendered":"Inscri\u00e7\u00e3o"},"content":{"rendered":"<p>Para participarem nas diversas iniciativas os interessados ter\u00e3o apenas que efetuar uma inscri\u00e7\u00e3o, sendo que existem duas op\u00e7\u00f5es:<\/p>\n<ol>\n<li><strong>Inscri\u00e7\u00e3o Gratuita<\/strong> (sem limite de inscri\u00e7\u00f5es) \u2013 com direito participar em todas as iniciativas e a receber o dorsal e o diploma de participa\u00e7\u00e3o em formato digital;<\/li>\n<li><strong>Inscri\u00e7\u00e3o Paga<\/strong> (limitada a 300 inscri\u00e7\u00f5es) \u2013 com direito participar em todas as iniciativas e a receber o dorsal, o diploma de participa\u00e7\u00e3o em formato digital e ainda o kit de participa\u00e7\u00e3o.<\/li>\n<\/ol>\n<p>&nbsp;<\/p>\n<p>Os participantes dever\u00e3o assegurar-se previamente, de acordo com o disposto na Lei de Bases da Atividade F\u00edsica e do Desporto, que re\u00fanem as condi\u00e7\u00f5es f\u00edsicas e de sa\u00fade para a pr\u00e1tica desportiva a realizar: caminhada, corrida ou bicicleta.<\/p>\n<p>As inscri\u00e7\u00f5es s\u00e3o pessoais e intransmiss\u00edveis.<\/p>\n<p>A partir do ato de inscri\u00e7\u00e3o presume-se que todos os participantes aceitam o <a href=\"https:\/\/www.cm-evora.pt\/evoracidadeaope\/regulamento\/\" target=\"_blank\" rel=\"noopener\">regulamento<\/a>.<\/p>\n<p>Para o esclarecimento de qualquer d\u00favida, ou para qualquer quest\u00e3o n\u00e3o prevista no presente regulamento, os participantes dever\u00e3o entrar em contacto com a organiza\u00e7\u00e3o atrav\u00e9s do e-mail: hugo.matias@cm-evora.pt.<\/p>\n<p>&nbsp;<\/p>\n<p><strong>VALORES<br \/>\n<\/strong>As inscri\u00e7\u00f5es pagas s\u00e3o no valor de 7\u20ac (<strong>O VALOR DA INSCRI\u00c7\u00c3O INCLUI A PARTICIPA\u00c7\u00c3O EM TODAS AS INICIATIVAS<\/strong>).<\/p>\n<p><strong><br \/>\nCOMPONENTE SOLID\u00c1RIA DA INICIATIVA<br \/>\n<\/strong>Por cada inscri\u00e7\u00e3o paga, 1\u20ac reverte a favor dos Bombeiros Volunt\u00e1rios de \u00c9vora.<\/p>\n<p><strong><br \/>\nDEVOLU\u00c7\u00d5ES<br \/>\n<\/strong>N\u00e3o haver\u00e1 direito a devolu\u00e7\u00f5es do valor do pagamento da inscri\u00e7\u00e3o, exceto se todas as iniciativas forem anuladas por motivos imput\u00e1veis \u00e0 Organiza\u00e7\u00e3o<\/p>\n<p><strong><br \/>\nDESCRI\u00c7\u00c3O DOS KITS<br \/>\n<\/strong>O kit de participa\u00e7\u00e3o, referente \u00e0s inscri\u00e7\u00f5es pagas, ser\u00e1 constitu\u00eddo pelo seguinte:<\/p>\n<ol>\n<li>1 T-shirt t\u00e9cnica \u201c\u00c9vora Cidade ao P\u00e9\u201d;<\/li>\n<li>1 Medalha de participa\u00e7\u00e3o.<\/li>\n<\/ol>\n<p><strong><br \/>\nT-SHIRT T\u00c9CNICA<\/strong><\/p>\n<p>A t-shirt \u201c\u00c9vora Cidade ao P\u00e9\u201d, tem dois modelos dispon\u00edveis, senhora e homem, estando dispon\u00edveis os seguintes tamanhos:<\/p>\n<p style=\"padding-left: 40px\">a) Modelo de Senhora<\/p>\n<p style=\"padding-left: 40px\"><img loading=\"lazy\" decoding=\"async\" class=\"alignnone wp-image-129\" src=\"https:\/\/www.cm-evora.pt\/evoracidadeaope\/wp-content\/uploads\/sites\/10\/2021\/04\/tshit_senhora.jpg\" alt=\"\" width=\"267\" height=\"116\" srcset=\"https:\/\/www.cm-evora.pt\/evoracidadeaope\/wp-content\/uploads\/sites\/10\/2021\/04\/tshit_senhora.jpg 760w, https:\/\/www.cm-evora.pt\/evoracidadeaope\/wp-content\/uploads\/sites\/10\/2021\/04\/tshit_senhora-300x130.jpg 300w\" sizes=\"auto, (max-width: 267px) 100vw, 267px\" \/><\/p>\n<p style=\"padding-left: 40px\">b) Modelo de Homem<\/p>\n<p style=\"padding-left: 40px\"><img loading=\"lazy\" decoding=\"async\" class=\"alignnone wp-image-130\" src=\"https:\/\/www.cm-evora.pt\/evoracidadeaope\/wp-content\/uploads\/sites\/10\/2021\/04\/tshit_homem.jpg\" alt=\"\" width=\"267\" height=\"112\" srcset=\"https:\/\/www.cm-evora.pt\/evoracidadeaope\/wp-content\/uploads\/sites\/10\/2021\/04\/tshit_homem.jpg 783w, https:\/\/www.cm-evora.pt\/evoracidadeaope\/wp-content\/uploads\/sites\/10\/2021\/04\/tshit_homem-300x126.jpg 300w, https:\/\/www.cm-evora.pt\/evoracidadeaope\/wp-content\/uploads\/sites\/10\/2021\/04\/tshit_homem-768x322.jpg 768w\" sizes=\"auto, (max-width: 267px) 100vw, 267px\" \/><\/p>\n<p style=\"padding-left: 40px\">O tamanho de cada t-shirt ser\u00e1 escolhido no formul\u00e1rio de inscri\u00e7\u00e3o da prova (mediante stock dispon\u00edvel).<br \/>\nAp\u00f3s a confirma\u00e7\u00e3o da inscri\u00e7\u00e3o por parte da organiza\u00e7\u00e3o, o levantamento da t-shirt ser\u00e1 efetuado nas Piscinas Municipais de \u00c9vora.<br \/>\nN\u00e3o ser\u00e3o aceites trocas de tamanhos de t-shirts.<br \/>\nCada inscri\u00e7\u00e3o s\u00f3 ter\u00e1 direito a uma t-shirt.<\/p>\n<p><\/p>","protected":false},"excerpt":{"rendered":"<p>Para participarem nas diversas iniciativas os interessados ter\u00e3o apenas que efetuar uma inscri\u00e7\u00e3o, sendo que existem duas op\u00e7\u00f5es: Inscri\u00e7\u00e3o Gratuita (sem limite de inscri\u00e7\u00f5es) \u2013 com direito participar em todas as iniciativas e a receber o dorsal e o diploma de participa\u00e7\u00e3o em formato digital; Inscri\u00e7\u00e3o Paga (limitada a 300 inscri\u00e7\u00f5es) \u2013 com direito participar [&hellip;]<\/p>\n","protected":false},"author":34,"featured_media":0,"parent":0,"menu_order":0,"comment_status":"closed","ping_status":"closed","template":"templates-map\/component-text-layout1.php","meta":{"_acf_changed":false,"footnotes":""},"categories":[],"class_list":["post-15","page","type-page","status-publish","hentry"],"acf":[],"yoast_head":"<!-- This site is optimized with the Yoast SEO plugin v25.9 - https:\/\/yoast.com\/wordpress\/plugins\/seo\/ -->\n<title>Inscri\u00e7\u00e3o - \u00c9vora, Cidade ao P\u00e9<\/title>\n<meta name=\"robots\" content=\"index, follow, max-snippet:-1, max-image-preview:large, max-video-preview:-1\" \/>\n<link rel=\"canonical\" href=\"https:\/\/www.cm-evora.pt\/evoracidadeaope\/inscricao\/\" \/>\n<meta property=\"og:locale\" content=\"pt_PT\" \/>\n<meta property=\"og:type\" content=\"article\" \/>\n<meta property=\"og:title\" content=\"[:pt]Inscri\u00e7\u00e3o[:] - \u00c9vora, Cidade ao P\u00e9\" \/>\n<meta property=\"og:description\" content=\"Para participarem nas diversas iniciativas os interessados ter\u00e3o apenas que efetuar uma inscri\u00e7\u00e3o, sendo que existem duas op\u00e7\u00f5es: Inscri\u00e7\u00e3o Gratuita (sem limite de inscri\u00e7\u00f5es) \u2013 com direito participar em todas as iniciativas e a receber o dorsal e o diploma de participa\u00e7\u00e3o em formato digital; Inscri\u00e7\u00e3o Paga (limitada a 300 inscri\u00e7\u00f5es) \u2013 com direito participar [&hellip;]\" \/>\n<meta property=\"og:url\" content=\"https:\/\/www.cm-evora.pt\/evoracidadeaope\/inscricao\/\" \/>\n<meta property=\"og:site_name\" content=\"\u00c9vora, Cidade ao P\u00e9\" \/>\n<meta property=\"article:modified_time\" content=\"2021-04-19T14:40:39+00:00\" \/>\n<meta property=\"og:image\" content=\"https:\/\/www.cm-evora.pt\/evoracidadeaope\/wp-content\/uploads\/sites\/10\/2021\/04\/tshit_senhora.jpg\" \/>\n<meta name=\"twitter:card\" content=\"summary_large_image\" \/>\n<meta name=\"twitter:label1\" content=\"Tempo estimado de leitura\" \/>\n\t<meta name=\"twitter:data1\" content=\"2 minutos\" \/>\n<script type=\"application\/ld+json\" class=\"yoast-schema-graph\">{\"@context\":\"https:\/\/schema.org\",\"@graph\":[{\"@type\":\"WebPage\",\"@id\":\"https:\/\/www.cm-evora.pt\/evoracidadeaope\/inscricao\/\",\"url\":\"https:\/\/www.cm-evora.pt\/evoracidadeaope\/inscricao\/\",\"name\":\"[:pt]Inscri\u00e7\u00e3o[:] - \u00c9vora, Cidade ao P\u00e9\",\"isPartOf\":{\"@id\":\"https:\/\/www.cm-evora.pt\/evoracidadeaope\/#website\"},\"primaryImageOfPage\":{\"@id\":\"https:\/\/www.cm-evora.pt\/evoracidadeaope\/inscricao\/#primaryimage\"},\"image\":{\"@id\":\"https:\/\/www.cm-evora.pt\/evoracidadeaope\/inscricao\/#primaryimage\"},\"thumbnailUrl\":\"https:\/\/www.cm-evora.pt\/evoracidadeaope\/wp-content\/uploads\/sites\/10\/2021\/04\/tshit_senhora.jpg\",\"datePublished\":\"2021-03-26T10:12:09+00:00\",\"dateModified\":\"2021-04-19T14:40:39+00:00\",\"breadcrumb\":{\"@id\":\"https:\/\/www.cm-evora.pt\/evoracidadeaope\/inscricao\/#breadcrumb\"},\"inLanguage\":\"pt-PT\",\"potentialAction\":[{\"@type\":\"ReadAction\",\"target\":[\"https:\/\/www.cm-evora.pt\/evoracidadeaope\/inscricao\/\"]}]},{\"@type\":\"ImageObject\",\"inLanguage\":\"pt-PT\",\"@id\":\"https:\/\/www.cm-evora.pt\/evoracidadeaope\/inscricao\/#primaryimage\",\"url\":\"https:\/\/www.cm-evora.pt\/evoracidadeaope\/wp-content\/uploads\/sites\/10\/2021\/04\/tshit_senhora.jpg\",\"contentUrl\":\"https:\/\/www.cm-evora.pt\/evoracidadeaope\/wp-content\/uploads\/sites\/10\/2021\/04\/tshit_senhora.jpg\",\"width\":760,\"height\":330},{\"@type\":\"BreadcrumbList\",\"@id\":\"https:\/\/www.cm-evora.pt\/evoracidadeaope\/inscricao\/#breadcrumb\",\"itemListElement\":[{\"@type\":\"ListItem\",\"position\":1,\"name\":\"In\u00edcio\",\"item\":\"https:\/\/www.cm-evora.pt\/evoracidadeaope\/\"},{\"@type\":\"ListItem\",\"position\":2,\"name\":\"Inscri\u00e7\u00e3o\"}]},{\"@type\":\"WebSite\",\"@id\":\"https:\/\/www.cm-evora.pt\/evoracidadeaope\/#website\",\"url\":\"https:\/\/www.cm-evora.pt\/evoracidadeaope\/\",\"name\":\"\u00c9vora, Cidade ao P\u00e9\",\"description\":\"Just another WP Skillmind Suite site\",\"potentialAction\":[{\"@type\":\"SearchAction\",\"target\":{\"@type\":\"EntryPoint\",\"urlTemplate\":\"https:\/\/www.cm-evora.pt\/evoracidadeaope\/?s={search_term_string}\"},\"query-input\":{\"@type\":\"PropertyValueSpecification\",\"valueRequired\":true,\"valueName\":\"search_term_string\"}}],\"inLanguage\":\"pt-PT\"}]}<\/script>\n<!-- \/ Yoast SEO plugin. -->","yoast_head_json":{"title":"[:pt]Inscri\u00e7\u00e3o[:] - \u00c9vora, Cidade ao P\u00e9","robots":{"index":"index","follow":"follow","max-snippet":"max-snippet:-1","max-image-preview":"max-image-preview:large","max-video-preview":"max-video-preview:-1"},"canonical":"https:\/\/www.cm-evora.pt\/evoracidadeaope\/inscricao\/","og_locale":"pt_PT","og_type":"article","og_title":"[:pt]Inscri\u00e7\u00e3o[:] - \u00c9vora, Cidade ao P\u00e9","og_description":"Para participarem nas diversas iniciativas os interessados ter\u00e3o apenas que efetuar uma inscri\u00e7\u00e3o, sendo que existem duas op\u00e7\u00f5es: Inscri\u00e7\u00e3o Gratuita (sem limite de inscri\u00e7\u00f5es) \u2013 com direito participar em todas as iniciativas e a receber o dorsal e o diploma de participa\u00e7\u00e3o em formato digital; Inscri\u00e7\u00e3o Paga (limitada a 300 inscri\u00e7\u00f5es) \u2013 com direito participar [&hellip;]","og_url":"https:\/\/www.cm-evora.pt\/evoracidadeaope\/inscricao\/","og_site_name":"\u00c9vora, Cidade ao P\u00e9","article_modified_time":"2021-04-19T14:40:39+00:00","og_image":[{"url":"https:\/\/www.cm-evora.pt\/evoracidadeaope\/wp-content\/uploads\/sites\/10\/2021\/04\/tshit_senhora.jpg","type":"","width":"","height":""}],"twitter_card":"summary_large_image","twitter_misc":{"Tempo estimado de leitura":"2 minutos"},"schema":{"@context":"https:\/\/schema.org","@graph":[{"@type":"WebPage","@id":"https:\/\/www.cm-evora.pt\/evoracidadeaope\/inscricao\/","url":"https:\/\/www.cm-evora.pt\/evoracidadeaope\/inscricao\/","name":"[:pt]Inscri\u00e7\u00e3o[:] - \u00c9vora, Cidade ao P\u00e9","isPartOf":{"@id":"https:\/\/www.cm-evora.pt\/evoracidadeaope\/#website"},"primaryImageOfPage":{"@id":"https:\/\/www.cm-evora.pt\/evoracidadeaope\/inscricao\/#primaryimage"},"image":{"@id":"https:\/\/www.cm-evora.pt\/evoracidadeaope\/inscricao\/#primaryimage"},"thumbnailUrl":"https:\/\/www.cm-evora.pt\/evoracidadeaope\/wp-content\/uploads\/sites\/10\/2021\/04\/tshit_senhora.jpg","datePublished":"2021-03-26T10:12:09+00:00","dateModified":"2021-04-19T14:40:39+00:00","breadcrumb":{"@id":"https:\/\/www.cm-evora.pt\/evoracidadeaope\/inscricao\/#breadcrumb"},"inLanguage":"pt-PT","potentialAction":[{"@type":"ReadAction","target":["https:\/\/www.cm-evora.pt\/evoracidadeaope\/inscricao\/"]}]},{"@type":"ImageObject","inLanguage":"pt-PT","@id":"https:\/\/www.cm-evora.pt\/evoracidadeaope\/inscricao\/#primaryimage","url":"https:\/\/www.cm-evora.pt\/evoracidadeaope\/wp-content\/uploads\/sites\/10\/2021\/04\/tshit_senhora.jpg","contentUrl":"https:\/\/www.cm-evora.pt\/evoracidadeaope\/wp-content\/uploads\/sites\/10\/2021\/04\/tshit_senhora.jpg","width":760,"height":330},{"@type":"BreadcrumbList","@id":"https:\/\/www.cm-evora.pt\/evoracidadeaope\/inscricao\/#breadcrumb","itemListElement":[{"@type":"ListItem","position":1,"name":"In\u00edcio","item":"https:\/\/www.cm-evora.pt\/evoracidadeaope\/"},{"@type":"ListItem","position":2,"name":"Inscri\u00e7\u00e3o"}]},{"@type":"WebSite","@id":"https:\/\/www.cm-evora.pt\/evoracidadeaope\/#website","url":"https:\/\/www.cm-evora.pt\/evoracidadeaope\/","name":"\u00c9vora, Cidade ao P\u00e9","description":"Just another WP Skillmind Suite site","potentialAction":[{"@type":"SearchAction","target":{"@type":"EntryPoint","urlTemplate":"https:\/\/www.cm-evora.pt\/evoracidadeaope\/?s={search_term_string}"},"query-input":{"@type":"PropertyValueSpecification","valueRequired":true,"valueName":"search_term_string"}}],"inLanguage":"pt-PT"}]}},"_links":{"self":[{"href":"https:\/\/www.cm-evora.pt\/evoracidadeaope\/wp-json\/wp\/v2\/pages\/15","targetHints":{"allow":["GET"]}}],"collection":[{"href":"https:\/\/www.cm-evora.pt\/evoracidadeaope\/wp-json\/wp\/v2\/pages"}],"about":[{"href":"https:\/\/www.cm-evora.pt\/evoracidadeaope\/wp-json\/wp\/v2\/types\/page"}],"author":[{"embeddable":true,"href":"https:\/\/www.cm-evora.pt\/evoracidadeaope\/wp-json\/wp\/v2\/users\/34"}],"replies":[{"embeddable":true,"href":"https:\/\/www.cm-evora.pt\/evoracidadeaope\/wp-json\/wp\/v2\/comments?post=15"}],"version-history":[{"count":9,"href":"https:\/\/www.cm-evora.pt\/evoracidadeaope\/wp-json\/wp\/v2\/pages\/15\/revisions"}],"predecessor-version":[{"id":145,"href":"https:\/\/www.cm-evora.pt\/evoracidadeaope\/wp-json\/wp\/v2\/pages\/15\/revisions\/145"}],"wp:attachment":[{"href":"https:\/\/www.cm-evora.pt\/evoracidadeaope\/wp-json\/wp\/v2\/media?parent=15"}],"wp:term":[{"taxonomy":"category","embeddable":true,"href":"https:\/\/www.cm-evora.pt\/evoracidadeaope\/wp-json\/wp\/v2\/categories?post=15"}],"curies":[{"name":"wp","href":"https:\/\/api.w.org\/{rel}","templated":true}]}}