{"id":57,"date":"2021-03-31T09:14:37","date_gmt":"2021-03-31T09:14:37","guid":{"rendered":"https:\/\/www.cm-evora.pt\/evoracidadeaope\/?page_id=57"},"modified":"2021-03-31T09:14:37","modified_gmt":"2021-03-31T09:14:37","slug":"o-que-e","status":"publish","type":"page","link":"https:\/\/www.cm-evora.pt\/evoracidadeaope\/o-que-e\/","title":{"rendered":"O que \u00e9?"},"content":{"rendered":"<p><span style=\"font-family: 'Calibri',sans-serif;color: black\">\u201c\u00c9vora Cidade ao P\u00e9\u201d mais do que um programa \u00e9 um lema, com v\u00e1rias iniciativas agregadas, em que as atividades de caminhar, correr e pedalar s\u00e3o abordadas de maneiras diferentes: na vertente desportiva seja de lazer ou supera\u00e7\u00e3o pessoal, na vertente do turismo ativo, na vertente da mobilidade ativa, na vertente da atividade f\u00edsica presente nas viagens casa-destino-casa ou, ainda, associadas \u00e0 preserva\u00e7\u00e3o do ambiente. Cabem ainda neste programa as quest\u00f5es associadas \u00e0 seguran\u00e7a das caminhadas, as marca\u00e7\u00f5es, as sinal\u00e9ticas, as informa\u00e7\u00f5es e a\u00e7\u00f5es educativas.<\/span><\/p>\n<p><span style=\"font-family: 'Calibri',sans-serif;color: black\">Esta \u00e9 uma iniciativa destinada a promover o desporto e as atitudes desportivas, atrav\u00e9s do pedestrianismo, da corrida e ou uso da bicicleta, sendo um convite a conhecer o patrim\u00f3nio atrav\u00e9s do desporto.<\/span><\/p>\n<p><span style=\"font-family: 'Calibri',sans-serif;color: black\">Enquanto atividade desportiva, visa, sobretudo, a divers\u00e3o, a conviv\u00eancia e a ocupa\u00e7\u00e3o dos tempos livres dos participantes atrav\u00e9s das caminhadas, das corridas e dos passeios de bicicleta.<\/span><\/p>\n<p><span style=\"font-family: 'Calibri',sans-serif;color: black\">Esta iniciativa ir\u00e1 contribuir tamb\u00e9m para a preserva\u00e7\u00e3o do ambiente, em especial no que diz respeito \u00e0 qualidade do ar. <\/span><\/p>\n<p><span style=\"font-family: 'Calibri',sans-serif;color: black\">Pretende-se que se pense em \u00c9vora universal, em \u00c9vora j\u00e1 ali, em \u00c9vora em que tudo pode ser feito com o p\u00e9, seja ele a andar a correr ou a pedalar, em \u00c9vora sustent\u00e1vel, onde se promove ativamente a participa\u00e7\u00e3o e corresponsabilidade de todos os seus habitantes na ado\u00e7\u00e3o de estilos de vida e de consumo justos, resilientes e sustent\u00e1veis.\u200b<\/span><\/p>","protected":false},"excerpt":{"rendered":"<p>\u201c\u00c9vora Cidade ao P\u00e9\u201d mais do que um programa \u00e9 um lema, com v\u00e1rias iniciativas agregadas, em que as atividades de caminhar, correr e pedalar s\u00e3o abordadas de maneiras diferentes: na vertente desportiva seja de lazer ou supera\u00e7\u00e3o pessoal, na vertente do turismo ativo, na vertente da mobilidade ativa, na vertente da atividade f\u00edsica presente [&hellip;]<\/p>\n","protected":false},"author":34,"featured_media":0,"parent":0,"menu_order":0,"comment_status":"closed","ping_status":"closed","template":"templates-map\/component-text-layout1.php","meta":{"_acf_changed":false,"footnotes":""},"categories":[],"class_list":["post-57","page","type-page","status-publish","hentry"],"acf":[],"yoast_head":"<!-- This site is optimized with the Yoast SEO plugin v25.9 - https:\/\/yoast.com\/wordpress\/plugins\/seo\/ -->\n<title>O que \u00e9? - \u00c9vora, Cidade ao P\u00e9<\/title>\n<meta name=\"robots\" content=\"index, follow, max-snippet:-1, max-image-preview:large, max-video-preview:-1\" \/>\n<link rel=\"canonical\" href=\"https:\/\/www.cm-evora.pt\/evoracidadeaope\/o-que-e\/\" \/>\n<meta property=\"og:locale\" content=\"pt_PT\" \/>\n<meta property=\"og:type\" content=\"article\" \/>\n<meta property=\"og:title\" content=\"[:pt]O que \u00e9?[:] - \u00c9vora, Cidade ao P\u00e9\" \/>\n<meta property=\"og:description\" content=\"\u201c\u00c9vora Cidade ao P\u00e9\u201d mais do que um programa \u00e9 um lema, com v\u00e1rias iniciativas agregadas, em que as atividades de caminhar, correr e pedalar s\u00e3o abordadas de maneiras diferentes: na vertente desportiva seja de lazer ou supera\u00e7\u00e3o pessoal, na vertente do turismo ativo, na vertente da mobilidade ativa, na vertente da atividade f\u00edsica presente [&hellip;]\" \/>\n<meta property=\"og:url\" content=\"https:\/\/www.cm-evora.pt\/evoracidadeaope\/o-que-e\/\" \/>\n<meta property=\"og:site_name\" content=\"\u00c9vora, Cidade ao P\u00e9\" \/>\n<meta name=\"twitter:card\" content=\"summary_large_image\" \/>\n<meta name=\"twitter:label1\" content=\"Tempo estimado de leitura\" \/>\n\t<meta name=\"twitter:data1\" content=\"1 minuto\" \/>\n<script type=\"application\/ld+json\" class=\"yoast-schema-graph\">{\"@context\":\"https:\/\/schema.org\",\"@graph\":[{\"@type\":\"WebPage\",\"@id\":\"https:\/\/www.cm-evora.pt\/evoracidadeaope\/o-que-e\/\",\"url\":\"https:\/\/www.cm-evora.pt\/evoracidadeaope\/o-que-e\/\",\"name\":\"[:pt]O que \u00e9?[:] - \u00c9vora, Cidade ao P\u00e9\",\"isPartOf\":{\"@id\":\"https:\/\/www.cm-evora.pt\/evoracidadeaope\/#website\"},\"datePublished\":\"2021-03-31T09:14:37+00:00\",\"breadcrumb\":{\"@id\":\"https:\/\/www.cm-evora.pt\/evoracidadeaope\/o-que-e\/#breadcrumb\"},\"inLanguage\":\"pt-PT\",\"potentialAction\":[{\"@type\":\"ReadAction\",\"target\":[\"https:\/\/www.cm-evora.pt\/evoracidadeaope\/o-que-e\/\"]}]},{\"@type\":\"BreadcrumbList\",\"@id\":\"https:\/\/www.cm-evora.pt\/evoracidadeaope\/o-que-e\/#breadcrumb\",\"itemListElement\":[{\"@type\":\"ListItem\",\"position\":1,\"name\":\"In\u00edcio\",\"item\":\"https:\/\/www.cm-evora.pt\/evoracidadeaope\/\"},{\"@type\":\"ListItem\",\"position\":2,\"name\":\"O que \u00e9?\"}]},{\"@type\":\"WebSite\",\"@id\":\"https:\/\/www.cm-evora.pt\/evoracidadeaope\/#website\",\"url\":\"https:\/\/www.cm-evora.pt\/evoracidadeaope\/\",\"name\":\"\u00c9vora, Cidade ao P\u00e9\",\"description\":\"Just another WP Skillmind Suite site\",\"potentialAction\":[{\"@type\":\"SearchAction\",\"target\":{\"@type\":\"EntryPoint\",\"urlTemplate\":\"https:\/\/www.cm-evora.pt\/evoracidadeaope\/?s={search_term_string}\"},\"query-input\":{\"@type\":\"PropertyValueSpecification\",\"valueRequired\":true,\"valueName\":\"search_term_string\"}}],\"inLanguage\":\"pt-PT\"}]}<\/script>\n<!-- \/ Yoast SEO plugin. -->","yoast_head_json":{"title":"[:pt]O que \u00e9?[:] - \u00c9vora, Cidade ao P\u00e9","robots":{"index":"index","follow":"follow","max-snippet":"max-snippet:-1","max-image-preview":"max-image-preview:large","max-video-preview":"max-video-preview:-1"},"canonical":"https:\/\/www.cm-evora.pt\/evoracidadeaope\/o-que-e\/","og_locale":"pt_PT","og_type":"article","og_title":"[:pt]O que \u00e9?[:] - \u00c9vora, Cidade ao P\u00e9","og_description":"\u201c\u00c9vora Cidade ao P\u00e9\u201d mais do que um programa \u00e9 um lema, com v\u00e1rias iniciativas agregadas, em que as atividades de caminhar, correr e pedalar s\u00e3o abordadas de maneiras diferentes: na vertente desportiva seja de lazer ou supera\u00e7\u00e3o pessoal, na vertente do turismo ativo, na vertente da mobilidade ativa, na vertente da atividade f\u00edsica presente [&hellip;]","og_url":"https:\/\/www.cm-evora.pt\/evoracidadeaope\/o-que-e\/","og_site_name":"\u00c9vora, Cidade ao P\u00e9","twitter_card":"summary_large_image","twitter_misc":{"Tempo estimado de leitura":"1 minuto"},"schema":{"@context":"https:\/\/schema.org","@graph":[{"@type":"WebPage","@id":"https:\/\/www.cm-evora.pt\/evoracidadeaope\/o-que-e\/","url":"https:\/\/www.cm-evora.pt\/evoracidadeaope\/o-que-e\/","name":"[:pt]O que \u00e9?[:] - \u00c9vora, Cidade ao P\u00e9","isPartOf":{"@id":"https:\/\/www.cm-evora.pt\/evoracidadeaope\/#website"},"datePublished":"2021-03-31T09:14:37+00:00","breadcrumb":{"@id":"https:\/\/www.cm-evora.pt\/evoracidadeaope\/o-que-e\/#breadcrumb"},"inLanguage":"pt-PT","potentialAction":[{"@type":"ReadAction","target":["https:\/\/www.cm-evora.pt\/evoracidadeaope\/o-que-e\/"]}]},{"@type":"BreadcrumbList","@id":"https:\/\/www.cm-evora.pt\/evoracidadeaope\/o-que-e\/#breadcrumb","itemListElement":[{"@type":"ListItem","position":1,"name":"In\u00edcio","item":"https:\/\/www.cm-evora.pt\/evoracidadeaope\/"},{"@type":"ListItem","position":2,"name":"O que \u00e9?"}]},{"@type":"WebSite","@id":"https:\/\/www.cm-evora.pt\/evoracidadeaope\/#website","url":"https:\/\/www.cm-evora.pt\/evoracidadeaope\/","name":"\u00c9vora, Cidade ao P\u00e9","description":"Just another WP Skillmind Suite site","potentialAction":[{"@type":"SearchAction","target":{"@type":"EntryPoint","urlTemplate":"https:\/\/www.cm-evora.pt\/evoracidadeaope\/?s={search_term_string}"},"query-input":{"@type":"PropertyValueSpecification","valueRequired":true,"valueName":"search_term_string"}}],"inLanguage":"pt-PT"}]}},"_links":{"self":[{"href":"https:\/\/www.cm-evora.pt\/evoracidadeaope\/wp-json\/wp\/v2\/pages\/57","targetHints":{"allow":["GET"]}}],"collection":[{"href":"https:\/\/www.cm-evora.pt\/evoracidadeaope\/wp-json\/wp\/v2\/pages"}],"about":[{"href":"https:\/\/www.cm-evora.pt\/evoracidadeaope\/wp-json\/wp\/v2\/types\/page"}],"author":[{"embeddable":true,"href":"https:\/\/www.cm-evora.pt\/evoracidadeaope\/wp-json\/wp\/v2\/users\/34"}],"replies":[{"embeddable":true,"href":"https:\/\/www.cm-evora.pt\/evoracidadeaope\/wp-json\/wp\/v2\/comments?post=57"}],"version-history":[{"count":1,"href":"https:\/\/www.cm-evora.pt\/evoracidadeaope\/wp-json\/wp\/v2\/pages\/57\/revisions"}],"predecessor-version":[{"id":58,"href":"https:\/\/www.cm-evora.pt\/evoracidadeaope\/wp-json\/wp\/v2\/pages\/57\/revisions\/58"}],"wp:attachment":[{"href":"https:\/\/www.cm-evora.pt\/evoracidadeaope\/wp-json\/wp\/v2\/media?parent=57"}],"wp:term":[{"taxonomy":"category","embeddable":true,"href":"https:\/\/www.cm-evora.pt\/evoracidadeaope\/wp-json\/wp\/v2\/categories?post=57"}],"curies":[{"name":"wp","href":"https:\/\/api.w.org\/{rel}","templated":true}]}}