{"id":10,"date":"2021-05-25T16:45:38","date_gmt":"2021-05-25T16:45:38","guid":{"rendered":"https:\/\/www.cm-evora.pt\/mutic\/?page_id=10"},"modified":"2024-09-25T15:26:19","modified_gmt":"2024-09-25T15:26:19","slug":"contatos","status":"publish","type":"page","link":"https:\/\/www.cm-evora.pt\/mutic\/contatos\/","title":{"rendered":"Contactos"},"content":{"rendered":"<p><\/p>\n<p align=\"justify\"><span style=\"font-family: Verdana;font-size: small\"><b><span style=\"color: #800000;font-family: Verdana\">COMO CONTACTAR O MUTIC<\/span><\/b><\/span><\/p>\n<p align=\"justify\"><span style=\"font-family: Verdana;font-size: small\"><b style=\"font-family: Verdana;font-size: small\">Para quest\u00f5es relacionadas com assist\u00eancia t\u00e9cnica utilize o <\/b><span style=\"font-family: Verdana;font-size: small\"><b>formul\u00e1rio<\/b><\/span><b style=\"font-family: Verdana;font-size: small\"> <\/b><\/span><span style=\"font-family: Verdana;font-size: small\"><a href=\"https:\/\/www.cm-evora.pt\/mutic\/pedido-de-assistencia\/\">https:\/\/www.cm-evora.pt\/mutic\/pedido-de-assistencia\/<\/a><\/span><\/p>\n<p align=\"justify\"><span style=\"font-family: Verdana;font-size: small\"><b>Para outras quest\u00f5es:\u00a0<\/b><\/span><\/p>\n<p align=\"justify\"><span style=\"font-family: Verdana;font-size: small\">Telem\u00f3vel: +351 966 898 270<br \/>\n<\/span><span style=\"font-family: Verdana;font-size: small\">Email: <a href=\"mailto:mutic@cm-evora.pt\">mutic@cm-evora.pt<\/a>\u00a0<\/span><\/p>\n<p align=\"justify\"><span style=\"font-family: Verdana;font-size: small\">A funcionar entre as 09h00 e as 17h30 horas (com intervalo entre as 13h00 e as 14h00) nos dias \u00fateis.<br \/>\nAos fins de semana e feriados estar\u00e1 dependente da exist\u00eancia de a\u00e7\u00f5es ou atividades a decorrer.<\/span><\/p>\n<p><\/p>","protected":false},"excerpt":{"rendered":"<p>COMO CONTACTAR O MUTIC Para quest\u00f5es relacionadas com assist\u00eancia t\u00e9cnica utilize o formul\u00e1rio https:\/\/www.cm-evora.pt\/mutic\/pedido-de-assistencia\/ Para outras quest\u00f5es:\u00a0 Telem\u00f3vel: +351 966 898 270 Email: mutic@cm-evora.pt\u00a0 A funcionar entre as 09h00 e as 17h30 horas (com intervalo entre as 13h00 e as 14h00) nos dias \u00fateis. Aos fins de semana e feriados estar\u00e1 dependente da exist\u00eancia de [&hellip;]<\/p>\n","protected":false},"author":34,"featured_media":0,"parent":0,"menu_order":0,"comment_status":"closed","ping_status":"closed","template":"templates-map\/component-text-layout1.php","meta":{"_acf_changed":false,"footnotes":""},"categories":[],"class_list":["post-10","page","type-page","status-publish","hentry"],"acf":[],"yoast_head":"<!-- This site is optimized with the Yoast SEO plugin v25.9 - https:\/\/yoast.com\/wordpress\/plugins\/seo\/ -->\n<title>Contactos - Mutic<\/title>\n<meta name=\"robots\" content=\"index, follow, max-snippet:-1, max-image-preview:large, max-video-preview:-1\" \/>\n<link rel=\"canonical\" href=\"https:\/\/www.cm-evora.pt\/mutic\/contatos\/\" \/>\n<meta name=\"twitter:card\" content=\"summary_large_image\" \/>\n<meta name=\"twitter:title\" content=\"[:pt]Contactos[:] - Mutic\" \/>\n<meta name=\"twitter:description\" content=\"COMO CONTACTAR O MUTIC Para quest\u00f5es relacionadas com assist\u00eancia t\u00e9cnica utilize o formul\u00e1rio https:\/\/www.cm-evora.pt\/mutic\/pedido-de-assistencia\/ Para outras quest\u00f5es:\u00a0 Telem\u00f3vel: +351 966 898 270 Email: mutic@cm-evora.pt\u00a0 A funcionar entre as 09h00 e as 17h30 horas (com intervalo entre as 13h00 e as 14h00) nos dias \u00fateis. Aos fins de semana e feriados estar\u00e1 dependente da exist\u00eancia de [&hellip;]\" \/>\n<meta name=\"twitter:label1\" content=\"Tempo estimado de leitura\" \/>\n\t<meta name=\"twitter:data1\" content=\"1 minuto\" \/>\n<script type=\"application\/ld+json\" class=\"yoast-schema-graph\">{\"@context\":\"https:\/\/schema.org\",\"@graph\":[{\"@type\":\"WebPage\",\"@id\":\"https:\/\/www.cm-evora.pt\/mutic\/contatos\/\",\"url\":\"https:\/\/www.cm-evora.pt\/mutic\/contatos\/\",\"name\":\"[:pt]Contactos[:] - Mutic\",\"isPartOf\":{\"@id\":\"https:\/\/www.cm-evora.pt\/mutic\/#website\"},\"datePublished\":\"2021-05-25T16:45:38+00:00\",\"dateModified\":\"2024-09-25T15:26:19+00:00\",\"breadcrumb\":{\"@id\":\"https:\/\/www.cm-evora.pt\/mutic\/contatos\/#breadcrumb\"},\"inLanguage\":\"pt-PT\",\"potentialAction\":[{\"@type\":\"ReadAction\",\"target\":[\"https:\/\/www.cm-evora.pt\/mutic\/contatos\/\"]}]},{\"@type\":\"BreadcrumbList\",\"@id\":\"https:\/\/www.cm-evora.pt\/mutic\/contatos\/#breadcrumb\",\"itemListElement\":[{\"@type\":\"ListItem\",\"position\":1,\"name\":\"In\u00edcio\",\"item\":\"https:\/\/www.cm-evora.pt\/mutic\/\"},{\"@type\":\"ListItem\",\"position\":2,\"name\":\"Contactos\"}]},{\"@type\":\"WebSite\",\"@id\":\"https:\/\/www.cm-evora.pt\/mutic\/#website\",\"url\":\"https:\/\/www.cm-evora.pt\/mutic\/\",\"name\":\"Mutic\",\"description\":\"Munic\u00edpio de \u00c9vora\",\"potentialAction\":[{\"@type\":\"SearchAction\",\"target\":{\"@type\":\"EntryPoint\",\"urlTemplate\":\"https:\/\/www.cm-evora.pt\/mutic\/?s={search_term_string}\"},\"query-input\":{\"@type\":\"PropertyValueSpecification\",\"valueRequired\":true,\"valueName\":\"search_term_string\"}}],\"inLanguage\":\"pt-PT\"}]}<\/script>\n<!-- \/ Yoast SEO plugin. -->","yoast_head_json":{"title":"[:pt]Contactos[:] - Mutic","robots":{"index":"index","follow":"follow","max-snippet":"max-snippet:-1","max-image-preview":"max-image-preview:large","max-video-preview":"max-video-preview:-1"},"canonical":"https:\/\/www.cm-evora.pt\/mutic\/contatos\/","twitter_card":"summary_large_image","twitter_title":"[:pt]Contactos[:] - Mutic","twitter_description":"COMO CONTACTAR O MUTIC Para quest\u00f5es relacionadas com assist\u00eancia t\u00e9cnica utilize o formul\u00e1rio https:\/\/www.cm-evora.pt\/mutic\/pedido-de-assistencia\/ Para outras quest\u00f5es:\u00a0 Telem\u00f3vel: +351 966 898 270 Email: mutic@cm-evora.pt\u00a0 A funcionar entre as 09h00 e as 17h30 horas (com intervalo entre as 13h00 e as 14h00) nos dias \u00fateis. Aos fins de semana e feriados estar\u00e1 dependente da exist\u00eancia de [&hellip;]","twitter_misc":{"Tempo estimado de leitura":"1 minuto"},"schema":{"@context":"https:\/\/schema.org","@graph":[{"@type":"WebPage","@id":"https:\/\/www.cm-evora.pt\/mutic\/contatos\/","url":"https:\/\/www.cm-evora.pt\/mutic\/contatos\/","name":"[:pt]Contactos[:] - Mutic","isPartOf":{"@id":"https:\/\/www.cm-evora.pt\/mutic\/#website"},"datePublished":"2021-05-25T16:45:38+00:00","dateModified":"2024-09-25T15:26:19+00:00","breadcrumb":{"@id":"https:\/\/www.cm-evora.pt\/mutic\/contatos\/#breadcrumb"},"inLanguage":"pt-PT","potentialAction":[{"@type":"ReadAction","target":["https:\/\/www.cm-evora.pt\/mutic\/contatos\/"]}]},{"@type":"BreadcrumbList","@id":"https:\/\/www.cm-evora.pt\/mutic\/contatos\/#breadcrumb","itemListElement":[{"@type":"ListItem","position":1,"name":"In\u00edcio","item":"https:\/\/www.cm-evora.pt\/mutic\/"},{"@type":"ListItem","position":2,"name":"Contactos"}]},{"@type":"WebSite","@id":"https:\/\/www.cm-evora.pt\/mutic\/#website","url":"https:\/\/www.cm-evora.pt\/mutic\/","name":"Mutic","description":"Munic\u00edpio de \u00c9vora","potentialAction":[{"@type":"SearchAction","target":{"@type":"EntryPoint","urlTemplate":"https:\/\/www.cm-evora.pt\/mutic\/?s={search_term_string}"},"query-input":{"@type":"PropertyValueSpecification","valueRequired":true,"valueName":"search_term_string"}}],"inLanguage":"pt-PT"}]}},"_links":{"self":[{"href":"https:\/\/www.cm-evora.pt\/mutic\/wp-json\/wp\/v2\/pages\/10","targetHints":{"allow":["GET"]}}],"collection":[{"href":"https:\/\/www.cm-evora.pt\/mutic\/wp-json\/wp\/v2\/pages"}],"about":[{"href":"https:\/\/www.cm-evora.pt\/mutic\/wp-json\/wp\/v2\/types\/page"}],"author":[{"embeddable":true,"href":"https:\/\/www.cm-evora.pt\/mutic\/wp-json\/wp\/v2\/users\/34"}],"replies":[{"embeddable":true,"href":"https:\/\/www.cm-evora.pt\/mutic\/wp-json\/wp\/v2\/comments?post=10"}],"version-history":[{"count":8,"href":"https:\/\/www.cm-evora.pt\/mutic\/wp-json\/wp\/v2\/pages\/10\/revisions"}],"predecessor-version":[{"id":13371,"href":"https:\/\/www.cm-evora.pt\/mutic\/wp-json\/wp\/v2\/pages\/10\/revisions\/13371"}],"wp:attachment":[{"href":"https:\/\/www.cm-evora.pt\/mutic\/wp-json\/wp\/v2\/media?parent=10"}],"wp:term":[{"taxonomy":"category","embeddable":true,"href":"https:\/\/www.cm-evora.pt\/mutic\/wp-json\/wp\/v2\/categories?post=10"}],"curies":[{"name":"wp","href":"https:\/\/api.w.org\/{rel}","templated":true}]}}