{"id":12,"date":"2021-05-25T16:47:09","date_gmt":"2021-05-25T16:47:09","guid":{"rendered":"https:\/\/www.cm-evora.pt\/mutic\/?page_id=12"},"modified":"2021-06-21T16:25:46","modified_gmt":"2021-06-21T16:25:46","slug":"acerca-de","status":"publish","type":"page","link":"https:\/\/www.cm-evora.pt\/mutic\/acerca-de\/","title":{"rendered":"Acerca de"},"content":{"rendered":"<p>Na depend\u00eancia da Divis\u00e3o de Inform\u00e1tica e Tecnologias da Informa\u00e7\u00e3o, a Unidade de Apoio Tecnol\u00f3gico do Concelho de \u00c9vora (MuTIC) \u00e9 exclusivamente vocacionada para intervir em problemas inform\u00e1ticos e tecnol\u00f3gicos pretendendo dar uma resposta r\u00e1pida e eficaz \u00e0s solicita\u00e7\u00f5es, com particular incid\u00eancia nas Escolas B\u00e1sicas do 1\u00ba ciclo, Jardins de Inf\u00e2ncia e Juntas de Freguesia. \u00c9, no entanto, tamb\u00e9m prestado apoio a outras iniciativas e agentes do munic\u00edpio.<\/p>\n<p>O crescimento do parque inform\u00e1tico nos estabelecimentos de ensino, nos servi\u00e7os externos e agentes da autarquia nos \u00faltimos anos refor\u00e7a a vontade do Munic\u00edpio de \u00c9vora em manter uma solu\u00e7\u00e3o para apoio tecnol\u00f3gico e inform\u00e1tico mais flex\u00edvel e aut\u00f3noma.<\/p>\n<p>A funcionar desde 2006, o MuTIC renova agora a sua miss\u00e3o, passando a estar mais perto e com a preocupa\u00e7\u00e3o de apoiar informaticamente os seus agentes, tentando fomentar uma cultura tecnol\u00f3gica suportada no trabalho em rede.<\/p>","protected":false},"excerpt":{"rendered":"<p>Na depend\u00eancia da Divis\u00e3o de Inform\u00e1tica e Tecnologias da Informa\u00e7\u00e3o, a Unidade de Apoio Tecnol\u00f3gico do Concelho de \u00c9vora (MuTIC) \u00e9 exclusivamente vocacionada para intervir em problemas inform\u00e1ticos e tecnol\u00f3gicos pretendendo dar uma resposta r\u00e1pida e eficaz \u00e0s solicita\u00e7\u00f5es, com particular incid\u00eancia nas Escolas B\u00e1sicas do 1\u00ba ciclo, Jardins de Inf\u00e2ncia e Juntas de Freguesia. [&hellip;]<\/p>\n","protected":false},"author":34,"featured_media":0,"parent":0,"menu_order":0,"comment_status":"closed","ping_status":"closed","template":"templates-map\/component-text-layout1.php","meta":{"_acf_changed":false,"footnotes":""},"categories":[],"class_list":["post-12","page","type-page","status-publish","hentry"],"acf":[],"yoast_head":"<!-- This site is optimized with the Yoast SEO plugin v25.9 - https:\/\/yoast.com\/wordpress\/plugins\/seo\/ -->\n<title>Acerca de - Mutic<\/title>\n<meta name=\"description\" content=\"Na depend\u00eancia da Divis\u00e3o de Inform\u00e1tica e Tecnologias da Informa\u00e7\u00e3o, a Unidade de Apoio Tecnol\u00f3gico do Concelho de \u00c9vora (MuTIC) \u00e9 exclusivamente vocacionada para intervir em problemas inform\u00e1ticos e tecnol\u00f3gicos pretendendo dar uma resposta r\u00e1pida e eficaz \u00e0s solicita\u00e7\u00f5es, com particular incid\u00eancia nas Escolas B\u00e1sicas do 1\u00ba ciclo, Jardins de Inf\u00e2ncia e Juntas de Freguesia.\" \/>\n<meta name=\"robots\" content=\"index, follow, max-snippet:-1, max-image-preview:large, max-video-preview:-1\" \/>\n<link rel=\"canonical\" href=\"https:\/\/www.cm-evora.pt\/mutic\/acerca-de\/\" \/>\n<meta name=\"twitter:card\" content=\"summary_large_image\" \/>\n<meta name=\"twitter:title\" content=\"[:pt]Acerca de[:] - Mutic\" \/>\n<meta name=\"twitter:description\" content=\"Na depend\u00eancia da Divis\u00e3o de Inform\u00e1tica e Tecnologias da Informa\u00e7\u00e3o, a Unidade de Apoio Tecnol\u00f3gico do Concelho de \u00c9vora (MuTIC) \u00e9 exclusivamente vocacionada para intervir em problemas inform\u00e1ticos e tecnol\u00f3gicos pretendendo dar uma resposta r\u00e1pida e eficaz \u00e0s solicita\u00e7\u00f5es, com particular incid\u00eancia nas Escolas B\u00e1sicas do 1\u00ba ciclo, Jardins de Inf\u00e2ncia e Juntas de Freguesia.\" \/>\n<meta name=\"twitter:label1\" content=\"Tempo estimado de leitura\" \/>\n\t<meta name=\"twitter:data1\" content=\"1 minuto\" \/>\n<script type=\"application\/ld+json\" class=\"yoast-schema-graph\">{\"@context\":\"https:\/\/schema.org\",\"@graph\":[{\"@type\":\"WebPage\",\"@id\":\"https:\/\/www.cm-evora.pt\/mutic\/acerca-de\/\",\"url\":\"https:\/\/www.cm-evora.pt\/mutic\/acerca-de\/\",\"name\":\"[:pt]Acerca de[:] - Mutic\",\"isPartOf\":{\"@id\":\"https:\/\/www.cm-evora.pt\/mutic\/#website\"},\"datePublished\":\"2021-05-25T16:47:09+00:00\",\"dateModified\":\"2021-06-21T16:25:46+00:00\",\"description\":\"Na depend\u00eancia da Divis\u00e3o de Inform\u00e1tica e Tecnologias da Informa\u00e7\u00e3o, a Unidade de Apoio Tecnol\u00f3gico do Concelho de \u00c9vora (MuTIC) \u00e9 exclusivamente vocacionada para intervir em problemas inform\u00e1ticos e tecnol\u00f3gicos pretendendo dar uma resposta r\u00e1pida e eficaz \u00e0s solicita\u00e7\u00f5es, com particular incid\u00eancia nas Escolas B\u00e1sicas do 1\u00ba ciclo, Jardins de Inf\u00e2ncia e Juntas de Freguesia.\",\"breadcrumb\":{\"@id\":\"https:\/\/www.cm-evora.pt\/mutic\/acerca-de\/#breadcrumb\"},\"inLanguage\":\"pt-PT\",\"potentialAction\":[{\"@type\":\"ReadAction\",\"target\":[\"https:\/\/www.cm-evora.pt\/mutic\/acerca-de\/\"]}]},{\"@type\":\"BreadcrumbList\",\"@id\":\"https:\/\/www.cm-evora.pt\/mutic\/acerca-de\/#breadcrumb\",\"itemListElement\":[{\"@type\":\"ListItem\",\"position\":1,\"name\":\"In\u00edcio\",\"item\":\"https:\/\/www.cm-evora.pt\/mutic\/\"},{\"@type\":\"ListItem\",\"position\":2,\"name\":\"Acerca de\"}]},{\"@type\":\"WebSite\",\"@id\":\"https:\/\/www.cm-evora.pt\/mutic\/#website\",\"url\":\"https:\/\/www.cm-evora.pt\/mutic\/\",\"name\":\"Mutic\",\"description\":\"Munic\u00edpio de \u00c9vora\",\"potentialAction\":[{\"@type\":\"SearchAction\",\"target\":{\"@type\":\"EntryPoint\",\"urlTemplate\":\"https:\/\/www.cm-evora.pt\/mutic\/?s={search_term_string}\"},\"query-input\":{\"@type\":\"PropertyValueSpecification\",\"valueRequired\":true,\"valueName\":\"search_term_string\"}}],\"inLanguage\":\"pt-PT\"}]}<\/script>\n<!-- \/ Yoast SEO plugin. -->","yoast_head_json":{"title":"[:pt]Acerca de[:] - Mutic","description":"Na depend\u00eancia da Divis\u00e3o de Inform\u00e1tica e Tecnologias da Informa\u00e7\u00e3o, a Unidade de Apoio Tecnol\u00f3gico do Concelho de \u00c9vora (MuTIC) \u00e9 exclusivamente vocacionada para intervir em problemas inform\u00e1ticos e tecnol\u00f3gicos pretendendo dar uma resposta r\u00e1pida e eficaz \u00e0s solicita\u00e7\u00f5es, com particular incid\u00eancia nas Escolas B\u00e1sicas do 1\u00ba ciclo, Jardins de Inf\u00e2ncia e Juntas de Freguesia.","robots":{"index":"index","follow":"follow","max-snippet":"max-snippet:-1","max-image-preview":"max-image-preview:large","max-video-preview":"max-video-preview:-1"},"canonical":"https:\/\/www.cm-evora.pt\/mutic\/acerca-de\/","twitter_card":"summary_large_image","twitter_title":"[:pt]Acerca de[:] - Mutic","twitter_description":"Na depend\u00eancia da Divis\u00e3o de Inform\u00e1tica e Tecnologias da Informa\u00e7\u00e3o, a Unidade de Apoio Tecnol\u00f3gico do Concelho de \u00c9vora (MuTIC) \u00e9 exclusivamente vocacionada para intervir em problemas inform\u00e1ticos e tecnol\u00f3gicos pretendendo dar uma resposta r\u00e1pida e eficaz \u00e0s solicita\u00e7\u00f5es, com particular incid\u00eancia nas Escolas B\u00e1sicas do 1\u00ba ciclo, Jardins de Inf\u00e2ncia e Juntas de Freguesia.","twitter_misc":{"Tempo estimado de leitura":"1 minuto"},"schema":{"@context":"https:\/\/schema.org","@graph":[{"@type":"WebPage","@id":"https:\/\/www.cm-evora.pt\/mutic\/acerca-de\/","url":"https:\/\/www.cm-evora.pt\/mutic\/acerca-de\/","name":"[:pt]Acerca de[:] - Mutic","isPartOf":{"@id":"https:\/\/www.cm-evora.pt\/mutic\/#website"},"datePublished":"2021-05-25T16:47:09+00:00","dateModified":"2021-06-21T16:25:46+00:00","description":"Na depend\u00eancia da Divis\u00e3o de Inform\u00e1tica e Tecnologias da Informa\u00e7\u00e3o, a Unidade de Apoio Tecnol\u00f3gico do Concelho de \u00c9vora (MuTIC) \u00e9 exclusivamente vocacionada para intervir em problemas inform\u00e1ticos e tecnol\u00f3gicos pretendendo dar uma resposta r\u00e1pida e eficaz \u00e0s solicita\u00e7\u00f5es, com particular incid\u00eancia nas Escolas B\u00e1sicas do 1\u00ba ciclo, Jardins de Inf\u00e2ncia e Juntas de Freguesia.","breadcrumb":{"@id":"https:\/\/www.cm-evora.pt\/mutic\/acerca-de\/#breadcrumb"},"inLanguage":"pt-PT","potentialAction":[{"@type":"ReadAction","target":["https:\/\/www.cm-evora.pt\/mutic\/acerca-de\/"]}]},{"@type":"BreadcrumbList","@id":"https:\/\/www.cm-evora.pt\/mutic\/acerca-de\/#breadcrumb","itemListElement":[{"@type":"ListItem","position":1,"name":"In\u00edcio","item":"https:\/\/www.cm-evora.pt\/mutic\/"},{"@type":"ListItem","position":2,"name":"Acerca de"}]},{"@type":"WebSite","@id":"https:\/\/www.cm-evora.pt\/mutic\/#website","url":"https:\/\/www.cm-evora.pt\/mutic\/","name":"Mutic","description":"Munic\u00edpio de \u00c9vora","potentialAction":[{"@type":"SearchAction","target":{"@type":"EntryPoint","urlTemplate":"https:\/\/www.cm-evora.pt\/mutic\/?s={search_term_string}"},"query-input":{"@type":"PropertyValueSpecification","valueRequired":true,"valueName":"search_term_string"}}],"inLanguage":"pt-PT"}]}},"_links":{"self":[{"href":"https:\/\/www.cm-evora.pt\/mutic\/wp-json\/wp\/v2\/pages\/12","targetHints":{"allow":["GET"]}}],"collection":[{"href":"https:\/\/www.cm-evora.pt\/mutic\/wp-json\/wp\/v2\/pages"}],"about":[{"href":"https:\/\/www.cm-evora.pt\/mutic\/wp-json\/wp\/v2\/types\/page"}],"author":[{"embeddable":true,"href":"https:\/\/www.cm-evora.pt\/mutic\/wp-json\/wp\/v2\/users\/34"}],"replies":[{"embeddable":true,"href":"https:\/\/www.cm-evora.pt\/mutic\/wp-json\/wp\/v2\/comments?post=12"}],"version-history":[{"count":3,"href":"https:\/\/www.cm-evora.pt\/mutic\/wp-json\/wp\/v2\/pages\/12\/revisions"}],"predecessor-version":[{"id":105,"href":"https:\/\/www.cm-evora.pt\/mutic\/wp-json\/wp\/v2\/pages\/12\/revisions\/105"}],"wp:attachment":[{"href":"https:\/\/www.cm-evora.pt\/mutic\/wp-json\/wp\/v2\/media?parent=12"}],"wp:term":[{"taxonomy":"category","embeddable":true,"href":"https:\/\/www.cm-evora.pt\/mutic\/wp-json\/wp\/v2\/categories?post=12"}],"curies":[{"name":"wp","href":"https:\/\/api.w.org\/{rel}","templated":true}]}}