{"id":17,"date":"2021-05-26T09:22:53","date_gmt":"2021-05-26T09:22:53","guid":{"rendered":"https:\/\/www.cm-evora.pt\/mutic\/?page_id=17"},"modified":"2021-06-21T16:05:17","modified_gmt":"2021-06-21T16:05:17","slug":"missao","status":"publish","type":"page","link":"https:\/\/www.cm-evora.pt\/mutic\/missao\/","title":{"rendered":"Miss\u00e3o"},"content":{"rendered":"<p>A nossa Miss\u00e3o<\/p>\n<p>A Unidade MuTIC inicia agora uma nova etapa da sua exist\u00eancia. Com este projeto a autarquia de \u00c9vora conseguiu aproximar-se da comunidade, contribuindo para a igualdade de oportunidades, para que o saber informar-se e compreender os mecanismos de produ\u00e7\u00e3o e de difus\u00e3o da informa\u00e7\u00e3o, em especial com recurso a meios tecnol\u00f3gicos, fosse acess\u00edvel a todos. Pode dizer-se que contribuiu assim para uma real progress\u00e3o na sociedade de informa\u00e7\u00e3o, j\u00e1 que os estabelecimentos de ensino e as freguesias, principais utentes do MuTIC, consistem hoje grandes motores de desenvolvimento social.<\/p>\n<p>O trabalho n\u00e3o se cingiu apenas \u00e0 assist\u00eancia t\u00e9cnica. Foi toda uma a\u00e7\u00e3o de educar para a cidadania digital, com a plena consci\u00eancia da import\u00e2ncia que esta representa uma pr\u00e1tica educativa global. A aposta no apoio t\u00e9cnico aos agentes do concelho \u00e9 j\u00e1 uma aposta ganha e para continuar. Existem, contudo, novos desafios que teremos que enfrentar.<\/p>\n<p>Continuaremos a apostar nas boas pr\u00e1ticas, nomeadamente nas preocupa\u00e7\u00f5es ambientais que estiveram na base da nossa &#8220;ades\u00e3o ao verde&#8221;, comummente intitulada &#8220;going green&#8221;. Temos, ao longo dos anos efetuado uma campanha de recolha de REEE&#8217;S &#8211; Res\u00edduos de equipamento el\u00e9trico e eletr\u00f3nico &#8211; junto dos estabelecimentos de ensino, nos quais foram recolhidos e re-assemblados, ou enviados para tratamento e reciclagem. Hoje contamos com pr\u00e1ticas correntes neste sentido e queremos evoluir para outras preocupa\u00e7\u00f5es de ordem ambiental, relacionadas, por exemplo, com o consumo de energia ou com a reciclagem de consum\u00edveis.<\/p>\n<p>O MuTIC continuar\u00e1 a sua atua\u00e7\u00e3o, em modelos semelhantes aos praticados at\u00e9 aqui, agindo como uma unidade de apoio e assist\u00eancia t\u00e9cnica aos equipamentos tecnol\u00f3gicos das escolas e jardins de inf\u00e2ncia, assim como aos equipamentos administrativos das Juntas de Freguesia. Manter\u00e1 tamb\u00e9m as suas val\u00eancias de apoio a iniciativas e eventos.<\/p>\n<p>\u201cOs problemas que temos de enfrentar n\u00e3o podem ser superados no quadro do n\u00edvel de pensamento que existia quando foram criados\u201d Albert Einstein<\/p>","protected":false},"excerpt":{"rendered":"<p>A nossa Miss\u00e3o A Unidade MuTIC inicia agora uma nova etapa da sua exist\u00eancia. Com este projeto a autarquia de \u00c9vora conseguiu aproximar-se da comunidade, contribuindo para a igualdade de oportunidades, para que o saber informar-se e compreender os mecanismos de produ\u00e7\u00e3o e de difus\u00e3o da informa\u00e7\u00e3o, em especial com recurso a meios tecnol\u00f3gicos, fosse [&hellip;]<\/p>\n","protected":false},"author":34,"featured_media":0,"parent":0,"menu_order":0,"comment_status":"closed","ping_status":"closed","template":"templates-map\/component-text-layout1.php","meta":{"_acf_changed":false,"footnotes":""},"categories":[],"class_list":["post-17","page","type-page","status-publish","hentry"],"acf":[],"yoast_head":"<!-- This site is optimized with the Yoast SEO plugin v25.9 - https:\/\/yoast.com\/wordpress\/plugins\/seo\/ -->\n<title>Miss\u00e3o - Mutic<\/title>\n<meta name=\"robots\" content=\"index, follow, max-snippet:-1, max-image-preview:large, max-video-preview:-1\" \/>\n<link rel=\"canonical\" href=\"https:\/\/www.cm-evora.pt\/mutic\/missao\/\" \/>\n<meta name=\"twitter:card\" content=\"summary_large_image\" \/>\n<meta name=\"twitter:title\" content=\"[:pt]Miss\u00e3o[:] - Mutic\" \/>\n<meta name=\"twitter:description\" content=\"A nossa Miss\u00e3o A Unidade MuTIC inicia agora uma nova etapa da sua exist\u00eancia. Com este projeto a autarquia de \u00c9vora conseguiu aproximar-se da comunidade, contribuindo para a igualdade de oportunidades, para que o saber informar-se e compreender os mecanismos de produ\u00e7\u00e3o e de difus\u00e3o da informa\u00e7\u00e3o, em especial com recurso a meios tecnol\u00f3gicos, fosse [&hellip;]\" \/>\n<meta name=\"twitter:label1\" content=\"Tempo estimado de leitura\" \/>\n\t<meta name=\"twitter:data1\" content=\"2 minutos\" \/>\n<script type=\"application\/ld+json\" class=\"yoast-schema-graph\">{\"@context\":\"https:\/\/schema.org\",\"@graph\":[{\"@type\":\"WebPage\",\"@id\":\"https:\/\/www.cm-evora.pt\/mutic\/missao\/\",\"url\":\"https:\/\/www.cm-evora.pt\/mutic\/missao\/\",\"name\":\"[:pt]Miss\u00e3o[:] - Mutic\",\"isPartOf\":{\"@id\":\"https:\/\/www.cm-evora.pt\/mutic\/#website\"},\"datePublished\":\"2021-05-26T09:22:53+00:00\",\"dateModified\":\"2021-06-21T16:05:17+00:00\",\"breadcrumb\":{\"@id\":\"https:\/\/www.cm-evora.pt\/mutic\/missao\/#breadcrumb\"},\"inLanguage\":\"pt-PT\",\"potentialAction\":[{\"@type\":\"ReadAction\",\"target\":[\"https:\/\/www.cm-evora.pt\/mutic\/missao\/\"]}]},{\"@type\":\"BreadcrumbList\",\"@id\":\"https:\/\/www.cm-evora.pt\/mutic\/missao\/#breadcrumb\",\"itemListElement\":[{\"@type\":\"ListItem\",\"position\":1,\"name\":\"In\u00edcio\",\"item\":\"https:\/\/www.cm-evora.pt\/mutic\/\"},{\"@type\":\"ListItem\",\"position\":2,\"name\":\"Miss\u00e3o\"}]},{\"@type\":\"WebSite\",\"@id\":\"https:\/\/www.cm-evora.pt\/mutic\/#website\",\"url\":\"https:\/\/www.cm-evora.pt\/mutic\/\",\"name\":\"Mutic\",\"description\":\"Munic\u00edpio de \u00c9vora\",\"potentialAction\":[{\"@type\":\"SearchAction\",\"target\":{\"@type\":\"EntryPoint\",\"urlTemplate\":\"https:\/\/www.cm-evora.pt\/mutic\/?s={search_term_string}\"},\"query-input\":{\"@type\":\"PropertyValueSpecification\",\"valueRequired\":true,\"valueName\":\"search_term_string\"}}],\"inLanguage\":\"pt-PT\"}]}<\/script>\n<!-- \/ Yoast SEO plugin. -->","yoast_head_json":{"title":"[:pt]Miss\u00e3o[:] - Mutic","robots":{"index":"index","follow":"follow","max-snippet":"max-snippet:-1","max-image-preview":"max-image-preview:large","max-video-preview":"max-video-preview:-1"},"canonical":"https:\/\/www.cm-evora.pt\/mutic\/missao\/","twitter_card":"summary_large_image","twitter_title":"[:pt]Miss\u00e3o[:] - Mutic","twitter_description":"A nossa Miss\u00e3o A Unidade MuTIC inicia agora uma nova etapa da sua exist\u00eancia. Com este projeto a autarquia de \u00c9vora conseguiu aproximar-se da comunidade, contribuindo para a igualdade de oportunidades, para que o saber informar-se e compreender os mecanismos de produ\u00e7\u00e3o e de difus\u00e3o da informa\u00e7\u00e3o, em especial com recurso a meios tecnol\u00f3gicos, fosse [&hellip;]","twitter_misc":{"Tempo estimado de leitura":"2 minutos"},"schema":{"@context":"https:\/\/schema.org","@graph":[{"@type":"WebPage","@id":"https:\/\/www.cm-evora.pt\/mutic\/missao\/","url":"https:\/\/www.cm-evora.pt\/mutic\/missao\/","name":"[:pt]Miss\u00e3o[:] - Mutic","isPartOf":{"@id":"https:\/\/www.cm-evora.pt\/mutic\/#website"},"datePublished":"2021-05-26T09:22:53+00:00","dateModified":"2021-06-21T16:05:17+00:00","breadcrumb":{"@id":"https:\/\/www.cm-evora.pt\/mutic\/missao\/#breadcrumb"},"inLanguage":"pt-PT","potentialAction":[{"@type":"ReadAction","target":["https:\/\/www.cm-evora.pt\/mutic\/missao\/"]}]},{"@type":"BreadcrumbList","@id":"https:\/\/www.cm-evora.pt\/mutic\/missao\/#breadcrumb","itemListElement":[{"@type":"ListItem","position":1,"name":"In\u00edcio","item":"https:\/\/www.cm-evora.pt\/mutic\/"},{"@type":"ListItem","position":2,"name":"Miss\u00e3o"}]},{"@type":"WebSite","@id":"https:\/\/www.cm-evora.pt\/mutic\/#website","url":"https:\/\/www.cm-evora.pt\/mutic\/","name":"Mutic","description":"Munic\u00edpio de \u00c9vora","potentialAction":[{"@type":"SearchAction","target":{"@type":"EntryPoint","urlTemplate":"https:\/\/www.cm-evora.pt\/mutic\/?s={search_term_string}"},"query-input":{"@type":"PropertyValueSpecification","valueRequired":true,"valueName":"search_term_string"}}],"inLanguage":"pt-PT"}]}},"_links":{"self":[{"href":"https:\/\/www.cm-evora.pt\/mutic\/wp-json\/wp\/v2\/pages\/17","targetHints":{"allow":["GET"]}}],"collection":[{"href":"https:\/\/www.cm-evora.pt\/mutic\/wp-json\/wp\/v2\/pages"}],"about":[{"href":"https:\/\/www.cm-evora.pt\/mutic\/wp-json\/wp\/v2\/types\/page"}],"author":[{"embeddable":true,"href":"https:\/\/www.cm-evora.pt\/mutic\/wp-json\/wp\/v2\/users\/34"}],"replies":[{"embeddable":true,"href":"https:\/\/www.cm-evora.pt\/mutic\/wp-json\/wp\/v2\/comments?post=17"}],"version-history":[{"count":2,"href":"https:\/\/www.cm-evora.pt\/mutic\/wp-json\/wp\/v2\/pages\/17\/revisions"}],"predecessor-version":[{"id":115,"href":"https:\/\/www.cm-evora.pt\/mutic\/wp-json\/wp\/v2\/pages\/17\/revisions\/115"}],"wp:attachment":[{"href":"https:\/\/www.cm-evora.pt\/mutic\/wp-json\/wp\/v2\/media?parent=17"}],"wp:term":[{"taxonomy":"category","embeddable":true,"href":"https:\/\/www.cm-evora.pt\/mutic\/wp-json\/wp\/v2\/categories?post=17"}],"curies":[{"name":"wp","href":"https:\/\/api.w.org\/{rel}","templated":true}]}}