{"id":21,"date":"2021-08-26T09:23:33","date_gmt":"2021-08-26T09:23:33","guid":{"rendered":"https:\/\/www.cm-evora.pt\/mutic\/?page_id=21"},"modified":"2024-09-25T15:24:33","modified_gmt":"2024-09-25T15:24:33","slug":"suporte-e-faqs","status":"publish","type":"page","link":"https:\/\/www.cm-evora.pt\/mutic\/suporte-e-faqs\/","title":{"rendered":"Suporte e Faq\u00b4s"},"content":{"rendered":"<p><\/p>\n<h2><strong>Assist\u00eancia MuTIC<\/strong><\/h2>\n<p><strong>Como pedir ajuda ao MuTIC?\u00a0 \u00a0<\/strong><\/p>\n<p>O projeto MuTIC, nomeadamente a sua unidade m\u00f3vel, poder\u00e3o ser contactados de v\u00e1rias formas, nomeadamente atrav\u00e9s da sua linha direta com o n\u00famero 966898270, do seu email mutic@cm-evora.pt ou atrav\u00e9s do formul\u00e1rio de pedido de assist\u00eancia existente no seu site.<\/p>\n<p>&nbsp;<\/p>\n<p><strong>O que fazer antes de ligar para pedir assist\u00eancia \u00e0 equipa MuTIC?<\/strong><\/p>\n<p>Antes de efetuar\u00a0um pedido de ajuda ao MuTIC dever\u00e3o ser tidos em conta alguns aspetos que depender\u00e3o da natureza da dificuldade encontrada.<\/p>\n<p>Para aspetos relacionados com mau funcionamento de equipamentos ser\u00e1 aconselh\u00e1vel uma verifica\u00e7\u00e3o pr\u00e9via \u00e0s liga\u00e7\u00f5es el\u00e9tricas\u00a0assim como aos restantes cabos de forma a assegurar que n\u00e3o se trata apenas de um problema de liga\u00e7\u00e3o. No caso de falta de sinal Internet ser\u00e1 ainda aconselh\u00e1vel desligar o Router (equipamento junto aos PC&#8217;s ou em arm\u00e1rio bastidor com leds coloridos) durante alguns segundos e voltar a ligar efetuando-se o teste cerca de tr\u00eas minutos mais tarde.<\/p>\n<p>Relativamente a problemas de arranque dos Pc&#8217;s poder\u00e1 ser efetuado o arranque em Modo de Seguran\u00e7a (clicando-se na tecla F8 na altura em que computador inicia o seu arranque) e ap\u00f3s o t\u00e9rmino deste arranque com sucesso reiniciar em modo normal para verificar a corre\u00e7\u00e3o\u00a0dos problemas existentes.<\/p>\n<p>Para aspetos relacionados com impress\u00e3o, ser\u00e1 importante verificar o estado do papel (evitar folhas velhas ou h\u00famidas), dos tinteiros e a exist\u00eancia de pedidos de impress\u00e3o bloqueados. Aconselha-se a entrada no PC com um utilizador Administrador (no caso das escolas, por exemplo, o utilizador ESCOLA) e a execu\u00e7\u00e3o do comando &#8220;Cancelar Pedidos de Impress\u00e3o&#8221; procedendo-se assim \u00e0 limpeza de pedidos em fila de espera. Ap\u00f3s esta opera\u00e7\u00e3o ser\u00e1 conveniente reiniciar o equipamento.<\/p>\n<p>Outra verifica\u00e7\u00e3o pode passar por desligar a ficha USB da impressora e, ap\u00f3s 5 segundos, voltar a ligar e deixar o Pc proceder \u00e0 reinstala\u00e7\u00e3o do equipamento de impress\u00e3o.<\/p>\n<p>Por \u00faltimo, um dos problemas mais comuns prende-se com a\u00a0atualiza\u00e7\u00e3o de Antiv\u00edrus ou de Firewalls. Neste caso aconselha-se a entrada no PC com um utilizador Administrador (no caso das escolas, por exemplo, o utilizador ESCOLA), seguida de uma atualiza\u00e7\u00e3o do Antiv\u00edrus ou da ativa\u00e7\u00e3o manual das atualiza\u00e7\u00f5es assim como da ativa\u00e7\u00e3o da Firewall.<\/p>\n<p>&nbsp;<\/p>\n<h2>Utilizadores e Passwords<\/h2>\n<p><strong>Para que servem as passwords?<\/strong><\/p>\n<p>Uma senha (password) em qualquer sistema computacional, serve para autenticar o utilizador, ou seja, a password garante que determinado indiv\u00edduo que utiliza um servi\u00e7o \u00e9 ele mesmo. Se fornecer a sua password para uma outra pessoa, esta poder\u00e1 utiliz\u00e1-la em seu nome. Portanto, a password merece uma considera\u00e7\u00e3o especial, afinal, ela \u00e9 de sua inteira responsabilidade.<br \/>\nUma boa password deve ter pelo menos oito caracteres (letras, n\u00fameros e s\u00edmbolos), deve ser simples de introduzir e, o mais importante, deve ser f\u00e1cil de lembrar. Normalmente os sistemas diferenciam letras mai\u00fasculas das min\u00fasculas o que j\u00e1 ajuda na cria\u00e7\u00e3o da password. Claro que o apelido, n\u00fameros de documentos, matr\u00edculas de carros, n\u00fameros de telefones e datas dever\u00e3o estar exclu\u00eddas das suas listas de passwords, pois este tipo de dados s\u00e3o muito f\u00e1ceis de se obter.<\/p>\n<p>&nbsp;<\/p>","protected":false},"excerpt":{"rendered":"<p>Assist\u00eancia MuTIC Como pedir ajuda ao MuTIC?\u00a0 \u00a0 O projeto MuTIC, nomeadamente a sua unidade m\u00f3vel, poder\u00e3o ser contactados de v\u00e1rias formas, nomeadamente atrav\u00e9s da sua linha direta com o n\u00famero 966898270, do seu email mutic@cm-evora.pt ou atrav\u00e9s do formul\u00e1rio de pedido de assist\u00eancia existente no seu site. &nbsp; O que fazer antes de ligar [&hellip;]<\/p>\n","protected":false},"author":34,"featured_media":0,"parent":0,"menu_order":0,"comment_status":"closed","ping_status":"closed","template":"templates-map\/component-text-layout1.php","meta":{"_acf_changed":false,"footnotes":""},"categories":[],"class_list":["post-21","page","type-page","status-publish","hentry"],"acf":[],"yoast_head":"<!-- This site is optimized with the Yoast SEO plugin v25.9 - https:\/\/yoast.com\/wordpress\/plugins\/seo\/ -->\n<title>Suporte e Faq\u00b4s - Mutic<\/title>\n<meta name=\"robots\" content=\"index, follow, max-snippet:-1, max-image-preview:large, max-video-preview:-1\" \/>\n<link rel=\"canonical\" href=\"https:\/\/www.cm-evora.pt\/mutic\/suporte-e-faqs\/\" \/>\n<meta name=\"twitter:card\" content=\"summary_large_image\" \/>\n<meta name=\"twitter:title\" content=\"[:pt]Suporte e Faq\u00b4s[:] - Mutic\" \/>\n<meta name=\"twitter:description\" content=\"Assist\u00eancia MuTIC Como pedir ajuda ao MuTIC?\u00a0 \u00a0 O projeto MuTIC, nomeadamente a sua unidade m\u00f3vel, poder\u00e3o ser contactados de v\u00e1rias formas, nomeadamente atrav\u00e9s da sua linha direta com o n\u00famero 966898270, do seu email mutic@cm-evora.pt ou atrav\u00e9s do formul\u00e1rio de pedido de assist\u00eancia existente no seu site. &nbsp; O que fazer antes de ligar [&hellip;]\" \/>\n<meta name=\"twitter:label1\" content=\"Tempo estimado de leitura\" \/>\n\t<meta name=\"twitter:data1\" content=\"3 minutos\" \/>\n<script type=\"application\/ld+json\" class=\"yoast-schema-graph\">{\"@context\":\"https:\/\/schema.org\",\"@graph\":[{\"@type\":\"WebPage\",\"@id\":\"https:\/\/www.cm-evora.pt\/mutic\/suporte-e-faqs\/\",\"url\":\"https:\/\/www.cm-evora.pt\/mutic\/suporte-e-faqs\/\",\"name\":\"[:pt]Suporte e Faq\u00b4s[:] - Mutic\",\"isPartOf\":{\"@id\":\"https:\/\/www.cm-evora.pt\/mutic\/#website\"},\"datePublished\":\"2021-08-26T09:23:33+00:00\",\"dateModified\":\"2024-09-25T15:24:33+00:00\",\"breadcrumb\":{\"@id\":\"https:\/\/www.cm-evora.pt\/mutic\/suporte-e-faqs\/#breadcrumb\"},\"inLanguage\":\"pt-PT\",\"potentialAction\":[{\"@type\":\"ReadAction\",\"target\":[\"https:\/\/www.cm-evora.pt\/mutic\/suporte-e-faqs\/\"]}]},{\"@type\":\"BreadcrumbList\",\"@id\":\"https:\/\/www.cm-evora.pt\/mutic\/suporte-e-faqs\/#breadcrumb\",\"itemListElement\":[{\"@type\":\"ListItem\",\"position\":1,\"name\":\"In\u00edcio\",\"item\":\"https:\/\/www.cm-evora.pt\/mutic\/\"},{\"@type\":\"ListItem\",\"position\":2,\"name\":\"Suporte e Faq\u00b4s\"}]},{\"@type\":\"WebSite\",\"@id\":\"https:\/\/www.cm-evora.pt\/mutic\/#website\",\"url\":\"https:\/\/www.cm-evora.pt\/mutic\/\",\"name\":\"Mutic\",\"description\":\"Munic\u00edpio de \u00c9vora\",\"potentialAction\":[{\"@type\":\"SearchAction\",\"target\":{\"@type\":\"EntryPoint\",\"urlTemplate\":\"https:\/\/www.cm-evora.pt\/mutic\/?s={search_term_string}\"},\"query-input\":{\"@type\":\"PropertyValueSpecification\",\"valueRequired\":true,\"valueName\":\"search_term_string\"}}],\"inLanguage\":\"pt-PT\"}]}<\/script>\n<!-- \/ Yoast SEO plugin. -->","yoast_head_json":{"title":"[:pt]Suporte e Faq\u00b4s[:] - Mutic","robots":{"index":"index","follow":"follow","max-snippet":"max-snippet:-1","max-image-preview":"max-image-preview:large","max-video-preview":"max-video-preview:-1"},"canonical":"https:\/\/www.cm-evora.pt\/mutic\/suporte-e-faqs\/","twitter_card":"summary_large_image","twitter_title":"[:pt]Suporte e Faq\u00b4s[:] - Mutic","twitter_description":"Assist\u00eancia MuTIC Como pedir ajuda ao MuTIC?\u00a0 \u00a0 O projeto MuTIC, nomeadamente a sua unidade m\u00f3vel, poder\u00e3o ser contactados de v\u00e1rias formas, nomeadamente atrav\u00e9s da sua linha direta com o n\u00famero 966898270, do seu email mutic@cm-evora.pt ou atrav\u00e9s do formul\u00e1rio de pedido de assist\u00eancia existente no seu site. &nbsp; O que fazer antes de ligar [&hellip;]","twitter_misc":{"Tempo estimado de leitura":"3 minutos"},"schema":{"@context":"https:\/\/schema.org","@graph":[{"@type":"WebPage","@id":"https:\/\/www.cm-evora.pt\/mutic\/suporte-e-faqs\/","url":"https:\/\/www.cm-evora.pt\/mutic\/suporte-e-faqs\/","name":"[:pt]Suporte e Faq\u00b4s[:] - Mutic","isPartOf":{"@id":"https:\/\/www.cm-evora.pt\/mutic\/#website"},"datePublished":"2021-08-26T09:23:33+00:00","dateModified":"2024-09-25T15:24:33+00:00","breadcrumb":{"@id":"https:\/\/www.cm-evora.pt\/mutic\/suporte-e-faqs\/#breadcrumb"},"inLanguage":"pt-PT","potentialAction":[{"@type":"ReadAction","target":["https:\/\/www.cm-evora.pt\/mutic\/suporte-e-faqs\/"]}]},{"@type":"BreadcrumbList","@id":"https:\/\/www.cm-evora.pt\/mutic\/suporte-e-faqs\/#breadcrumb","itemListElement":[{"@type":"ListItem","position":1,"name":"In\u00edcio","item":"https:\/\/www.cm-evora.pt\/mutic\/"},{"@type":"ListItem","position":2,"name":"Suporte e Faq\u00b4s"}]},{"@type":"WebSite","@id":"https:\/\/www.cm-evora.pt\/mutic\/#website","url":"https:\/\/www.cm-evora.pt\/mutic\/","name":"Mutic","description":"Munic\u00edpio de \u00c9vora","potentialAction":[{"@type":"SearchAction","target":{"@type":"EntryPoint","urlTemplate":"https:\/\/www.cm-evora.pt\/mutic\/?s={search_term_string}"},"query-input":{"@type":"PropertyValueSpecification","valueRequired":true,"valueName":"search_term_string"}}],"inLanguage":"pt-PT"}]}},"_links":{"self":[{"href":"https:\/\/www.cm-evora.pt\/mutic\/wp-json\/wp\/v2\/pages\/21","targetHints":{"allow":["GET"]}}],"collection":[{"href":"https:\/\/www.cm-evora.pt\/mutic\/wp-json\/wp\/v2\/pages"}],"about":[{"href":"https:\/\/www.cm-evora.pt\/mutic\/wp-json\/wp\/v2\/types\/page"}],"author":[{"embeddable":true,"href":"https:\/\/www.cm-evora.pt\/mutic\/wp-json\/wp\/v2\/users\/34"}],"replies":[{"embeddable":true,"href":"https:\/\/www.cm-evora.pt\/mutic\/wp-json\/wp\/v2\/comments?post=21"}],"version-history":[{"count":10,"href":"https:\/\/www.cm-evora.pt\/mutic\/wp-json\/wp\/v2\/pages\/21\/revisions"}],"predecessor-version":[{"id":13370,"href":"https:\/\/www.cm-evora.pt\/mutic\/wp-json\/wp\/v2\/pages\/21\/revisions\/13370"}],"wp:attachment":[{"href":"https:\/\/www.cm-evora.pt\/mutic\/wp-json\/wp\/v2\/media?parent=21"}],"wp:term":[{"taxonomy":"category","embeddable":true,"href":"https:\/\/www.cm-evora.pt\/mutic\/wp-json\/wp\/v2\/categories?post=21"}],"curies":[{"name":"wp","href":"https:\/\/api.w.org\/{rel}","templated":true}]}}